{"id":29459,"date":"2025-11-06T11:25:38","date_gmt":"2025-11-06T09:25:38","guid":{"rendered":"https:\/\/zamuletas.lt\/cart\/"},"modified":"2025-11-30T22:10:59","modified_gmt":"2025-11-30T20:10:59","slug":"cart","status":"publish","type":"page","link":"https:\/\/zamuletas.lt\/en\/cart\/","title":{"rendered":"Cart"},"content":{"rendered":"<div class=\"woocommerce\"><div class=\"woocommerce-notices-wrapper\"><\/div><div class=\"wc-empty-cart-message\">\n\t<div class=\"cart-empty woocommerce-info\" role=\"status\">\n\t\tYour cart is currently empty.\t<\/div>\n<\/div>\t\t<p class=\"cart-empty wd-empty-page wc-empty-cart-message\">\n\t\t\tYour cart is currently empty.\t\t<\/p>\n\t\t\t\t\t\t<div class=\"wd-empty-page-text\">\n\t\t\t\tPrie\u0161 pereidami prie atsiskaitymo, turite \u012fd\u0117ti kelet\u0105 produkt\u0173 \u012f savo pirkini\u0173 krep\u0161el\u012f. M\u016bs\u0173 \u201eParduotuv\u0117\u201c puslapyje rasite daug \u012fdomi\u0173 produkt\u0173.\t\t\t<\/div>\n\t\t\t\t<p class=\"return-to-shop\">\n\t\t<a class=\"button wc-backward\" href=\"https:\/\/zamuletas.lt\/en\/shop\/\">\n\t\t\tReturn to shop\t\t<\/a>\n\t<\/p>\n<\/div>\n","protected":false},"excerpt":{"rendered":"","protected":false},"author":1,"featured_media":0,"parent":0,"menu_order":0,"comment_status":"closed","ping_status":"closed","template":"","meta":{"footnotes":""},"class_list":["post-29459","page","type-page","status-publish","hentry"],"_hostinger_reach_plugin_has_subscription_block":false,"_hostinger_reach_plugin_is_elementor":false,"_links":{"self":[{"href":"https:\/\/zamuletas.lt\/en\/wp-json\/wp\/v2\/pages\/29459","targetHints":{"allow":["GET"]}}],"collection":[{"href":"https:\/\/zamuletas.lt\/en\/wp-json\/wp\/v2\/pages"}],"about":[{"href":"https:\/\/zamuletas.lt\/en\/wp-json\/wp\/v2\/types\/page"}],"author":[{"embeddable":true,"href":"https:\/\/zamuletas.lt\/en\/wp-json\/wp\/v2\/users\/1"}],"replies":[{"embeddable":true,"href":"https:\/\/zamuletas.lt\/en\/wp-json\/wp\/v2\/comments?post=29459"}],"version-history":[{"count":1,"href":"https:\/\/zamuletas.lt\/en\/wp-json\/wp\/v2\/pages\/29459\/revisions"}],"predecessor-version":[{"id":29476,"href":"https:\/\/zamuletas.lt\/en\/wp-json\/wp\/v2\/pages\/29459\/revisions\/29476"}],"wp:attachment":[{"href":"https:\/\/zamuletas.lt\/en\/wp-json\/wp\/v2\/media?parent=29459"}],"curies":[{"name":"wp","href":"https:\/\/api.w.org\/{rel}","templated":true}]}}