{"id":29770,"date":"2021-10-12T16:27:24","date_gmt":"2021-10-12T13:27:24","guid":{"rendered":"https:\/\/zamuletas.lt\/contact\/"},"modified":"2025-12-01T17:45:20","modified_gmt":"2025-12-01T15:45:20","slug":"contact","status":"publish","type":"page","link":"https:\/\/zamuletas.lt\/en\/contact\/","title":{"rendered":"Contact"},"content":{"rendered":"<h4\t\t\t\t\t\tclass=\"info-box-title title box-title-style-default wd-fontsize-m\" data-elementor-setting-key=\"title\">\n\t\t\t\t\t\t\t\tKontaktai\t\t\t\t\t\t<\/h4>\n<p>Pilkapio g. 15, Kernav\u0117, \u0160irvint\u0173 raj., LT-19172<\/p>\n<p>Pa\u0161tas: <a href=\"mailto:info@zamuletas.lt\">info@zamuletas.lt<\/a><\/p>\n<p>Tel: +37062877337<\/p>\n<h4>Rekvizitai<\/h4>\n<p>UAB Aido logistika<\/p>\n<p>\u012em. k. 302908400<\/p>\n<p>PVM kodas LT100007254518<\/p>\n<p>\t\t\t<a  href=\"https:\/\/zamuletas.lt\/en\/about-us\/\"><br \/>\n\t\t\t\t\tApie mus<br \/>\n\t\t\t\t\t\t\t<\/a>\n\t\t\t\t\t\t<link rel=\"stylesheet\" id=\"elementor-post-4452-css\" href=\"https:\/\/zamuletas.lt\/wp-content\/uploads\/elementor\/css\/post-4452.css?ver=1764603920\" type=\"text\/css\" media=\"all\">\n","protected":false},"excerpt":{"rendered":"<p>Kontaktai Pilkapio g. 15, Kernav\u0117, \u0160irvint\u0173 raj., LT-19172 Pa\u0161tas: info@zamuletas.lt Tel: +37062877337 Rekvizitai UAB Aido logistika \u012em. k. 302908400 PVM<\/p>\n","protected":false},"author":1,"featured_media":0,"parent":0,"menu_order":0,"comment_status":"closed","ping_status":"closed","template":"","meta":{"footnotes":""},"class_list":["post-29770","page","type-page","status-publish","hentry"],"_hostinger_reach_plugin_has_subscription_block":false,"_hostinger_reach_plugin_is_elementor":false,"_links":{"self":[{"href":"https:\/\/zamuletas.lt\/en\/wp-json\/wp\/v2\/pages\/29770","targetHints":{"allow":["GET"]}}],"collection":[{"href":"https:\/\/zamuletas.lt\/en\/wp-json\/wp\/v2\/pages"}],"about":[{"href":"https:\/\/zamuletas.lt\/en\/wp-json\/wp\/v2\/types\/page"}],"author":[{"embeddable":true,"href":"https:\/\/zamuletas.lt\/en\/wp-json\/wp\/v2\/users\/1"}],"replies":[{"embeddable":true,"href":"https:\/\/zamuletas.lt\/en\/wp-json\/wp\/v2\/comments?post=29770"}],"version-history":[{"count":2,"href":"https:\/\/zamuletas.lt\/en\/wp-json\/wp\/v2\/pages\/29770\/revisions"}],"predecessor-version":[{"id":29772,"href":"https:\/\/zamuletas.lt\/en\/wp-json\/wp\/v2\/pages\/29770\/revisions\/29772"}],"wp:attachment":[{"href":"https:\/\/zamuletas.lt\/en\/wp-json\/wp\/v2\/media?parent=29770"}],"curies":[{"name":"wp","href":"https:\/\/api.w.org\/{rel}","templated":true}]}}