{"id":29773,"date":"2021-08-26T12:26:53","date_gmt":"2021-08-26T09:26:53","guid":{"rendered":"https:\/\/zamuletas.lt\/wishlist\/"},"modified":"2025-12-01T17:48:32","modified_gmt":"2025-12-01T15:48:32","slug":"wishlist","status":"publish","type":"page","link":"https:\/\/zamuletas.lt\/en\/wishlist\/","title":{"rendered":"Wishlist"},"content":{"rendered":"\t\t\n\t\t\n\n\t\t\t\t<div class=\"\" >\n\t\t\t\t\t\t<div class=\"wd-wishlist-content\">\n\t\t\t\t\t\t\t\t\t\t\t\n\t\t<p class=\"wd-empty-wishlist wd-empty-page\">\n\t\t\tThis wishlist is empty.\t\t<\/p>\n\n\t\t\t\t\t<div class=\"wd-empty-page-text\">\n\t\t\t\tJ\u016bs\u0173 nor\u0173 s\u0105ra\u0161e dar n\u0117ra joki\u0173 produkt\u0173. M\u016bs\u0173 \u201eParduotuv\u0117\u201c puslapyje rasite daug \u012fdomi\u0173 produkt\u0173.\t\t\t<\/div>\n\t\t\n\t\t\n\t\t\t\t\t<p class=\"return-to-shop\">\n\t\t\t\t<a class=\"button\" href=\"https:\/\/zamuletas.lt\/en\/shop\/\">\n\t\t\t\t\tReturn to shop\t\t\t\t<\/a>\n\t\t\t<\/p>\n\t\t\t\t\t\t\t\t\t\t\t<\/div>\n\t\t\t\t<\/div>\n\t\t\n","protected":false},"excerpt":{"rendered":"","protected":false},"author":1,"featured_media":0,"parent":0,"menu_order":0,"comment_status":"closed","ping_status":"closed","template":"","meta":{"footnotes":""},"class_list":["post-29773","page","type-page","status-publish","hentry"],"_hostinger_reach_plugin_has_subscription_block":false,"_hostinger_reach_plugin_is_elementor":false,"_links":{"self":[{"href":"https:\/\/zamuletas.lt\/en\/wp-json\/wp\/v2\/pages\/29773","targetHints":{"allow":["GET"]}}],"collection":[{"href":"https:\/\/zamuletas.lt\/en\/wp-json\/wp\/v2\/pages"}],"about":[{"href":"https:\/\/zamuletas.lt\/en\/wp-json\/wp\/v2\/types\/page"}],"author":[{"embeddable":true,"href":"https:\/\/zamuletas.lt\/en\/wp-json\/wp\/v2\/users\/1"}],"replies":[{"embeddable":true,"href":"https:\/\/zamuletas.lt\/en\/wp-json\/wp\/v2\/comments?post=29773"}],"version-history":[{"count":1,"href":"https:\/\/zamuletas.lt\/en\/wp-json\/wp\/v2\/pages\/29773\/revisions"}],"predecessor-version":[{"id":29774,"href":"https:\/\/zamuletas.lt\/en\/wp-json\/wp\/v2\/pages\/29773\/revisions\/29774"}],"wp:attachment":[{"href":"https:\/\/zamuletas.lt\/en\/wp-json\/wp\/v2\/media?parent=29773"}],"curies":[{"name":"wp","href":"https:\/\/api.w.org\/{rel}","templated":true}]}}