{"id":29023,"date":"2025-11-13T13:10:56","date_gmt":"2025-11-13T13:10:56","guid":{"rendered":"https:\/\/zamuletas.lt\/?post_type=product&#038;p=29023"},"modified":"2026-02-24T15:27:05","modified_gmt":"2026-02-24T13:27:05","slug":"perkuno-amuleto-apyranke","status":"publish","type":"product","link":"https:\/\/zamuletas.lt\/en\/produktas\/perkuno-amuleto-apyranke\/","title":{"rendered":"Dvipus\u0117 \u017ealvarin\u0117 Perk\u016bno amuleto apyrank\u0117 \u201eGyvyb\u0117s Medis\u201c"},"content":{"rendered":"<p data-path-to-node=\"13\"><b>Perk\u016bno J\u0117ga ir Gyvyb\u0117s T\u0117km\u0117<\/b><\/p>\n<p data-path-to-node=\"14\">\u0160is amuletas \u2013 tai galingas balt\u0173 simbolikos derinys, skirtas tiems, kurie ie\u0161ko stipryb\u0117s ir dvasin\u0117s apsaugos. Amuletas yra <b>dvipusis<\/b>, tod\u0117l pasi\u017eymi solidumu, svoriu ir i\u0161baigtumu i\u0161 abiej\u0173 pusi\u0173.<\/p>\n<p data-path-to-node=\"15\"><b>Simbolika: Gyvyb\u0117s Medis ir \u017dal\u010diai<\/b> Pagrindinis motyvas \u2013 <b>Gyvyb\u0117s medis<\/b>, kur\u012f meni\u0161kai suformuoja susijung\u0119 \u017eal\u010diukai.<\/p>\n<ul data-path-to-node=\"16\">\n<li>\n<p data-path-to-node=\"16,0,0\"><b>Perk\u016bnas:<\/b> Amuletas siejamas su Perk\u016bnu \u2013 teisingumo, ugnies ir griaustinio dievu, kuris saugo pasaul\u012f nuo tamsi\u0173 j\u0117g\u0173.<\/p>\n<\/li>\n<li>\n<p data-path-to-node=\"16,1,0\"><b>\u017dal\u010diai:<\/b> Tai gyvyb\u0117s, atsinaujinimo ir nam\u0173 apsaugos simbolis. Susivij\u0119 \u012f med\u012f, jie sukuria <b>am\u017eino gyvenimo rat\u0105<\/b>, sujungiant\u012f praeit\u012f, dabart\u012f ir ateit\u012f.<\/p>\n<\/li>\n<li>\n<p data-path-to-node=\"16,2,0\"><b>Apsauga:<\/b> Tikima, kad \u0161is simbolis veikia kaip skydas nuo \u201eblogo \u017evilgsnio\u201c, pavydo ir pikt\u0173 ketinim\u0173.<\/p>\n<\/li>\n<\/ul>\n<p data-path-to-node=\"17\"><b>Rank\u0173 darbas ir Med\u017eiagos<\/b> Kiekvienas papuo\u0161alas gaminamas rankomis, u\u017etikrinant auk\u0161\u010diausi\u0105 kokyb\u0119. Galite rinktis:<\/p>\n<ul data-path-to-node=\"18\">\n<li>\n<p data-path-to-node=\"18,0,0\"><b>\u017dalvar\u012f:<\/b> Suteikia autenti\u0161k\u0105, senovin\u012f auksin\u012f spindes\u012f.<\/p>\n<\/li>\n<li>\n<p data-path-to-node=\"18,1,0\"><b>Pasidabruot\u0105 \u017ealvar\u012f:<\/b> Suteikia eleganti\u0161k\u0105 sidabro spalv\u0105.<\/p>\n<\/li>\n<\/ul>\n<p data-path-to-node=\"19\">Amuletas tvirtinamas ant <b>makrame apyrank\u0117s<\/b>, kuri yra pinta rankomis i\u0161 patvari\u0173 si\u016bl\u0173.<\/p>\n<p data-path-to-node=\"20\"><b>Patogumas kiekvienam<\/b> Apyrank\u0117 yra universalaus dyd\u017eio. D\u0117l slankiojan\u010di\u0173 mazg\u0173 sistemos, j\u0105 lengva u\u017esid\u0117ti ir reguliuoti pagal rie\u0161o apimt\u012f (nuo 50 mm iki 90 mm). Puikiai tinka tiek vyrams, tiek moterims.<\/p>\n<p data-path-to-node=\"20\">Dvipus\u0117 \u017ealvarin\u0117 Perk\u016bno amuleto apyrank\u0117 \u201eGyvyb\u0117s Medis\u201c<\/p>\n","protected":false},"excerpt":{"rendered":"<p>\u0160is <b>dvipusis<\/b> rank\u0173 darbo amuletas sujungia Perk\u016bno j\u0117g\u0105 ir Gyvyb\u0117s med\u017eio i\u0161mint\u012f. Susipyn\u0119 \u017eal\u010diai formuoja am\u017eino gyvenimo rat\u0105, saugant\u012f nuo blog\u0173 \u017evilgsni\u0173 ir neigiamos energijos. Dvipus\u0117 \u017ealvarin\u0117 Perk\u016bno amuleto apyrank\u0117 \u201eGyvyb\u0117s Medis\u201c<\/p>\n<p><img loading=\"lazy\" decoding=\"async\" class=\"aligncenter wp-image-29601 size-full\" src=\"https:\/\/zamuletas.lt\/wp-content\/uploads\/2025\/12\/Pagaminta-Lietuvoje-2.png\" alt=\"\" width=\"600\" height=\"200\" srcset=\"https:\/\/zamuletas.lt\/wp-content\/uploads\/2025\/12\/Pagaminta-Lietuvoje-2.png 600w, https:\/\/zamuletas.lt\/wp-content\/uploads\/2025\/12\/Pagaminta-Lietuvoje-2-430x143.png 430w, https:\/\/zamuletas.lt\/wp-content\/uploads\/2025\/12\/Pagaminta-Lietuvoje-2-150x50.png 150w, https:\/\/zamuletas.lt\/wp-content\/uploads\/2025\/12\/Pagaminta-Lietuvoje-2-400x133.png 400w\" sizes=\"auto, (max-width: 600px) 100vw, 600px\" \/><\/p>\n","protected":false},"featured_media":29024,"comment_status":"open","ping_status":"closed","template":"","meta":[],"product_brand":[],"product_cat":[75],"product_tag":[],"class_list":{"0":"post-29023","1":"product","2":"type-product","3":"status-publish","4":"has-post-thumbnail","6":"product_cat-apyrankes","8":"first","9":"instock","10":"taxable","11":"shipping-taxable","12":"purchasable","13":"product-type-variable"},"_links":{"self":[{"href":"https:\/\/zamuletas.lt\/en\/wp-json\/wp\/v2\/product\/29023","targetHints":{"allow":["GET"]}}],"collection":[{"href":"https:\/\/zamuletas.lt\/en\/wp-json\/wp\/v2\/product"}],"about":[{"href":"https:\/\/zamuletas.lt\/en\/wp-json\/wp\/v2\/types\/product"}],"replies":[{"embeddable":true,"href":"https:\/\/zamuletas.lt\/en\/wp-json\/wp\/v2\/comments?post=29023"}],"version-history":[{"count":8,"href":"https:\/\/zamuletas.lt\/en\/wp-json\/wp\/v2\/product\/29023\/revisions"}],"predecessor-version":[{"id":30795,"href":"https:\/\/zamuletas.lt\/en\/wp-json\/wp\/v2\/product\/29023\/revisions\/30795"}],"wp:featuredmedia":[{"embeddable":true,"href":"https:\/\/zamuletas.lt\/en\/wp-json\/wp\/v2\/media\/29024"}],"wp:attachment":[{"href":"https:\/\/zamuletas.lt\/en\/wp-json\/wp\/v2\/media?parent=29023"}],"wp:term":[{"taxonomy":"product_brand","embeddable":true,"href":"https:\/\/zamuletas.lt\/en\/wp-json\/wp\/v2\/product_brand?post=29023"},{"taxonomy":"product_cat","embeddable":true,"href":"https:\/\/zamuletas.lt\/en\/wp-json\/wp\/v2\/product_cat?post=29023"},{"taxonomy":"product_tag","embeddable":true,"href":"https:\/\/zamuletas.lt\/en\/wp-json\/wp\/v2\/product_tag?post=29023"}],"curies":[{"name":"wp","href":"https:\/\/api.w.org\/{rel}","templated":true}]}}