{"id":29092,"date":"2025-11-19T16:40:27","date_gmt":"2025-11-19T14:40:27","guid":{"rendered":"https:\/\/zamuletas.lt\/?post_type=product&#038;p=29092"},"modified":"2026-03-19T14:23:02","modified_gmt":"2026-03-19T12:23:02","slug":"a11-a11-ag","status":"publish","type":"product","link":"https:\/\/zamuletas.lt\/en\/produktas\/a11-a11-ag\/","title":{"rendered":"Apyrank\u0117 &#8220;Balt\u0173 Saul\u0117s ratas&#8221;"},"content":{"rendered":"<p data-path-to-node=\"10\"><b>Apsauga ir am\u017einasis ratas: Balt\u0173 simbolika<\/b><\/p>\n<p data-path-to-node=\"11\">Apyrank\u0117 &#8220;Balt\u0173 Saul\u0117s ratas&#8221;. \u0160i rank\u0173 darbo apyrank\u0117 su senoviniu Saul\u0117s amuletu \u2013 tai ne tik stilingas aksesuaras, bet ir galingas asmeninis sargas. Sukurta remiantis giliomis tradicijomis, ji skirta tiems, kurie ie\u0161ko harmonijos ir apsaugos kasdieniame gyvenime.<\/p>\n<p data-path-to-node=\"12\"><b>Simbolin\u0117 prasm\u0117<\/b> Amuleto dizainas pasakoja ypating\u0105 istorij\u0105. Jo centre susijungia <b>keturios Balt\u0173 \u017eem\u0117s (pusm\u0117nulio formos)<\/b>. \u0160i kompozicija sudaro <b>am\u017eino gyvenimo rat\u0105<\/b>, simbolizuojant\u012f gamtos cikli\u0161kum\u0105, vienyb\u0119 ir t\u0119stinum\u0105. Tikima, kad toks amuletas veikia kaip skydas \u2013 saugo \u0161eiminink\u0105 nuo pavyduoli\u0173, \u201eblog\u0173 \u017evilgsni\u0173\u201c ir neigiamos energijos sraut\u0173.<\/p>\n<p data-path-to-node=\"13\"><b>Med\u017eiagos ir gamyba<\/b><\/p>\n<ul data-path-to-node=\"14\">\n<li>\n<p data-path-to-node=\"14,0,0\"><b>Amuletas:<\/b> pagamintas i\u0161 <b>\u017ealvario<\/b>, kuris pasi\u017eymi ilgaam\u017ei\u0161kumu ir \u0161iltu, senoviniu spindesiu.<\/p>\n<\/li>\n<li>\n<p data-path-to-node=\"14,1,0\"><b>Apyrank\u0117:<\/b> pinta rankomis, naudojant <strong>M<\/strong><b>akrame technik\u0105<\/b>. Si\u016blai yra tvirti, ta\u010diau \u0161veln\u016bs odai, tod\u0117l apyrank\u0119 malonu d\u0117v\u0117ti vis\u0105 dien\u0105.<\/p>\n<\/li>\n<\/ul>\n<p data-path-to-node=\"15\"><b>Universalumas ir patogumas<\/b> Apyrank\u0117 sukurta taip, kad tikt\u0173 kiekvienam. D\u0117ka slankiojan\u010di\u0173 mazg\u0173 sistemos, jos dydis yra lengvai reguliuojamas:<\/p>\n<ul data-path-to-node=\"16\">\n<li>\n<p data-path-to-node=\"16,0,0\"><b>Dydis:<\/b> tempiant virveles \u012f \u0161onus, apyrank\u0119 galima pritaikyti rie\u0161ui nuo 50 mm iki 90 mm.<\/p>\n<\/li>\n<li>\n<p data-path-to-node=\"16,1,0\"><b>Unisex:<\/b> minimalistinis ir prasmingas dizainas puikiai tinka tiek vyrams, tiek moterims.<\/p>\n<\/li>\n<\/ul>\n","protected":false},"excerpt":{"rendered":"<p>Atraskite senov\u0117s i\u0161mint\u012f su \u0161ia rank\u0173 darbo apyranke. \u017dalvarinis Saul\u0117s amuletas, sudarytas i\u0161 keturi\u0173 Balt\u0173 \u017eemi\u0173 (pusm\u0117nulio form\u0173), simbolizuoja am\u017eino gyvenimo rat\u0105 ir saugo nuo blog\u0173 \u017evilgsni\u0173 bei neigiamos energijos. Apyrank\u0117 &#8220;Balt\u0173 Saul\u0117s ratas&#8221;<\/p>\n<p><img loading=\"lazy\" decoding=\"async\" class=\"aligncenter wp-image-29601 size-full\" src=\"https:\/\/zamuletas.lt\/wp-content\/uploads\/2025\/12\/Pagaminta-Lietuvoje-2.png\" alt=\"\" width=\"600\" height=\"200\" srcset=\"https:\/\/zamuletas.lt\/wp-content\/uploads\/2025\/12\/Pagaminta-Lietuvoje-2.png 600w, https:\/\/zamuletas.lt\/wp-content\/uploads\/2025\/12\/Pagaminta-Lietuvoje-2-430x143.png 430w, https:\/\/zamuletas.lt\/wp-content\/uploads\/2025\/12\/Pagaminta-Lietuvoje-2-150x50.png 150w, https:\/\/zamuletas.lt\/wp-content\/uploads\/2025\/12\/Pagaminta-Lietuvoje-2-400x133.png 400w\" sizes=\"auto, (max-width: 600px) 100vw, 600px\" \/><\/p>\n","protected":false},"featured_media":29093,"comment_status":"open","ping_status":"closed","template":"","meta":[],"product_brand":[],"product_cat":[75],"product_tag":[],"class_list":{"0":"post-29092","1":"product","2":"type-product","3":"status-publish","4":"has-post-thumbnail","6":"product_cat-apyrankes","8":"first","9":"instock","10":"taxable","11":"shipping-taxable","12":"purchasable","13":"product-type-variable"},"_links":{"self":[{"href":"https:\/\/zamuletas.lt\/en\/wp-json\/wp\/v2\/product\/29092","targetHints":{"allow":["GET"]}}],"collection":[{"href":"https:\/\/zamuletas.lt\/en\/wp-json\/wp\/v2\/product"}],"about":[{"href":"https:\/\/zamuletas.lt\/en\/wp-json\/wp\/v2\/types\/product"}],"replies":[{"embeddable":true,"href":"https:\/\/zamuletas.lt\/en\/wp-json\/wp\/v2\/comments?post=29092"}],"version-history":[{"count":7,"href":"https:\/\/zamuletas.lt\/en\/wp-json\/wp\/v2\/product\/29092\/revisions"}],"predecessor-version":[{"id":30793,"href":"https:\/\/zamuletas.lt\/en\/wp-json\/wp\/v2\/product\/29092\/revisions\/30793"}],"wp:featuredmedia":[{"embeddable":true,"href":"https:\/\/zamuletas.lt\/en\/wp-json\/wp\/v2\/media\/29093"}],"wp:attachment":[{"href":"https:\/\/zamuletas.lt\/en\/wp-json\/wp\/v2\/media?parent=29092"}],"wp:term":[{"taxonomy":"product_brand","embeddable":true,"href":"https:\/\/zamuletas.lt\/en\/wp-json\/wp\/v2\/product_brand?post=29092"},{"taxonomy":"product_cat","embeddable":true,"href":"https:\/\/zamuletas.lt\/en\/wp-json\/wp\/v2\/product_cat?post=29092"},{"taxonomy":"product_tag","embeddable":true,"href":"https:\/\/zamuletas.lt\/en\/wp-json\/wp\/v2\/product_tag?post=29092"}],"curies":[{"name":"wp","href":"https:\/\/api.w.org\/{rel}","templated":true}]}}