{"id":29095,"date":"2025-11-19T16:43:49","date_gmt":"2025-11-19T14:43:49","guid":{"rendered":"https:\/\/zamuletas.lt\/?post_type=product&#038;p=29095"},"modified":"2026-04-07T08:21:14","modified_gmt":"2026-04-07T05:21:14","slug":"a12-a12-ag-senovine-apyranke-zalciu-pasaga","status":"publish","type":"product","link":"https:\/\/zamuletas.lt\/en\/produktas\/a12-a12-ag-senovine-apyranke-zalciu-pasaga\/","title":{"rendered":"Senovin\u0117 apyrank\u0117 \u201e\u017dal\u010di\u0173 pasaga\u201c"},"content":{"rendered":"<p data-path-to-node=\"13\"><b>Dviguba apsauga: \u017ealtys ir pasaga<\/b><\/p>\n<p data-path-to-node=\"14\">Senovin\u0117 apyrank\u0117 \u201e\u017dal\u010di\u0173 pasaga\u201c. \u0160i rank\u0173 darbo apyrank\u0117 yra ne tik papuo\u0161alas, bet ir senovin\u0117s i\u0161minties \u012fk\u016bnijimas. Jos dizainas \u2013 atvira pasagos forma, sukurta i\u0161 meni\u0161kai susipynusi\u0173 \u017eal\u010di\u0173 k\u016bn\u0173 \u2013 turi gili\u0105 simbolin\u0119 prasm\u0119.<\/p>\n<p data-path-to-node=\"15\"><b>Simbolika ir galia<\/b><\/p>\n<ul data-path-to-node=\"16\">\n<li>\n<p data-path-to-node=\"16,0,0\"><b>\u017dal\u010diai:<\/b> Balt\u0173 mitologijoje \u017ealtys yra \u0161ventas gyv\u016bnas, nam\u0173 sargas, gyvyb\u0117s ir i\u0161minties simbolis. Tikima, kad \u017ealtys saugo nuo nelaimi\u0173 ir suteikia \u0161eimininkui intuicijos.<\/p>\n<\/li>\n<li>\n<p data-path-to-node=\"16,1,0\"><b>Pasagos forma:<\/b> tai vienas seniausi\u0173 s\u0117km\u0117s ir apsaugos simboli\u0173.<\/p>\n<\/li>\n<li>\n<p data-path-to-node=\"16,2,0\"><b>Apsauga:<\/b> susijung\u0119 \u0161ie simboliai sukuria galing\u0105 energetin\u012f barjer\u0105, saugant\u012f nuo \u201eblogo \u017evilgsnio\u201c, pavydo ir neigiamos aplinkos \u012ftakos.<\/p>\n<\/li>\n<\/ul>\n<p data-path-to-node=\"17\"><b>Med\u017eiagos ir kokyb\u0117<\/b> Apyrank\u0117 yra tvirta ir ilgaam\u017e\u0117. Priklausomai nuo J\u016bs\u0173 pasirinkimo, ji gali b\u016bti pagaminta i\u0161:<\/p>\n<ul data-path-to-node=\"18\">\n<li>\n<p data-path-to-node=\"18,0,0\"><b>\u017dalvario:<\/b> suteikia \u0161ilt\u0105, auksin\u012f atspalv\u012f ir senovin\u012f poj\u016bt\u012f.<\/p>\n<\/li>\n<li>\n<p data-path-to-node=\"18,1,0\"><b>Pasidabruoto \u017ealvario:<\/b> suteikia taur\u0173 sidabro spindes\u012f ir elegancij\u0105.<\/p>\n<\/li>\n<\/ul>\n<p data-path-to-node=\"19\"><b>Dydis ir stilius<\/b> Apyrank\u0117 yra <b>63 mm skersmens<\/b>, tod\u0117l puikiai tinka vidutiniam rie\u0161ui. Jos solidus, ta\u010diau plasti\u0161kas dizainas puikiai dera tiek prie vyri\u0161ko, tiek prie moteri\u0161ko stiliaus, suteikdamas \u012fvaizd\u017eiui unikalumo ir istorinio \u017eavesio.<\/p>\n","protected":false},"excerpt":{"rendered":"<p>\u0160i i\u0161skirtin\u0117 rank\u0173 darbo apyrank\u0117 sujungia du galingus simbolius: susipynusius \u017eal\u010dius ir pasagos form\u0105. Tai stiprus amuletas, saugantis nuo blog\u0173 \u017evilgsni\u0173, neigiamos energijos ir ne\u0161antis s\u0117km\u0119. Senovin\u0117 apyrank\u0117 \u201e\u017dal\u010di\u0173 pasaga\u201c<\/p>\n<p><img loading=\"lazy\" decoding=\"async\" class=\"aligncenter wp-image-29601 size-full\" src=\"https:\/\/zamuletas.lt\/wp-content\/uploads\/2025\/12\/Pagaminta-Lietuvoje-2.png\" alt=\"\" width=\"600\" height=\"200\" srcset=\"https:\/\/zamuletas.lt\/wp-content\/uploads\/2025\/12\/Pagaminta-Lietuvoje-2.png 600w, https:\/\/zamuletas.lt\/wp-content\/uploads\/2025\/12\/Pagaminta-Lietuvoje-2-430x143.png 430w, https:\/\/zamuletas.lt\/wp-content\/uploads\/2025\/12\/Pagaminta-Lietuvoje-2-150x50.png 150w, https:\/\/zamuletas.lt\/wp-content\/uploads\/2025\/12\/Pagaminta-Lietuvoje-2-400x133.png 400w\" sizes=\"auto, (max-width: 600px) 100vw, 600px\" \/><\/p>\n","protected":false},"featured_media":29096,"comment_status":"open","ping_status":"closed","template":"","meta":[],"product_brand":[],"product_cat":[75],"product_tag":[],"class_list":{"0":"post-29095","1":"product","2":"type-product","3":"status-publish","4":"has-post-thumbnail","6":"product_cat-apyrankes","8":"first","9":"instock","10":"taxable","11":"shipping-taxable","12":"purchasable","13":"product-type-variable"},"_links":{"self":[{"href":"https:\/\/zamuletas.lt\/en\/wp-json\/wp\/v2\/product\/29095","targetHints":{"allow":["GET"]}}],"collection":[{"href":"https:\/\/zamuletas.lt\/en\/wp-json\/wp\/v2\/product"}],"about":[{"href":"https:\/\/zamuletas.lt\/en\/wp-json\/wp\/v2\/types\/product"}],"replies":[{"embeddable":true,"href":"https:\/\/zamuletas.lt\/en\/wp-json\/wp\/v2\/comments?post=29095"}],"version-history":[{"count":7,"href":"https:\/\/zamuletas.lt\/en\/wp-json\/wp\/v2\/product\/29095\/revisions"}],"predecessor-version":[{"id":30792,"href":"https:\/\/zamuletas.lt\/en\/wp-json\/wp\/v2\/product\/29095\/revisions\/30792"}],"wp:featuredmedia":[{"embeddable":true,"href":"https:\/\/zamuletas.lt\/en\/wp-json\/wp\/v2\/media\/29096"}],"wp:attachment":[{"href":"https:\/\/zamuletas.lt\/en\/wp-json\/wp\/v2\/media?parent=29095"}],"wp:term":[{"taxonomy":"product_brand","embeddable":true,"href":"https:\/\/zamuletas.lt\/en\/wp-json\/wp\/v2\/product_brand?post=29095"},{"taxonomy":"product_cat","embeddable":true,"href":"https:\/\/zamuletas.lt\/en\/wp-json\/wp\/v2\/product_cat?post=29095"},{"taxonomy":"product_tag","embeddable":true,"href":"https:\/\/zamuletas.lt\/en\/wp-json\/wp\/v2\/product_tag?post=29095"}],"curies":[{"name":"wp","href":"https:\/\/api.w.org\/{rel}","templated":true}]}}