{"id":29129,"date":"2025-11-19T23:40:39","date_gmt":"2025-11-19T21:40:39","guid":{"rendered":"https:\/\/zamuletas.lt\/?post_type=product&#038;p=29129"},"modified":"2026-02-24T15:18:23","modified_gmt":"2026-02-24T13:18:23","slug":"pasidabruota-baltu-smeige-centre-zeme","status":"publish","type":"product","link":"https:\/\/zamuletas.lt\/en\/produktas\/pasidabruota-baltu-smeige-centre-zeme\/","title":{"rendered":"Pasidabruota Balt\u0173 smeig\u0117 \u201eCentre \u017dem\u0117\u201c"},"content":{"rendered":"<p data-path-to-node=\"13\"><b>Balti\u0161ka elegancija ir \u017dem\u0117s j\u0117ga<\/b><\/p>\n<p data-path-to-node=\"14\">Pasidabruota Balt\u0173 smeig\u0117 \u201eCentre \u017dem\u0117\u201c. \u0160i rank\u0173 darbo smeig\u0117 \u2013 tai subtilus, ta\u010diau prasmingas aksesuaras, \u012fkv\u0117ptas sen\u0173j\u0173 balt\u0173 papuo\u0161al\u0173. Jos centre dominuoja <b>\u017dem\u0117s simbolis<\/b>, kuris nuo seno siejamas su stabilumu, vaisingumu, tvirtu pagrindu ir nam\u0173 jaukumu.<\/p>\n<p data-path-to-node=\"15\"><b>Med\u017eiagos ir kokyb\u0117<\/b> Smeig\u0117 pagaminta i\u0161 tvirto \u017ealvario ir <b>padengta sidabru<\/b>.<\/p>\n<ul data-path-to-node=\"16\">\n<li>\n<p data-path-to-node=\"16,0,0\"><b>Estetika:<\/b> pasidabravimas suteikia gaminiui taur\u0173, \u0161vies\u0173 spindes\u012f, kuris puikiai i\u0161ry\u0161k\u0117ja ant tamsesni\u0173 audini\u0173 (vilnos, lino).<\/p>\n<\/li>\n<li>\n<p data-path-to-node=\"16,1,0\"><b>Konstrukcija:<\/b> 90 mm ilgio adata yra tvirta, bet ne per stora, tod\u0117l saugiai susegsite tiek plonesnius \u0161alikus, tiek storesnius megztinius ar skraistes.<\/p>\n<\/li>\n<\/ul>\n<p data-path-to-node=\"17\"><b>Prakti\u0161kumas ir stilius<\/b> Su <b>7 gram\u0173<\/b> svoriu, \u0161i smeig\u0117 yra pakankamai lengva, kad nei\u0161tampyt\u0173 audinio, bet pakankamai solidi, kad tvirtai laikyt\u0173si.<\/p>\n<ul data-path-to-node=\"18\">\n<li>\n<p data-path-to-node=\"18,0,0\"><b>Moterims:<\/b> puikiai tinka susegti skaroms, kardiganams arba kaip stilinga sag\u0117 \u012f atlap\u0105.<\/p>\n<\/li>\n<li>\n<p data-path-to-node=\"18,1,0\"><b>Vyrams:<\/b> gali b\u016bti naudojama kaip kaklarai\u0161\u010dio smeigtukas (jei d\u0117vimas \u201eplastron\u201c tipo kaklarai\u0161tis) arba kaip aksesuaras \u012f \u0161varko ar palto atlap\u0105.<\/p>\n<\/li>\n<\/ul>\n<p data-path-to-node=\"19\">Tai ma\u017ea detal\u0117, kuri J\u016bs\u0173 aprangai suteiks istorinio unikalumo ir u\u017ebaigtumo.<\/p>\n","protected":false},"excerpt":{"rendered":"<p>\u0160i eleganti\u0161ka rank\u0173 darbo smeig\u0117 su centriniu \u017dem\u0117s simboliu spinduliuoja stabilum\u0105 ir ramyb\u0119. Pagaminta i\u0161 pasidabruoto \u017ealvario, ji puikiai tinka skraist\u0117ms, \u0161alikams ar megztiniams susegti. Pasidabruota Balt\u0173 smeig\u0117 \u201eCentre \u017dem\u0117\u201c<\/p>\n<p><img loading=\"lazy\" decoding=\"async\" class=\"aligncenter wp-image-29601 size-full\" src=\"https:\/\/zamuletas.lt\/wp-content\/uploads\/2025\/12\/Pagaminta-Lietuvoje-2.png\" alt=\"\" width=\"600\" height=\"200\" srcset=\"https:\/\/zamuletas.lt\/wp-content\/uploads\/2025\/12\/Pagaminta-Lietuvoje-2.png 600w, https:\/\/zamuletas.lt\/wp-content\/uploads\/2025\/12\/Pagaminta-Lietuvoje-2-430x143.png 430w, https:\/\/zamuletas.lt\/wp-content\/uploads\/2025\/12\/Pagaminta-Lietuvoje-2-150x50.png 150w, https:\/\/zamuletas.lt\/wp-content\/uploads\/2025\/12\/Pagaminta-Lietuvoje-2-400x133.png 400w\" sizes=\"auto, (max-width: 600px) 100vw, 600px\" \/><\/p>\n","protected":false},"featured_media":29131,"comment_status":"open","ping_status":"closed","template":"","meta":[],"product_brand":[],"product_cat":[78],"product_tag":[],"class_list":{"0":"post-29129","1":"product","2":"type-product","3":"status-publish","4":"has-post-thumbnail","6":"product_cat-smeiges","8":"first","9":"instock","10":"taxable","11":"shipping-taxable","12":"purchasable","13":"product-type-simple"},"_links":{"self":[{"href":"https:\/\/zamuletas.lt\/en\/wp-json\/wp\/v2\/product\/29129","targetHints":{"allow":["GET"]}}],"collection":[{"href":"https:\/\/zamuletas.lt\/en\/wp-json\/wp\/v2\/product"}],"about":[{"href":"https:\/\/zamuletas.lt\/en\/wp-json\/wp\/v2\/types\/product"}],"replies":[{"embeddable":true,"href":"https:\/\/zamuletas.lt\/en\/wp-json\/wp\/v2\/comments?post=29129"}],"version-history":[{"count":5,"href":"https:\/\/zamuletas.lt\/en\/wp-json\/wp\/v2\/product\/29129\/revisions"}],"predecessor-version":[{"id":30786,"href":"https:\/\/zamuletas.lt\/en\/wp-json\/wp\/v2\/product\/29129\/revisions\/30786"}],"wp:featuredmedia":[{"embeddable":true,"href":"https:\/\/zamuletas.lt\/en\/wp-json\/wp\/v2\/media\/29131"}],"wp:attachment":[{"href":"https:\/\/zamuletas.lt\/en\/wp-json\/wp\/v2\/media?parent=29129"}],"wp:term":[{"taxonomy":"product_brand","embeddable":true,"href":"https:\/\/zamuletas.lt\/en\/wp-json\/wp\/v2\/product_brand?post=29129"},{"taxonomy":"product_cat","embeddable":true,"href":"https:\/\/zamuletas.lt\/en\/wp-json\/wp\/v2\/product_cat?post=29129"},{"taxonomy":"product_tag","embeddable":true,"href":"https:\/\/zamuletas.lt\/en\/wp-json\/wp\/v2\/product_tag?post=29129"}],"curies":[{"name":"wp","href":"https:\/\/api.w.org\/{rel}","templated":true}]}}