{"id":29137,"date":"2025-11-19T23:50:38","date_gmt":"2025-11-19T21:50:38","guid":{"rendered":"https:\/\/zamuletas.lt\/?post_type=product&#038;p=29137"},"modified":"2026-02-24T15:15:49","modified_gmt":"2026-02-24T13:15:49","slug":"ranku-darbo-zalvarine-smeige-zemes-centras","status":"publish","type":"product","link":"https:\/\/zamuletas.lt\/en\/produktas\/ranku-darbo-zalvarine-smeige-zemes-centras\/","title":{"rendered":"Rank\u0173 darbo \u017ealvarin\u0117 smeig\u0117 \u201e\u017dem\u0117s centras\u201c"},"content":{"rendered":"<p data-path-to-node=\"13\"><b>\u017dem\u0117s galia: didinga smeig\u0117 storiems audiniams<\/b><\/p>\n<p data-path-to-node=\"14\">Rank\u0173 darbo \u017ealvarin\u0117 smeig\u0117 \u201e\u017dem\u0117s centras\u201c. \u0160is gaminys \u012fk\u016bnija autenti\u0161k\u0105 balti\u0161k\u0105 palikim\u0105 ir yra sukurtas taip, kad b\u016bt\u0173 ne tik gra\u017eus, bet ir maksimaliai funkcionalus. D\u0117l savo <b>150 mm ilgio<\/b> tai yra viena i\u0161 ilgiausi\u0173 ir tvir\u010diausi\u0173 smeigi\u0173, puikiai tinkan\u010di\u0173 sunkiems audiniams.<\/p>\n<p data-path-to-node=\"15\"><b>Simbolika: tvirta apsauga<\/b> Smeig\u0117s galvut\u0119 puo\u0161ia <b>\u017dem\u0117s simbolis<\/b>, kuris senov\u0117s balt\u0173 pasaul\u0117\u017ei\u016broje rei\u0161k\u0117 stabilum\u0105, vaisingum\u0105 ir tvirt\u0105 pagrind\u0105. Ne\u0161iojama ant drabu\u017eio, ji tarnauja kaip ramyb\u0117s ir i\u0161tikimyb\u0117s sau i\u0161takoms \u017eenklas.<\/p>\n<p data-path-to-node=\"16\"><b>Meistri\u0161kumas ir panaudojimas<\/b><\/p>\n<ul data-path-to-node=\"17\">\n<li>\n<p data-path-to-node=\"17,0,0\"><b>Ilgis (150 mm):<\/b> tai idealus ilgis didel\u0117ms, sunkioms vilnon\u0117ms skraist\u0117ms, megztiems ar \u017eieminiams <b>paltams<\/b> susegti, u\u017etikrinant, kad audinys tvirtai laikyt\u0173si vietoje.<\/p>\n<\/li>\n<li>\n<p data-path-to-node=\"17,1,0\"><b>Med\u017eiaga:<\/b> pagaminta i\u0161 <b>\u017ealvario<\/b>, kuris laikui b\u0117gant \u012fgauna nuostabi\u0105, autenti\u0161k\u0105 sendinimo patin\u0105, pabr\u0117\u017eian\u010di\u0105 gaminio senovin\u0119 kilm\u0119.<\/p>\n<\/li>\n<li>\n<p data-path-to-node=\"17,2,0\"><b>Svoris:<\/b> smeig\u0117 sveria <b>8-9 g<\/b> \u2013 pakankamai, kad tvirtai laikyt\u0173, bet ne per daug, kad diskomfortas.<\/p>\n<\/li>\n<\/ul>\n<p data-path-to-node=\"18\">Tai puikus aksesuaras, suteikiantis aprangai istorin\u0117s didyb\u0117s ir stabilumo.<\/p>\n","protected":false},"excerpt":{"rendered":"<p>\u0160i masyvi, rank\u0173 darbo \u017ealvarin\u0117 smeig\u0117 su centriniu <b>\u017dem\u0117s simboliu<\/b> suteikia stabilumo ir tvirtumo jausm\u0105. D\u0117l savo ilgio (150 mm) ji yra nepakei\u010diama susegant storus drabu\u017eius, pavyzd\u017eiui, sunkias skraistes ar <b>paltus<\/b>. Rank\u0173 darbo \u017ealvarin\u0117 smeig\u0117 \u201e\u017dem\u0117s centras\u201c<\/p>\n<p><img loading=\"lazy\" decoding=\"async\" class=\"aligncenter wp-image-29601 size-full\" src=\"https:\/\/zamuletas.lt\/wp-content\/uploads\/2025\/12\/Pagaminta-Lietuvoje-2.png\" alt=\"\" width=\"600\" height=\"200\" srcset=\"https:\/\/zamuletas.lt\/wp-content\/uploads\/2025\/12\/Pagaminta-Lietuvoje-2.png 600w, https:\/\/zamuletas.lt\/wp-content\/uploads\/2025\/12\/Pagaminta-Lietuvoje-2-430x143.png 430w, https:\/\/zamuletas.lt\/wp-content\/uploads\/2025\/12\/Pagaminta-Lietuvoje-2-150x50.png 150w, https:\/\/zamuletas.lt\/wp-content\/uploads\/2025\/12\/Pagaminta-Lietuvoje-2-400x133.png 400w\" sizes=\"auto, (max-width: 600px) 100vw, 600px\" \/><\/p>\n","protected":false},"featured_media":29138,"comment_status":"open","ping_status":"closed","template":"","meta":[],"product_brand":[],"product_cat":[78],"product_tag":[],"class_list":{"0":"post-29137","1":"product","2":"type-product","3":"status-publish","4":"has-post-thumbnail","6":"product_cat-smeiges","8":"first","9":"instock","10":"taxable","11":"shipping-taxable","12":"purchasable","13":"product-type-simple"},"_links":{"self":[{"href":"https:\/\/zamuletas.lt\/en\/wp-json\/wp\/v2\/product\/29137","targetHints":{"allow":["GET"]}}],"collection":[{"href":"https:\/\/zamuletas.lt\/en\/wp-json\/wp\/v2\/product"}],"about":[{"href":"https:\/\/zamuletas.lt\/en\/wp-json\/wp\/v2\/types\/product"}],"replies":[{"embeddable":true,"href":"https:\/\/zamuletas.lt\/en\/wp-json\/wp\/v2\/comments?post=29137"}],"version-history":[{"count":5,"href":"https:\/\/zamuletas.lt\/en\/wp-json\/wp\/v2\/product\/29137\/revisions"}],"predecessor-version":[{"id":30784,"href":"https:\/\/zamuletas.lt\/en\/wp-json\/wp\/v2\/product\/29137\/revisions\/30784"}],"wp:featuredmedia":[{"embeddable":true,"href":"https:\/\/zamuletas.lt\/en\/wp-json\/wp\/v2\/media\/29138"}],"wp:attachment":[{"href":"https:\/\/zamuletas.lt\/en\/wp-json\/wp\/v2\/media?parent=29137"}],"wp:term":[{"taxonomy":"product_brand","embeddable":true,"href":"https:\/\/zamuletas.lt\/en\/wp-json\/wp\/v2\/product_brand?post=29137"},{"taxonomy":"product_cat","embeddable":true,"href":"https:\/\/zamuletas.lt\/en\/wp-json\/wp\/v2\/product_cat?post=29137"},{"taxonomy":"product_tag","embeddable":true,"href":"https:\/\/zamuletas.lt\/en\/wp-json\/wp\/v2\/product_tag?post=29137"}],"curies":[{"name":"wp","href":"https:\/\/api.w.org\/{rel}","templated":true}]}}