{"id":29140,"date":"2025-11-19T23:59:44","date_gmt":"2025-11-19T21:59:44","guid":{"rendered":"https:\/\/zamuletas.lt\/?post_type=product&#038;p=29140"},"modified":"2026-03-12T11:54:23","modified_gmt":"2026-03-12T09:54:23","slug":"baltu-saules-amuletas-amzinasis-ratas","status":"publish","type":"product","link":"https:\/\/zamuletas.lt\/en\/produktas\/baltu-saules-amuletas-amzinasis-ratas\/","title":{"rendered":"Balt\u0173 dvipusis Saul\u0117s amuletas \u201eStiprusis \u017eal\u010di\u0173 Saul\u0117s ratas\u201c"},"content":{"rendered":"<p data-path-to-node=\"13\"><b>Galingas Saul\u0117s amuletas: stipryb\u0117 i\u0161 vis\u0173 pusi\u0173<\/b><\/p>\n<p data-path-to-node=\"14\">Balt\u0173 dvipusis Saul\u0117s amuletas \u201eStiprusis \u017eal\u010di\u0173 Saul\u0117s ratas\u201c. \u0160is pakabukas \u2013 tai autenti\u0161kas senov\u0117s balt\u0173 palikimas, pasi\u017eymintis i\u0161skirtine j\u0117ga. Amuletas yra <b>stiprus savo poveikiu<\/b>, sukurtas tam, kad tapt\u0173 J\u016bs\u0173 asmeniniu sargu.<\/p>\n<p data-path-to-node=\"15\"><b>Konstrukcija, kuri suteikia galios<\/b><\/p>\n<ul data-path-to-node=\"16\">\n<li>\n<p data-path-to-node=\"16,0,0\"><b>Dvipusis ir i\u0161gaubtas:<\/b> amuletas formuojamas taip, kad b\u016bt\u0173 t\u016brinis ir vienodai gra\u017eus i\u0161 abiej\u0173 pusi\u0173. Tai ne tik auk\u0161to meistri\u0161kumo \u017eenklas, bet ir simbolis, jog apsauga veikia visomis kryptimis.<\/p>\n<\/li>\n<li>\n<p data-path-to-node=\"16,1,0\"><b>Substancija:<\/b> Su <b>22 mm skersmeniu<\/b> ir <b>9 g svoriu<\/b>, amuletas yra pakankamai solidus, kad jaust\u0173si ant kaklo.<\/p>\n<\/li>\n<\/ul>\n<p data-path-to-node=\"17\"><b>Simbolika: \u017eal\u010diai ir am\u017einojo gyvenimo ratas<\/b><\/p>\n<p data-path-to-node=\"17\">Amulet\u0105 puo\u0161ia keturi \u017eal\u010diukai, kurie susijungia \u012f am\u017eino gyvenimo rat\u0105. \u017daltys simbolizuoja i\u0161mint\u012f, atsinaujinim\u0105 ir s\u0117km\u0119, o Saul\u0117s simbolis ne\u0161a gyvyb\u0119 ir \u0161vies\u0105.<\/p>\n<p data-path-to-node=\"20\"><b>Prakti\u0161kumas<\/b> pakabukas tvirtinamas prie virvut\u0117s, kurios <b>ilgis lengvai reguliuojasi<\/b>, tod\u0117l amuletas puikiai tinka ir vyrams, ir moterims, ir gali b\u016bti ne\u0161iojamas tiek prie pat kaklo, tiek ilgesniu atstumu.<\/p>\n","protected":false},"excerpt":{"rendered":"<p>\u0160is galingas rank\u0173 darbo amuletas yra <b>dvipusis ir i\u0161gaubtas<\/b> \u2013 tai ne tik gra\u017eu, bet ir sustiprina jo poveik\u012f. Keturi \u017eal\u010diukai sudaro am\u017eino gyvenimo rat\u0105, saugant\u012f nuo blog\u0173 \u017evilgsni\u0173 ir neigiamos energijos. Balt\u0173 dvipusis Saul\u0117s amuletas \u201eStiprusis \u017eal\u010di\u0173 Saul\u0117s ratas\u201c<\/p>\n<p><img loading=\"lazy\" decoding=\"async\" class=\"aligncenter wp-image-29601 size-full\" src=\"https:\/\/zamuletas.lt\/wp-content\/uploads\/2025\/12\/Pagaminta-Lietuvoje-2.png\" alt=\"\" width=\"600\" height=\"200\" srcset=\"https:\/\/zamuletas.lt\/wp-content\/uploads\/2025\/12\/Pagaminta-Lietuvoje-2.png 600w, https:\/\/zamuletas.lt\/wp-content\/uploads\/2025\/12\/Pagaminta-Lietuvoje-2-430x143.png 430w, https:\/\/zamuletas.lt\/wp-content\/uploads\/2025\/12\/Pagaminta-Lietuvoje-2-150x50.png 150w, https:\/\/zamuletas.lt\/wp-content\/uploads\/2025\/12\/Pagaminta-Lietuvoje-2-400x133.png 400w\" sizes=\"auto, (max-width: 600px) 100vw, 600px\" \/><\/p>\n","protected":false},"featured_media":29146,"comment_status":"open","ping_status":"closed","template":"","meta":[],"product_brand":[],"product_cat":[23],"product_tag":[],"class_list":{"0":"post-29140","1":"product","2":"type-product","3":"status-publish","4":"has-post-thumbnail","6":"product_cat-amuletai-ir-kaklo-papuosalai","8":"first","9":"instock","10":"taxable","11":"shipping-taxable","12":"purchasable","13":"product-type-variable"},"_links":{"self":[{"href":"https:\/\/zamuletas.lt\/en\/wp-json\/wp\/v2\/product\/29140","targetHints":{"allow":["GET"]}}],"collection":[{"href":"https:\/\/zamuletas.lt\/en\/wp-json\/wp\/v2\/product"}],"about":[{"href":"https:\/\/zamuletas.lt\/en\/wp-json\/wp\/v2\/types\/product"}],"replies":[{"embeddable":true,"href":"https:\/\/zamuletas.lt\/en\/wp-json\/wp\/v2\/comments?post=29140"}],"version-history":[{"count":6,"href":"https:\/\/zamuletas.lt\/en\/wp-json\/wp\/v2\/product\/29140\/revisions"}],"predecessor-version":[{"id":30783,"href":"https:\/\/zamuletas.lt\/en\/wp-json\/wp\/v2\/product\/29140\/revisions\/30783"}],"wp:featuredmedia":[{"embeddable":true,"href":"https:\/\/zamuletas.lt\/en\/wp-json\/wp\/v2\/media\/29146"}],"wp:attachment":[{"href":"https:\/\/zamuletas.lt\/en\/wp-json\/wp\/v2\/media?parent=29140"}],"wp:term":[{"taxonomy":"product_brand","embeddable":true,"href":"https:\/\/zamuletas.lt\/en\/wp-json\/wp\/v2\/product_brand?post=29140"},{"taxonomy":"product_cat","embeddable":true,"href":"https:\/\/zamuletas.lt\/en\/wp-json\/wp\/v2\/product_cat?post=29140"},{"taxonomy":"product_tag","embeddable":true,"href":"https:\/\/zamuletas.lt\/en\/wp-json\/wp\/v2\/product_tag?post=29140"}],"curies":[{"name":"wp","href":"https:\/\/api.w.org\/{rel}","templated":true}]}}