{"id":29149,"date":"2025-11-20T00:05:38","date_gmt":"2025-11-19T22:05:38","guid":{"rendered":"https:\/\/zamuletas.lt\/?post_type=product&#038;p=29149"},"modified":"2026-03-30T20:14:49","modified_gmt":"2026-03-30T17:14:49","slug":"baltu-saules-amuletas-karunuoti-zalciai","status":"publish","type":"product","link":"https:\/\/zamuletas.lt\/en\/produktas\/baltu-saules-amuletas-karunuoti-zalciai\/","title":{"rendered":"Balt\u0173 Saul\u0117s amuletas \u201eKar\u016bnuoti \u017eal\u010diai\u201c"},"content":{"rendered":"<p data-path-to-node=\"13\"><b>Lengvumas ir karali\u0161koji i\u0161mintis<\/b><\/p>\n<p data-path-to-node=\"14\">Balt\u0173 Saul\u0117s amuletas \u201eKar\u016bnuoti \u017eal\u010diai\u201c. \u0160is rank\u0173 darbo pakabukas sujungia senov\u0117s gali\u0105 su subtiliu dizainu. Jis sukurtas tiems, kurie vertina autenti\u0161k\u0105 simbolik\u0105, ta\u010diau nori lengvo ir patogaus aksesuaro.<\/p>\n<p data-path-to-node=\"15\"><b>Simbolika: kar\u016bnuoti \u017eal\u010diai<\/b><\/p>\n<p data-path-to-node=\"15\">Amulet\u0105 puo\u0161ia keturi <b>kar\u016bnuoti \u017eal\u010diukai<\/b>, kurie sudaro am\u017eino gyvenimo rat\u0105. \u017daltys Balt\u0173 kult\u016broje yra nam\u0173 sargas ir i\u0161minties ne\u0161\u0117jas, o kar\u016bna pabr\u0117\u017eia jo status\u0105 ir gali\u0105. Amuletas atlieka stipri\u0105 apsaugin\u0119 funkcij\u0105, saugodamas nuo blog\u0173 \u017evilgsni\u0173.<\/p>\n<p data-path-to-node=\"16\"><b>Konstrukcija ir patogumas<\/b><\/p>\n<ul data-path-to-node=\"17\">\n<li>\n<p data-path-to-node=\"17,0,0\"><b>Vienpusis dizainas:<\/b> amuletas yra vienpusis, tod\u0117l yra <b>itin lengvas (tik 2-3 g)<\/b>. J\u012f patogu ne\u0161ioti ilg\u0105 laik\u0105 be jokio diskomforto.<\/p>\n<\/li>\n<li>\n<p data-path-to-node=\"17,1,0\"><b>Dydis:<\/b> diskreti\u0161kas <b>20 mm skersmuo<\/b> puikiai tinka tiek vyrams, tiek moterims ir dera prie bet kokio stiliaus.<\/p>\n<\/li>\n<\/ul>\n<p data-path-to-node=\"20\"><b>Prakti\u0161kumas<\/b> pakabukas tvirtinamas prie virvut\u0117s, kurios ilgis <b>reguliuojasi<\/b>, tod\u0117l j\u012f galite d\u0117v\u0117ti prie pat kaklo arba ilgesn\u012f atstum\u0105.<\/p>\n","protected":false},"excerpt":{"rendered":"<p>\u0160is eleganti\u0161kas rank\u0173 darbo Saul\u0117s amuletas su kar\u016bnuotais \u017eal\u010diukais, simbolizuojan\u010diais am\u017ein\u0105 gyvenimo rat\u0105, yra idealus pasirinkimas kasdieniam ne\u0161iojimui. <b>Lengvas (2-3 g)<\/b> ir diskreti\u0161kas, puikiai saugo nuo blogos energijos. Balt\u0173 Saul\u0117s amuletas \u201eKar\u016bnuoti \u017eal\u010diai\u201c<\/p>\n<p><img loading=\"lazy\" decoding=\"async\" class=\"aligncenter wp-image-29601 size-full\" src=\"https:\/\/zamuletas.lt\/wp-content\/uploads\/2025\/12\/Pagaminta-Lietuvoje-2.png\" alt=\"\" width=\"600\" height=\"200\" srcset=\"https:\/\/zamuletas.lt\/wp-content\/uploads\/2025\/12\/Pagaminta-Lietuvoje-2.png 600w, https:\/\/zamuletas.lt\/wp-content\/uploads\/2025\/12\/Pagaminta-Lietuvoje-2-430x143.png 430w, https:\/\/zamuletas.lt\/wp-content\/uploads\/2025\/12\/Pagaminta-Lietuvoje-2-150x50.png 150w, https:\/\/zamuletas.lt\/wp-content\/uploads\/2025\/12\/Pagaminta-Lietuvoje-2-400x133.png 400w\" sizes=\"auto, (max-width: 600px) 100vw, 600px\" \/><\/p>\n","protected":false},"featured_media":29151,"comment_status":"open","ping_status":"closed","template":"","meta":[],"product_brand":[],"product_cat":[23],"product_tag":[],"class_list":{"0":"post-29149","1":"product","2":"type-product","3":"status-publish","4":"has-post-thumbnail","6":"product_cat-amuletai-ir-kaklo-papuosalai","8":"first","9":"instock","10":"taxable","11":"shipping-taxable","12":"purchasable","13":"product-type-variable"},"_links":{"self":[{"href":"https:\/\/zamuletas.lt\/en\/wp-json\/wp\/v2\/product\/29149","targetHints":{"allow":["GET"]}}],"collection":[{"href":"https:\/\/zamuletas.lt\/en\/wp-json\/wp\/v2\/product"}],"about":[{"href":"https:\/\/zamuletas.lt\/en\/wp-json\/wp\/v2\/types\/product"}],"replies":[{"embeddable":true,"href":"https:\/\/zamuletas.lt\/en\/wp-json\/wp\/v2\/comments?post=29149"}],"version-history":[{"count":8,"href":"https:\/\/zamuletas.lt\/en\/wp-json\/wp\/v2\/product\/29149\/revisions"}],"predecessor-version":[{"id":30782,"href":"https:\/\/zamuletas.lt\/en\/wp-json\/wp\/v2\/product\/29149\/revisions\/30782"}],"wp:featuredmedia":[{"embeddable":true,"href":"https:\/\/zamuletas.lt\/en\/wp-json\/wp\/v2\/media\/29151"}],"wp:attachment":[{"href":"https:\/\/zamuletas.lt\/en\/wp-json\/wp\/v2\/media?parent=29149"}],"wp:term":[{"taxonomy":"product_brand","embeddable":true,"href":"https:\/\/zamuletas.lt\/en\/wp-json\/wp\/v2\/product_brand?post=29149"},{"taxonomy":"product_cat","embeddable":true,"href":"https:\/\/zamuletas.lt\/en\/wp-json\/wp\/v2\/product_cat?post=29149"},{"taxonomy":"product_tag","embeddable":true,"href":"https:\/\/zamuletas.lt\/en\/wp-json\/wp\/v2\/product_tag?post=29149"}],"curies":[{"name":"wp","href":"https:\/\/api.w.org\/{rel}","templated":true}]}}