{"id":29156,"date":"2025-11-20T00:09:56","date_gmt":"2025-11-19T22:09:56","guid":{"rendered":"https:\/\/zamuletas.lt\/?post_type=product&#038;p=29156"},"modified":"2026-03-30T13:29:01","modified_gmt":"2026-03-30T10:29:01","slug":"masyvus-baltu-saules-amuletas-amzinasis-ratas","status":"publish","type":"product","link":"https:\/\/zamuletas.lt\/en\/produktas\/masyvus-baltu-saules-amuletas-amzinasis-ratas\/","title":{"rendered":"Autenti\u0161kas Balt\u0173 Saul\u0117s amuletas \u201eKar\u016bnuoti \u017eal\u010diai\u201c&#8221;"},"content":{"rendered":"<p data-path-to-node=\"13\"><b>Didingas Saul\u0117s simbolis: masyvus ir svarus amuletas<\/b><\/p>\n<p data-path-to-node=\"14\">Autenti\u0161kas Balt\u0173 Saul\u0117s amuletas \u201eKar\u016bnuoti \u017eal\u010diai\u201c&#8221;. \u0160is rank\u0173 darbo pakabukas skirtas tiems, kurie nebijo i\u0161siskirti ir vertina <i>svar\u0173<\/i> gamin\u012f. Su <b>45 mm skersmeniu<\/b> ir <b>16\u201318 g svoriu<\/b>, \u0161is amuletas yra didingas kaklo papuo\u0161alas, i\u0161kart atkreipiantis d\u0117mes\u012f.<\/p>\n<p data-path-to-node=\"15\"><b>Simbolika ir galia<\/b><\/p>\n<p data-path-to-node=\"15\">Nuo sen\u0173 laik\u0173 Saul\u0117s \u017eenklas yra gyvyb\u0117s ir \u0161viesos \u0161altinis, o \u017eal\u010diai simbolizuoja i\u0161mint\u012f ir atsinaujinim\u0105.<\/p>\n<ul data-path-to-node=\"16\">\n<li>\n<p data-path-to-node=\"16,0,0\"><b>Kar\u016bnuoti \u017eal\u010diukai:<\/b> pabr\u0117\u017eia ne tik apsaug\u0105, bet ir karali\u0161k\u0105j\u0105, auk\u0161tesni\u0105j\u0105 i\u0161mint\u012f.<\/p>\n<\/li>\n<li>\n<p data-path-to-node=\"16,1,0\"><b>Am\u017einasis ratas:<\/b> simbolizuoja kosmin\u0119 tvark\u0105 ir s\u0117km\u0117s bei atsinaujinimo garant\u0105.<\/p>\n<\/li>\n<li>\n<p data-path-to-node=\"16,2,0\"><b>Apsauga:<\/b> amuletas gars\u0117ja stipriu poveikiu, atremian\u010diu neigiam\u0105 energij\u0105 ir blogus ketinimus.<\/p>\n<\/li>\n<\/ul>\n<p data-path-to-node=\"17\"><b>Konstrukcija <\/b><\/p>\n<ul data-path-to-node=\"18\">\n<li>\n<p data-path-to-node=\"18,1,0\"><b>Prakti\u0161kumas:<\/b> Pakabukas tvirtinamas prie virvut\u0117s, kurios ilgis <b>reguliuojasi<\/b>, tod\u0117l j\u012f galite patogiai d\u0117v\u0117ti vir\u0161 megztinio ar po palaidine.<\/p>\n<\/li>\n<\/ul>\n<p data-path-to-node=\"19\">Tai daugiau nei papuo\u0161alas \u2013 tai stiprus ir vizualiai \u012fsp\u016bdingas asmeninis talismanas.<\/p>\n","protected":false},"excerpt":{"rendered":"<p>\u0160is didingas, <b>45 mm skersmens<\/b> Saul\u0117s amuletas \u2013 tai tikras vizualus akcentas ir galinga apsauga. Jis yra masyvus, bet eleganti\u0161kas. Keturi kar\u016bnuoti \u017eal\u010diukai sudaro am\u017eino gyvenimo rat\u0105, saugant\u012f nuo blog\u0173 \u017evilgsni\u0173 ir neigiamos energijos. Autenti\u0161kas Balt\u0173 Saul\u0117s amuletas \u201eKar\u016bnuoti \u017eal\u010diai\u201c&#8221;<\/p>\n<p><img loading=\"lazy\" decoding=\"async\" class=\"aligncenter wp-image-29601 size-full\" src=\"https:\/\/zamuletas.lt\/wp-content\/uploads\/2025\/12\/Pagaminta-Lietuvoje-2.png\" alt=\"\" width=\"600\" height=\"200\" srcset=\"https:\/\/zamuletas.lt\/wp-content\/uploads\/2025\/12\/Pagaminta-Lietuvoje-2.png 600w, https:\/\/zamuletas.lt\/wp-content\/uploads\/2025\/12\/Pagaminta-Lietuvoje-2-430x143.png 430w, https:\/\/zamuletas.lt\/wp-content\/uploads\/2025\/12\/Pagaminta-Lietuvoje-2-150x50.png 150w, https:\/\/zamuletas.lt\/wp-content\/uploads\/2025\/12\/Pagaminta-Lietuvoje-2-400x133.png 400w\" sizes=\"auto, (max-width: 600px) 100vw, 600px\" \/><\/p>\n","protected":false},"featured_media":29158,"comment_status":"open","ping_status":"closed","template":"","meta":[],"product_brand":[],"product_cat":[23],"product_tag":[],"class_list":{"0":"post-29156","1":"product","2":"type-product","3":"status-publish","4":"has-post-thumbnail","6":"product_cat-amuletai-ir-kaklo-papuosalai","8":"first","9":"instock","10":"taxable","11":"shipping-taxable","12":"purchasable","13":"product-type-variable"},"_links":{"self":[{"href":"https:\/\/zamuletas.lt\/en\/wp-json\/wp\/v2\/product\/29156","targetHints":{"allow":["GET"]}}],"collection":[{"href":"https:\/\/zamuletas.lt\/en\/wp-json\/wp\/v2\/product"}],"about":[{"href":"https:\/\/zamuletas.lt\/en\/wp-json\/wp\/v2\/types\/product"}],"replies":[{"embeddable":true,"href":"https:\/\/zamuletas.lt\/en\/wp-json\/wp\/v2\/comments?post=29156"}],"version-history":[{"count":5,"href":"https:\/\/zamuletas.lt\/en\/wp-json\/wp\/v2\/product\/29156\/revisions"}],"predecessor-version":[{"id":30129,"href":"https:\/\/zamuletas.lt\/en\/wp-json\/wp\/v2\/product\/29156\/revisions\/30129"}],"wp:featuredmedia":[{"embeddable":true,"href":"https:\/\/zamuletas.lt\/en\/wp-json\/wp\/v2\/media\/29158"}],"wp:attachment":[{"href":"https:\/\/zamuletas.lt\/en\/wp-json\/wp\/v2\/media?parent=29156"}],"wp:term":[{"taxonomy":"product_brand","embeddable":true,"href":"https:\/\/zamuletas.lt\/en\/wp-json\/wp\/v2\/product_brand?post=29156"},{"taxonomy":"product_cat","embeddable":true,"href":"https:\/\/zamuletas.lt\/en\/wp-json\/wp\/v2\/product_cat?post=29156"},{"taxonomy":"product_tag","embeddable":true,"href":"https:\/\/zamuletas.lt\/en\/wp-json\/wp\/v2\/product_tag?post=29156"}],"curies":[{"name":"wp","href":"https:\/\/api.w.org\/{rel}","templated":true}]}}