{"id":29163,"date":"2025-11-20T00:14:18","date_gmt":"2025-11-19T22:14:18","guid":{"rendered":"https:\/\/zamuletas.lt\/?post_type=product&#038;p=29163"},"modified":"2026-04-02T20:49:36","modified_gmt":"2026-04-02T17:49:36","slug":"autentiskas-zalvario-amuletas-karunuoti-zalciai","status":"publish","type":"product","link":"https:\/\/zamuletas.lt\/en\/produktas\/autentiskas-zalvario-amuletas-karunuoti-zalciai\/","title":{"rendered":"Autenti\u0161kas dvigubas Saul\u0117s amuletas \u201eKar\u016bnuoti \u017eal\u010diai\u201c"},"content":{"rendered":"<p data-path-to-node=\"1\"><b data-path-to-node=\"1\" data-index-in-node=\"0\">Masyvus, Lietuvoje pagamintas Saul\u0117s amuletas<\/b><\/p>\n<p data-path-to-node=\"1\">Autenti\u0161kas dvigubas Saul\u0117s amuletas \u201eKar\u016bnuoti \u017eal\u010diai\u201c<\/p>\n<p data-path-to-node=\"2\">Tai yra didingas, rank\u0173 darbo amuletas, skirtas pabr\u0117\u017eti J\u016bs\u0173 autenti\u0161kum\u0105 ir meil\u0119 balti\u0161kai simbolikai. Su 40 mm skersmeniu ir solid\u017eiu 18 g svoriu, \u0161is vienpusis pakabukas tampa \u012fsp\u016bdingu kaklo papuo\u0161alu, turin\u010diu gili\u0105 prasm\u0119.<\/p>\n<p data-path-to-node=\"3\"><b data-path-to-node=\"3\" data-index-in-node=\"0\">Simbolika ir apsauga<\/b><\/p>\n<ul data-path-to-node=\"4\">\n<li>\n<p data-path-to-node=\"4,0,0\"><b data-path-to-node=\"4,0,0\" data-index-in-node=\"0\">Kar\u016bnuoti \u017eal\u010diukai:<\/b> Keturi \u017eal\u010diai su kar\u016bnomis susijungia \u012f am\u017eino gyvenimo rat\u0105. \u0160i kompozicija simbolizuoja auk\u0161tesn\u0119 i\u0161mint\u012f, apsaug\u0105 ir nuolatin\u012f atsinaujinim\u0105. \u017daltys nuo seno laikomas nam\u0173 sargu.<\/p>\n<\/li>\n<li>\n<p data-path-to-node=\"4,1,0\"><b data-path-to-node=\"4,1,0\" data-index-in-node=\"0\">Saul\u0117:<\/b> Amuletas ne\u0161a Saul\u0117s energij\u0105 \u2013 gyvyb\u0119, \u0161ilum\u0105 ir \u0161vies\u0105.<\/p>\n<\/li>\n<li>\n<p data-path-to-node=\"4,2,0\"><b data-path-to-node=\"4,2,0\" data-index-in-node=\"0\">Poveikis:<\/b> Tikima, kad \u0161is amuletas veikia kaip stiprus filtras, saugantis nuo blog\u0173 \u017evilgsni\u0173 ir neigiamos aplinkos \u012ftakos.<\/p>\n<\/li>\n<\/ul>\n<p data-path-to-node=\"5\"><b data-path-to-node=\"5\" data-index-in-node=\"0\">Kokyb\u0117, kilm\u0117 ir pasirinkimas<\/b><\/p>\n<ul data-path-to-node=\"6\">\n<li>\n<p data-path-to-node=\"6,0,0\"><b data-path-to-node=\"6,0,0\" data-index-in-node=\"0\">Med\u017eiaga:<\/b> Amuletas lietas i\u0161 tvirto \u017ealvario. Galite rinktis <b data-path-to-node=\"6,0,0\" data-index-in-node=\"61\">klasikin\u012f \u017ealvarin\u012f<\/b> variant\u0105, kuris su laiku \u012fgauna autenti\u0161k\u0105, sendint\u0105 patin\u0105, arba <b data-path-to-node=\"6,0,0\" data-index-in-node=\"147\">pasidabruot\u0105<\/b> versij\u0105 \u2013 tiems, kurie vertina tauri\u0173j\u0173 metal\u0173 spindes\u012f ir elegancij\u0105.<\/p>\n<\/li>\n<li>\n<p data-path-to-node=\"6,1,0\"><b data-path-to-node=\"6,1,0\" data-index-in-node=\"0\">Kilm\u0117:<\/b> Mes did\u017eiuojam\u0117s gal\u0117dami prane\u0161ti, kad \u0161is gaminys yra pagamintas Lietuvoje, puosel\u0117jant amatininkyst\u0117s tradicijas.<\/p>\n<\/li>\n<\/ul>\n<p data-path-to-node=\"7\"><b data-path-to-node=\"7\" data-index-in-node=\"0\">Prakti\u0161kumas<\/b> Amuletas tvirtinamas prie reguliuojamos virvut\u0117s, tod\u0117l j\u012f lengvai pritaikysite prie bet kokio aprangos stiliaus ir ne\u0161iosite Jums patogiu atstumu. Tinka vyrams ir moterims.<\/p>\n","protected":false},"excerpt":{"rendered":"<p>\u0160is didesnio <b>40 mm skersmens<\/b> amuletas yra rank\u0173 darbo k\u016brinys, <b>pagamintas Lietuvoje<\/b>. Jame pavaizduoti kar\u016bnuoti \u017eal\u010diukai, kurie sudaro am\u017eino gyvenimo rat\u0105. Amuletas atlieka stipri\u0105 apsaugin\u0119 funkcij\u0105 nuo blog\u0173 \u017evilgsni\u0173 ir neigiamos energijos. Autenti\u0161kas dvigubas Saul\u0117s amuletas \u201eKar\u016bnuoti \u017eal\u010diai\u201c<\/p>\n<p><img loading=\"lazy\" decoding=\"async\" class=\"aligncenter wp-image-29601 size-full\" src=\"https:\/\/zamuletas.lt\/wp-content\/uploads\/2025\/12\/Pagaminta-Lietuvoje-2.png\" alt=\"\" width=\"600\" height=\"200\" srcset=\"https:\/\/zamuletas.lt\/wp-content\/uploads\/2025\/12\/Pagaminta-Lietuvoje-2.png 600w, https:\/\/zamuletas.lt\/wp-content\/uploads\/2025\/12\/Pagaminta-Lietuvoje-2-430x143.png 430w, https:\/\/zamuletas.lt\/wp-content\/uploads\/2025\/12\/Pagaminta-Lietuvoje-2-150x50.png 150w, https:\/\/zamuletas.lt\/wp-content\/uploads\/2025\/12\/Pagaminta-Lietuvoje-2-400x133.png 400w\" sizes=\"auto, (max-width: 600px) 100vw, 600px\" \/><\/p>\n","protected":false},"featured_media":30355,"comment_status":"open","ping_status":"closed","template":"","meta":[],"product_brand":[],"product_cat":[23],"product_tag":[],"class_list":{"0":"post-29163","1":"product","2":"type-product","3":"status-publish","4":"has-post-thumbnail","6":"product_cat-amuletai-ir-kaklo-papuosalai","8":"first","9":"instock","10":"taxable","11":"shipping-taxable","12":"purchasable","13":"product-type-variable"},"_links":{"self":[{"href":"https:\/\/zamuletas.lt\/en\/wp-json\/wp\/v2\/product\/29163","targetHints":{"allow":["GET"]}}],"collection":[{"href":"https:\/\/zamuletas.lt\/en\/wp-json\/wp\/v2\/product"}],"about":[{"href":"https:\/\/zamuletas.lt\/en\/wp-json\/wp\/v2\/types\/product"}],"replies":[{"embeddable":true,"href":"https:\/\/zamuletas.lt\/en\/wp-json\/wp\/v2\/comments?post=29163"}],"version-history":[{"count":7,"href":"https:\/\/zamuletas.lt\/en\/wp-json\/wp\/v2\/product\/29163\/revisions"}],"predecessor-version":[{"id":30779,"href":"https:\/\/zamuletas.lt\/en\/wp-json\/wp\/v2\/product\/29163\/revisions\/30779"}],"wp:featuredmedia":[{"embeddable":true,"href":"https:\/\/zamuletas.lt\/en\/wp-json\/wp\/v2\/media\/30355"}],"wp:attachment":[{"href":"https:\/\/zamuletas.lt\/en\/wp-json\/wp\/v2\/media?parent=29163"}],"wp:term":[{"taxonomy":"product_brand","embeddable":true,"href":"https:\/\/zamuletas.lt\/en\/wp-json\/wp\/v2\/product_brand?post=29163"},{"taxonomy":"product_cat","embeddable":true,"href":"https:\/\/zamuletas.lt\/en\/wp-json\/wp\/v2\/product_cat?post=29163"},{"taxonomy":"product_tag","embeddable":true,"href":"https:\/\/zamuletas.lt\/en\/wp-json\/wp\/v2\/product_tag?post=29163"}],"curies":[{"name":"wp","href":"https:\/\/api.w.org\/{rel}","templated":true}]}}