{"id":29165,"date":"2025-11-20T00:23:22","date_gmt":"2025-11-19T22:23:22","guid":{"rendered":"https:\/\/zamuletas.lt\/?post_type=product&#038;p=29165"},"modified":"2026-02-24T15:11:03","modified_gmt":"2026-02-24T13:11:03","slug":"masyvus-baltu-amuletas-zalciai-poromis","status":"publish","type":"product","link":"https:\/\/zamuletas.lt\/en\/produktas\/masyvus-baltu-amuletas-zalciai-poromis\/","title":{"rendered":"Balt\u0173 Saul\u0117s amuletas \u201e\u017dal\u010diai poromis\u201c"},"content":{"rendered":"<p data-path-to-node=\"13\"><b>\u017dal\u010di\u0173 por\u0173 galia: didingas am\u017einyb\u0117s simbolis<\/b><\/p>\n<p data-path-to-node=\"14\">Balt\u0173 Saul\u0117s amuletas \u201e\u017dal\u010diai poromis\u201c. \u0160is rank\u0173 darbo pakabukas i\u0161siskiria ne tik savo <b>masyviu dyd\u017eiu (44 mm)<\/b> ir <b>solid\u017eiu svoriu (16-18 g)<\/b>, bet ir retesne simboline kompozicija. Tai idealus pasirinkimas tiems, kurie ie\u0161ko ne tik apsaugos, bet ir \u012fsp\u016bdingo, didingo aksesuaro.<\/p>\n<p data-path-to-node=\"15\"><b>Simbolika ir prasm\u0117<\/b> amulet\u0105 puo\u0161ia keturi <b>kar\u016bnuoti \u017eal\u010diukai<\/b>, i\u0161d\u0117styti <b>poromis<\/b>.<\/p>\n<ul data-path-to-node=\"16\">\n<li>\n<p data-path-to-node=\"16,0,0\"><b>\u017dal\u010diai poromis:<\/b> simbolizuoja harmonij\u0105, meil\u0119, stipri\u0105 \u0161eimos ar partneryst\u0117s apsaug\u0105 ir dvejop\u0105 j\u0117g\u0105 (i\u0161mintis + apsauga).<\/p>\n<\/li>\n<li>\n<p data-path-to-node=\"16,1,0\"><b>Kar\u016bnos:<\/b> pabr\u0117\u017eia \u017eal\u010dio, kaip sargo ir valdovo, status\u0105.<\/p>\n<\/li>\n<li>\n<p data-path-to-node=\"16,2,0\"><b>Am\u017einasis ratas:<\/b> Saul\u0117s apsuptas \u017eal\u010di\u0173 ratas u\u017etikrina nuolatin\u012f atsinaujinim\u0105, gyvyb\u0119 ir s\u0117km\u0119.<\/p>\n<\/li>\n<\/ul>\n<p data-path-to-node=\"17\"><b>Med\u017eiagos ir praktika<\/b><\/p>\n<p data-path-to-node=\"17\">Amuletas tvirtinamas prie reguliuojamos virvut\u0117s, tod\u0117l lengvai prisitaiko prie aprangos. Rinkit\u0117s metal\u0105 pagal savo stili\u0173:<\/p>\n<p data-path-to-node=\"19\">Tai stiprus talismanas, tinkantis <b>vyrams ir moterims<\/b>, ie\u0161kantiems \u012fsp\u016bdingo asmeninio akcento.<\/p>\n","protected":false},"excerpt":{"rendered":"<p>\u0160is didingas, <b>44 mm skersmens<\/b> amuletas \u2013 tai solidus apsaugos simbolis. Unikalus motyvas: keturi kar\u016bnuoti \u017eal\u010diukai, i\u0161d\u0117styti poromis, sudaro am\u017eino gyvenimo rat\u0105. Amuletas efektyviai saugo nuo blog\u0173 \u017evilgsni\u0173 ir neigiamos energijos.\u00a0 Balt\u0173 Saul\u0117s amuletas \u201e\u017dal\u010diai poromis\u201c<\/p>\n<p><img loading=\"lazy\" decoding=\"async\" class=\"aligncenter wp-image-29601 size-full\" src=\"https:\/\/zamuletas.lt\/wp-content\/uploads\/2025\/12\/Pagaminta-Lietuvoje-2.png\" alt=\"\" width=\"600\" height=\"200\" srcset=\"https:\/\/zamuletas.lt\/wp-content\/uploads\/2025\/12\/Pagaminta-Lietuvoje-2.png 600w, https:\/\/zamuletas.lt\/wp-content\/uploads\/2025\/12\/Pagaminta-Lietuvoje-2-430x143.png 430w, https:\/\/zamuletas.lt\/wp-content\/uploads\/2025\/12\/Pagaminta-Lietuvoje-2-150x50.png 150w, https:\/\/zamuletas.lt\/wp-content\/uploads\/2025\/12\/Pagaminta-Lietuvoje-2-400x133.png 400w\" sizes=\"auto, (max-width: 600px) 100vw, 600px\" \/><\/p>\n","protected":false},"featured_media":29166,"comment_status":"open","ping_status":"closed","template":"","meta":[],"product_brand":[],"product_cat":[23],"product_tag":[],"class_list":{"0":"post-29165","1":"product","2":"type-product","3":"status-publish","4":"has-post-thumbnail","6":"product_cat-amuletai-ir-kaklo-papuosalai","8":"first","9":"instock","10":"taxable","11":"shipping-taxable","12":"purchasable","13":"product-type-variable"},"_links":{"self":[{"href":"https:\/\/zamuletas.lt\/en\/wp-json\/wp\/v2\/product\/29165","targetHints":{"allow":["GET"]}}],"collection":[{"href":"https:\/\/zamuletas.lt\/en\/wp-json\/wp\/v2\/product"}],"about":[{"href":"https:\/\/zamuletas.lt\/en\/wp-json\/wp\/v2\/types\/product"}],"replies":[{"embeddable":true,"href":"https:\/\/zamuletas.lt\/en\/wp-json\/wp\/v2\/comments?post=29165"}],"version-history":[{"count":8,"href":"https:\/\/zamuletas.lt\/en\/wp-json\/wp\/v2\/product\/29165\/revisions"}],"predecessor-version":[{"id":30778,"href":"https:\/\/zamuletas.lt\/en\/wp-json\/wp\/v2\/product\/29165\/revisions\/30778"}],"wp:featuredmedia":[{"embeddable":true,"href":"https:\/\/zamuletas.lt\/en\/wp-json\/wp\/v2\/media\/29166"}],"wp:attachment":[{"href":"https:\/\/zamuletas.lt\/en\/wp-json\/wp\/v2\/media?parent=29165"}],"wp:term":[{"taxonomy":"product_brand","embeddable":true,"href":"https:\/\/zamuletas.lt\/en\/wp-json\/wp\/v2\/product_brand?post=29165"},{"taxonomy":"product_cat","embeddable":true,"href":"https:\/\/zamuletas.lt\/en\/wp-json\/wp\/v2\/product_cat?post=29165"},{"taxonomy":"product_tag","embeddable":true,"href":"https:\/\/zamuletas.lt\/en\/wp-json\/wp\/v2\/product_tag?post=29165"}],"curies":[{"name":"wp","href":"https:\/\/api.w.org\/{rel}","templated":true}]}}