{"id":29174,"date":"2025-11-20T00:27:40","date_gmt":"2025-11-19T22:27:40","guid":{"rendered":"https:\/\/zamuletas.lt\/?post_type=product&#038;p=29174"},"modified":"2026-02-26T20:08:32","modified_gmt":"2026-02-26T18:08:32","slug":"masyvus-zalvarinis-amuletas-baltu-zemiu-ratas","status":"publish","type":"product","link":"https:\/\/zamuletas.lt\/en\/produktas\/masyvus-zalvarinis-amuletas-baltu-zemiu-ratas\/","title":{"rendered":"Amuletas \u201eBalt\u0173 \u017eemi\u0173 Saul\u0117s ratas\u201c"},"content":{"rendered":"<p data-path-to-node=\"13\"><b>Balt\u0173 \u017eemi\u0173 vienyb\u0117: masyvus amuletas su kult\u016brine prasme<\/b><\/p>\n<p data-path-to-node=\"13\">Amuletas \u201eBalt\u0173 \u017eemi\u0173 Saul\u0117s ratas\u201c<\/p>\n<p data-path-to-node=\"14\">\u0160is rank\u0173 darbo pakabukas \u2013 tai vizualiai \u012fsp\u016bdingas ir simboli\u0161kai galingas akcentas. Amuletas yra <b>vienpusis<\/b>, didelio <b>45 mm skersmens<\/b> ir <b>svarus (18\u201321 g)<\/b>, tod\u0117l puikiai tinka tiems, kurie ie\u0161ko ne\u0161iojamos kult\u016brin\u0117s relikvijos.<\/p>\n<p data-path-to-node=\"15\"><b>Simbolika ir apsauga<\/b> amulet\u0105 puo\u0161ia unikalus motyvas: <b>i\u0161 Balt\u0173 \u017eemi\u0173 sudarytas am\u017eino gyvenimo ratas<\/b>.<\/p>\n<ul data-path-to-node=\"16\">\n<li>\n<p data-path-to-node=\"16,0,0\"><b>Kult\u016brin\u0117 reik\u0161m\u0117:<\/b> simbolizuoja Baltijos taut\u0173 vienyb\u0119, paveld\u0105 ir nuolatin\u012f atsinaujinim\u0105.<\/p>\n<\/li>\n<li>\n<p data-path-to-node=\"16,1,0\"><b>Saul\u0117s galia:<\/b> amuletas ne\u0161a Saul\u0117s energij\u0105, kuri nuo seno buvo naudojama \u0161viesai, gyvybei ir apsaugai nuo tamsi\u0173 j\u0117g\u0173.<\/p>\n<\/li>\n<li>\n<p data-path-to-node=\"16,2,0\"><b>Funkcija:<\/b> veikia kaip stiprus talismanas, saugantis ne\u0161iotoj\u0105 nuo blog\u0173 \u017evilgsni\u0173 ir neigiamos energijos.<\/p>\n<\/li>\n<\/ul>\n<p>&nbsp;<\/p>\n<p data-path-to-node=\"17\"><b>Med\u017eiagos ir kilm\u0117<\/b><\/p>\n<ul data-path-to-node=\"18\">\n<li>\n<p data-path-to-node=\"18,0,0\"><b>\u017dalvaris:<\/b> pagamintas i\u0161 autenti\u0161ko <b>\u017ealvario<\/b>, kuris laikui b\u0117gant \u012fgauna gil\u0173, senovin\u012f atspalv\u012f.<\/p>\n<\/li>\n<li>\n<p data-path-to-node=\"18,1,0\"><b>Lietuvi\u0161ka kokyb\u0117:<\/b> Amuletas yra <b>pagamintas Lietuvoje<\/b>, garantuojant auk\u0161t\u0105 rank\u0173 darbo kokyb\u0119 ir simbolikos autenti\u0161kum\u0105.<\/p>\n<\/li>\n<\/ul>\n<p>&nbsp;<\/p>\n<p data-path-to-node=\"19\"><b>Prakti\u0161kumas<\/b><\/p>\n<ul data-path-to-node=\"20\">\n<li>\n<p data-path-to-node=\"20,0,0\">Pakabukas tvirtinamas prie virvut\u0117s, kurios ilgis <b>reguliuojasi<\/b>, leid\u017eiant amulet\u0105 ne\u0161ioti ir prie pat kaklo, ir ant megztinio.<\/p>\n<\/li>\n<li>\n<p data-path-to-node=\"20,1,0\">D\u0117l didelio dyd\u017eio tinka tiek <b>vyrams, tiek moterims<\/b> kaip pagrindinis aprangos akcentas.<\/p>\n<\/li>\n<\/ul>\n","protected":false},"excerpt":{"rendered":"<p>Amuletas \u201eBalt\u0173 \u017eemi\u0173 Saul\u0117s ratas\u201c.\u00a0 Didingas, <b>Lietuvoje pagamintas<\/b> Saul\u0117s amuletas. Apsauginis simbolis, kuriame keturios Balt\u0173 \u017eem\u0117s sudaro am\u017eino gyvenimo rat\u0105. Masyvus (45 mm), bet patogus, skirtas tiems, kurie vertina kult\u016brin\u012f paveld\u0105.<\/p>\n<p><img loading=\"lazy\" decoding=\"async\" class=\"aligncenter wp-image-29601 size-full\" src=\"https:\/\/zamuletas.lt\/wp-content\/uploads\/2025\/12\/Pagaminta-Lietuvoje-2.png\" alt=\"\" width=\"600\" height=\"200\" srcset=\"https:\/\/zamuletas.lt\/wp-content\/uploads\/2025\/12\/Pagaminta-Lietuvoje-2.png 600w, https:\/\/zamuletas.lt\/wp-content\/uploads\/2025\/12\/Pagaminta-Lietuvoje-2-430x143.png 430w, https:\/\/zamuletas.lt\/wp-content\/uploads\/2025\/12\/Pagaminta-Lietuvoje-2-150x50.png 150w, https:\/\/zamuletas.lt\/wp-content\/uploads\/2025\/12\/Pagaminta-Lietuvoje-2-400x133.png 400w\" sizes=\"auto, (max-width: 600px) 100vw, 600px\" \/><\/p>\n","protected":false},"featured_media":29175,"comment_status":"open","ping_status":"closed","template":"","meta":[],"product_brand":[],"product_cat":[23],"product_tag":[],"class_list":{"0":"post-29174","1":"product","2":"type-product","3":"status-publish","4":"has-post-thumbnail","6":"product_cat-amuletai-ir-kaklo-papuosalai","8":"first","9":"instock","10":"taxable","11":"shipping-taxable","12":"purchasable","13":"product-type-variable"},"_links":{"self":[{"href":"https:\/\/zamuletas.lt\/en\/wp-json\/wp\/v2\/product\/29174","targetHints":{"allow":["GET"]}}],"collection":[{"href":"https:\/\/zamuletas.lt\/en\/wp-json\/wp\/v2\/product"}],"about":[{"href":"https:\/\/zamuletas.lt\/en\/wp-json\/wp\/v2\/types\/product"}],"replies":[{"embeddable":true,"href":"https:\/\/zamuletas.lt\/en\/wp-json\/wp\/v2\/comments?post=29174"}],"version-history":[{"count":7,"href":"https:\/\/zamuletas.lt\/en\/wp-json\/wp\/v2\/product\/29174\/revisions"}],"predecessor-version":[{"id":30361,"href":"https:\/\/zamuletas.lt\/en\/wp-json\/wp\/v2\/product\/29174\/revisions\/30361"}],"wp:featuredmedia":[{"embeddable":true,"href":"https:\/\/zamuletas.lt\/en\/wp-json\/wp\/v2\/media\/29175"}],"wp:attachment":[{"href":"https:\/\/zamuletas.lt\/en\/wp-json\/wp\/v2\/media?parent=29174"}],"wp:term":[{"taxonomy":"product_brand","embeddable":true,"href":"https:\/\/zamuletas.lt\/en\/wp-json\/wp\/v2\/product_brand?post=29174"},{"taxonomy":"product_cat","embeddable":true,"href":"https:\/\/zamuletas.lt\/en\/wp-json\/wp\/v2\/product_cat?post=29174"},{"taxonomy":"product_tag","embeddable":true,"href":"https:\/\/zamuletas.lt\/en\/wp-json\/wp\/v2\/product_tag?post=29174"}],"curies":[{"name":"wp","href":"https:\/\/api.w.org\/{rel}","templated":true}]}}