{"id":29357,"date":"2025-11-27T08:59:41","date_gmt":"2025-11-27T06:59:41","guid":{"rendered":"https:\/\/zamuletas.lt\/?post_type=product&#038;p=29357"},"modified":"2026-04-11T12:17:57","modified_gmt":"2026-04-11T09:17:57","slug":"dvipusis-pasidrabuoto-zalvario-saules-amuletas-zalciu-ratas","status":"publish","type":"product","link":"https:\/\/zamuletas.lt\/en\/produktas\/dvipusis-pasidrabuoto-zalvario-saules-amuletas-zalciu-ratas\/","title":{"rendered":"Rank\u0173 darbo apyrank\u0117 su dvipusiu pasidabruotu Saul\u0117s amuletu \u201eStiprusis \u017eal\u010di\u0173 Saul\u0117s ratas\u201c"},"content":{"rendered":"<p data-path-to-node=\"13\"><b>Dvipus\u0117 apsauga ir am\u017einasis ciklas<\/b><\/p>\n<p data-path-to-node=\"14\">Rank\u0173 darbo apyrank\u0117 su dvipusiu pasidabruotu Saul\u0117s amuletu \u201eStiprusis \u017eal\u010di\u0173 Saul\u0117s ratas\u201c. Atraskite unikal\u0173 rank\u0173 darbo papuo\u0161al\u0105, kuris i\u0161siskiria ne tik savo simbolika, bet ir meistri\u0161ka forma. \u0160is Saul\u0117s amuletas yra <b>i\u0161gaubtas ir dvipusis<\/b>, tod\u0117l atrodo solid\u017eiai, turi malon\u0173 svor\u012f ir yra vienodai gra\u017eus i\u0161 abiej\u0173 pusi\u0173.<\/p>\n<p data-path-to-node=\"15\"><b>Simbolika: keturi \u017eal\u010diukai<\/b> amuleto centre \u2013 keturi \u017eal\u010diukai, susivij\u0119 \u012f harmoning\u0105 rat\u0105. Balt\u0173 tradicijoje \u017ealtys yra gyvyb\u0117s, i\u0161minties ir nam\u0173 apsaugos simbolis.<\/p>\n<ul data-path-to-node=\"16\">\n<li>\n<p data-path-to-node=\"16,0,0\"><b>Am\u017einasis ratas:<\/b> \u017eal\u010di\u0173 susijungimas simbolizuoja begalyb\u0119, nuolatin\u012f atsinaujinim\u0105 ir gyvenimo t\u0117km\u0119.<\/p>\n<\/li>\n<li>\n<p data-path-to-node=\"16,1,0\"><b>Energetinis skydas:<\/b> tikima, kad \u0161is senovinis \u017eenklas veikia kaip stiprus amuletas, saugantis ne\u0161iotoj\u0105 nuo \u201eblogo \u017evilgsnio\u201c, pavydo ir siun\u010diamos neigiamos energijos.<\/p>\n<\/li>\n<\/ul>\n<p data-path-to-node=\"17\"><b>Meistri\u0161kumas ir med\u017eiagos<\/b> kiekvienas amuletas gaminamas rankomis, skiriant d\u0117mes\u012f detal\u0117ms. Galite rinktis i\u0161 dviej\u0173 metalo variant\u0173:<\/p>\n<ul data-path-to-node=\"18\">\n<li>\n<p data-path-to-node=\"18,0,0\"><b>\u017dalvaris:<\/b> suteikia \u0161ilt\u0105, senovin\u012f aukso atspalv\u012f.<\/p>\n<\/li>\n<li>\n<p data-path-to-node=\"18,1,0\"><b>Pasidabruotas \u017ealvaris:<\/b> suteikia taur\u0173, v\u0117s\u0173 sidabro spindes\u012f.<\/p>\n<\/li>\n<\/ul>\n<p data-path-to-node=\"19\">Amuletas tvirtinamas ant rankomis pintos <b>Makrame apyrank\u0117s<\/b>. Ji yra patvari, atspari trin\u010diai ir patogi d\u0117v\u0117ti kasdien.<\/p>\n<p data-path-to-node=\"20\"><b>Universalus dydis<\/b> apyrank\u0117 tinka bet kokios apimties rie\u0161ui. D\u0117l patogios slankiojan\u010di\u0173 mazg\u0173 sistemos, dyd\u012f lengva reguliuoti tiesiog tempiant virveles \u012f \u0161onus (nuo 50 mm iki 90 mm). Tai puikus pasirinkimas tiek vyrams, tiek moterims. Tinka tiek suaugusiems, tiek ir vaikams.<\/p>\n","protected":false},"excerpt":{"rendered":"<p>\u0160is unikalus, <b>i\u0161gaubtos formos ir dvipusis<\/b> Saul\u0117s amuletas pasi\u017eymi ypatinga energetika. Keturi susijung\u0119 \u017eal\u010diukai formuoja am\u017eino gyvenimo rat\u0105, saugant\u012f nuo blog\u0173 \u017evilgsni\u0173 ir neigiamos energijos i\u0161 vis\u0173 pusi\u0173. Rank\u0173 darbo apyrank\u0117 su dvipusiu pasidabruotu Saul\u0117s amuletu \u201eStiprusis \u017eal\u010di\u0173 Saul\u0117s ratas\u201c<\/p>\n<p><img loading=\"lazy\" decoding=\"async\" class=\"aligncenter wp-image-29601 size-full\" src=\"https:\/\/zamuletas.lt\/wp-content\/uploads\/2025\/12\/Pagaminta-Lietuvoje-2.png\" alt=\"\" width=\"600\" height=\"200\" srcset=\"https:\/\/zamuletas.lt\/wp-content\/uploads\/2025\/12\/Pagaminta-Lietuvoje-2.png 600w, https:\/\/zamuletas.lt\/wp-content\/uploads\/2025\/12\/Pagaminta-Lietuvoje-2-430x143.png 430w, https:\/\/zamuletas.lt\/wp-content\/uploads\/2025\/12\/Pagaminta-Lietuvoje-2-150x50.png 150w, https:\/\/zamuletas.lt\/wp-content\/uploads\/2025\/12\/Pagaminta-Lietuvoje-2-400x133.png 400w\" sizes=\"auto, (max-width: 600px) 100vw, 600px\" \/><\/p>\n","protected":false},"featured_media":29194,"comment_status":"open","ping_status":"closed","template":"","meta":[],"product_brand":[],"product_cat":[75],"product_tag":[],"class_list":{"0":"post-29357","1":"product","2":"type-product","3":"status-publish","4":"has-post-thumbnail","6":"product_cat-apyrankes","8":"first","9":"instock","10":"taxable","11":"shipping-taxable","12":"purchasable","13":"product-type-variable"},"_links":{"self":[{"href":"https:\/\/zamuletas.lt\/en\/wp-json\/wp\/v2\/product\/29357","targetHints":{"allow":["GET"]}}],"collection":[{"href":"https:\/\/zamuletas.lt\/en\/wp-json\/wp\/v2\/product"}],"about":[{"href":"https:\/\/zamuletas.lt\/en\/wp-json\/wp\/v2\/types\/product"}],"replies":[{"embeddable":true,"href":"https:\/\/zamuletas.lt\/en\/wp-json\/wp\/v2\/comments?post=29357"}],"version-history":[{"count":5,"href":"https:\/\/zamuletas.lt\/en\/wp-json\/wp\/v2\/product\/29357\/revisions"}],"predecessor-version":[{"id":30777,"href":"https:\/\/zamuletas.lt\/en\/wp-json\/wp\/v2\/product\/29357\/revisions\/30777"}],"wp:featuredmedia":[{"embeddable":true,"href":"https:\/\/zamuletas.lt\/en\/wp-json\/wp\/v2\/media\/29194"}],"wp:attachment":[{"href":"https:\/\/zamuletas.lt\/en\/wp-json\/wp\/v2\/media?parent=29357"}],"wp:term":[{"taxonomy":"product_brand","embeddable":true,"href":"https:\/\/zamuletas.lt\/en\/wp-json\/wp\/v2\/product_brand?post=29357"},{"taxonomy":"product_cat","embeddable":true,"href":"https:\/\/zamuletas.lt\/en\/wp-json\/wp\/v2\/product_cat?post=29357"},{"taxonomy":"product_tag","embeddable":true,"href":"https:\/\/zamuletas.lt\/en\/wp-json\/wp\/v2\/product_tag?post=29357"}],"curies":[{"name":"wp","href":"https:\/\/api.w.org\/{rel}","templated":true}]}}