{"id":29372,"date":"2025-11-27T09:17:15","date_gmt":"2025-11-27T07:17:15","guid":{"rendered":"https:\/\/zamuletas.lt\/?post_type=product&#038;p=29372"},"modified":"2026-02-24T15:07:38","modified_gmt":"2026-02-24T13:07:38","slug":"ranku-darbo-baltu-smeige-saulute","status":"publish","type":"product","link":"https:\/\/zamuletas.lt\/en\/produktas\/ranku-darbo-baltu-smeige-saulute\/","title":{"rendered":"Rank\u0173 darbo Balt\u0173 smeig\u0117 \u201eSaulut\u0117\u201c"},"content":{"rendered":"<p data-path-to-node=\"13\"><b>Saul\u0117s \u0161viesa ir senov\u0117s elegancija<\/b><\/p>\n<p data-path-to-node=\"14\">Rank\u0173 darbo Balt\u0173 smeig\u0117 \u201eSaulut\u0117\u201c. \u0160i rank\u0173 darbo smeig\u0117 \u2013 tai subtilus, ta\u010diau prasmingas aksesuaras, atspindintis balti\u0161k\u0105 pagarb\u0105 Saulei. Centrin\u0117 \u201eSaulut\u0117\u201c ne\u0161a optimizm\u0105, gyvyb\u0117s \u0161vies\u0105 ir apsaug\u0105 nuo negatyvo.<\/p>\n<p data-path-to-node=\"15\"><b>Dizainas ir funkcionalumas<\/b><\/p>\n<ul data-path-to-node=\"16\">\n<li>\n<p data-path-to-node=\"16,0,0\"><b>Ilgis ir svoris:<\/b> su <b>90\u2013100 mm ilgiu<\/b> ir <b>5\u20136 g svoriu<\/b>, smeig\u0117 yra ideali ne\u0161ioti kasdien. Ji pakankamai ilga, kad tvirtai susegt\u0173 audin\u012f, bet tokia lengva, kad nei\u0161tempt\u0173 j\u016bs\u0173 m\u0117gstamo megztinio ar \u0161ilkinio \u0161aliko.<\/p>\n<\/li>\n<li>\n<p data-path-to-node=\"16,1,0\"><b>Universalumas:<\/b> Tinka ir <b>vyrams, ir moterims<\/b> \u2013 puikus akcentas skarai, kepurei, \u0161varko atlapui ar megztiniui.<\/p>\n<\/li>\n<\/ul>\n<p data-path-to-node=\"17\"><b>Pasirinkite savo metal\u0105<\/b> \u0160is gaminys si\u016blomas dviej\u0173 metalo variant\u0173, leid\u017eian\u010di\u0173 pritaikyti smeig\u0119 prie J\u016bs\u0173 stiliaus:<\/p>\n<ul data-path-to-node=\"18\">\n<li>\n<p data-path-to-node=\"18,0,0\"><b>\u017dalvaris:<\/b> \u0161iltas, autenti\u0161kas atspalvis, laikui b\u0117gant \u012fgaunantis unikalios patinos.<\/p>\n<\/li>\n<li>\n<p data-path-to-node=\"18,1,0\"><b>Pasidabruotas \u017ealvaris:<\/b> eleganti\u0161kas, v\u0117sus spindesys, primenantis sidabr\u0105.<\/p>\n<\/li>\n<\/ul>\n","protected":false},"excerpt":{"rendered":"<p>\u0160i eleganti\u0161ka rank\u0173 darbo smeig\u0117 su \u201eSaulut\u0117s\u201c motyvu yra tarsi ma\u017eas \u0161ilumos spindulys J\u016bs\u0173 aprangoje. Lengva (<b>5-6 g<\/b>) ir grak\u0161ti, ji idealiai tinka susegti \u0161alikus ar papuo\u0161ti \u0161varko atlap\u0105. Rank\u0173 darbo Balt\u0173 smeig\u0117 \u201eSaulut\u0117\u201c<\/p>\n<p><img loading=\"lazy\" decoding=\"async\" class=\"aligncenter wp-image-29601 size-full\" src=\"https:\/\/zamuletas.lt\/wp-content\/uploads\/2025\/12\/Pagaminta-Lietuvoje-2.png\" alt=\"\" width=\"600\" height=\"200\" srcset=\"https:\/\/zamuletas.lt\/wp-content\/uploads\/2025\/12\/Pagaminta-Lietuvoje-2.png 600w, https:\/\/zamuletas.lt\/wp-content\/uploads\/2025\/12\/Pagaminta-Lietuvoje-2-430x143.png 430w, https:\/\/zamuletas.lt\/wp-content\/uploads\/2025\/12\/Pagaminta-Lietuvoje-2-150x50.png 150w, https:\/\/zamuletas.lt\/wp-content\/uploads\/2025\/12\/Pagaminta-Lietuvoje-2-400x133.png 400w\" sizes=\"auto, (max-width: 600px) 100vw, 600px\" \/><\/p>\n","protected":false},"featured_media":29376,"comment_status":"open","ping_status":"closed","template":"","meta":[],"product_brand":[],"product_cat":[78],"product_tag":[],"class_list":{"0":"post-29372","1":"product","2":"type-product","3":"status-publish","4":"has-post-thumbnail","6":"product_cat-smeiges","8":"first","9":"instock","10":"taxable","11":"shipping-taxable","12":"purchasable","13":"product-type-variable"},"_links":{"self":[{"href":"https:\/\/zamuletas.lt\/en\/wp-json\/wp\/v2\/product\/29372","targetHints":{"allow":["GET"]}}],"collection":[{"href":"https:\/\/zamuletas.lt\/en\/wp-json\/wp\/v2\/product"}],"about":[{"href":"https:\/\/zamuletas.lt\/en\/wp-json\/wp\/v2\/types\/product"}],"replies":[{"embeddable":true,"href":"https:\/\/zamuletas.lt\/en\/wp-json\/wp\/v2\/comments?post=29372"}],"version-history":[{"count":6,"href":"https:\/\/zamuletas.lt\/en\/wp-json\/wp\/v2\/product\/29372\/revisions"}],"predecessor-version":[{"id":30776,"href":"https:\/\/zamuletas.lt\/en\/wp-json\/wp\/v2\/product\/29372\/revisions\/30776"}],"wp:featuredmedia":[{"embeddable":true,"href":"https:\/\/zamuletas.lt\/en\/wp-json\/wp\/v2\/media\/29376"}],"wp:attachment":[{"href":"https:\/\/zamuletas.lt\/en\/wp-json\/wp\/v2\/media?parent=29372"}],"wp:term":[{"taxonomy":"product_brand","embeddable":true,"href":"https:\/\/zamuletas.lt\/en\/wp-json\/wp\/v2\/product_brand?post=29372"},{"taxonomy":"product_cat","embeddable":true,"href":"https:\/\/zamuletas.lt\/en\/wp-json\/wp\/v2\/product_cat?post=29372"},{"taxonomy":"product_tag","embeddable":true,"href":"https:\/\/zamuletas.lt\/en\/wp-json\/wp\/v2\/product_tag?post=29372"}],"curies":[{"name":"wp","href":"https:\/\/api.w.org\/{rel}","templated":true}]}}