{"id":29379,"date":"2025-11-27T09:50:47","date_gmt":"2025-11-27T07:50:47","guid":{"rendered":"https:\/\/zamuletas.lt\/?post_type=product&#038;p=29379"},"modified":"2026-02-24T15:07:11","modified_gmt":"2026-02-24T13:07:11","slug":"auskarai-zalciu-ratas","status":"publish","type":"product","link":"https:\/\/zamuletas.lt\/en\/produktas\/auskarai-zalciu-ratas\/","title":{"rendered":"Auskarai \u201eStiprusis \u017eal\u010di\u0173 ratas\u201c"},"content":{"rendered":"<p data-path-to-node=\"13\"><b>Dvipus\u0117 apsauga ir substancija: stiprus poveikis<\/b><\/p>\n<p data-path-to-node=\"14\">Auskarai \u201eStiprusis \u017eal\u010di\u0173 ratas\u201c. \u0160ie auskarai \u2013 tai meistri\u0161kumo pavyzdys, sujungiantis senov\u0117s Balt\u0173 tradicijas su \u0161iuolaikinio stiliaus diktatu. Amuleto forma yra <b>i\u0161gaubta<\/b> ir <b>dvipus\u0117<\/b>, tod\u0117l jis atrodo tobulai i\u0161 vis\u0173 pusi\u0173. Amuletai yra <b>svar\u016bs (9 g vienas)<\/b>, pabr\u0117\u017eiant gaminio solidum\u0105 ir kokyb\u0119.<\/p>\n<p data-path-to-node=\"15\"><b>Simbolika: gyvyb\u0117s ciklas ir apsauga<\/b> Kiekviename auskare pavaizduoti keturi \u017eal\u010diukai, kurie sudaro am\u017eino gyvenimo rat\u0105. Tikima, kad \u0161is simbolis pasi\u017eymi <b>ypa\u010d stipriu poveikiu<\/b>, atremian\u010diu neigiam\u0105 energij\u0105 ir ne\u0161iojant\u012f s\u0117km\u0119.<\/p>\n<p data-path-to-node=\"16\"><b>Svarbus ilgio pasirinkimas<\/b> Atkreipkite d\u0117mes\u012f: \u0161io gaminio ilgis priklauso nuo pasirinkto metalo tipo, nes kabliukai yra skirtingos konstrukcijos:<\/p>\n<ul data-path-to-node=\"17\">\n<li>\n<p data-path-to-node=\"17,0,0\"><b>\u017dalvaris:<\/b> auskaro ilgis su kabliuku yra <b>50 mm<\/b>.<\/p>\n<\/li>\n<li>\n<p data-path-to-node=\"17,1,0\"><b>Pasidabruotas \u017ealvaris:<\/b> auskaro ilgis su kabliuku yra <b>40 mm<\/b>. <i>(Amuleto skersmuo abiem atvejais 22 mm).<\/i><\/p>\n<\/li>\n<\/ul>\n<p data-path-to-node=\"18\"><b>Med\u017eiagos ir detal\u0117s<\/b><\/p>\n<ul data-path-to-node=\"19\">\n<li>\n<p data-path-to-node=\"19,0,0\"><b>Amuleto skersmuo:<\/b> 22 mm.<\/p>\n<\/li>\n<li>\n<p data-path-to-node=\"19,1,0\"><b>U\u017esegimai:<\/b> u\u017esegimai (kabliukai) pagaminti i\u0161 tos pa\u010dios med\u017eiagos, kaip ir amuletas (\u017ealvario arba pasidabruoto \u017ealvario).<\/p>\n<\/li>\n<\/ul>\n","protected":false},"excerpt":{"rendered":"<p>\u0160ie rank\u0173 darbo auskarai \u2013 tai ne\u0161iojami amuletai. <b>Dvipusis, i\u0161gaubtas<\/b> Saul\u0117s simbolis su keturiais \u017eal\u010diukais sukuria stipr\u0173 apsaugos lauk\u0105 nuo blog\u0173 \u017evilgsni\u0173. Auskarai yra svar\u016bs (<b>9 g vienas<\/b>) ir solid\u016bs. Auskarai \u201eStiprusis \u017eal\u010di\u0173 ratas\u201c<\/p>\n<p><img loading=\"lazy\" decoding=\"async\" class=\"aligncenter wp-image-29601 size-full\" src=\"https:\/\/zamuletas.lt\/wp-content\/uploads\/2025\/12\/Pagaminta-Lietuvoje-2.png\" alt=\"\" width=\"600\" height=\"200\" srcset=\"https:\/\/zamuletas.lt\/wp-content\/uploads\/2025\/12\/Pagaminta-Lietuvoje-2.png 600w, https:\/\/zamuletas.lt\/wp-content\/uploads\/2025\/12\/Pagaminta-Lietuvoje-2-430x143.png 430w, https:\/\/zamuletas.lt\/wp-content\/uploads\/2025\/12\/Pagaminta-Lietuvoje-2-150x50.png 150w, https:\/\/zamuletas.lt\/wp-content\/uploads\/2025\/12\/Pagaminta-Lietuvoje-2-400x133.png 400w\" sizes=\"auto, (max-width: 600px) 100vw, 600px\" \/><\/p>\n","protected":false},"featured_media":29385,"comment_status":"open","ping_status":"closed","template":"","meta":[],"product_brand":[],"product_cat":[79],"product_tag":[],"class_list":{"0":"post-29379","1":"product","2":"type-product","3":"status-publish","4":"has-post-thumbnail","6":"product_cat-auskarai","8":"first","9":"instock","10":"taxable","11":"shipping-taxable","12":"purchasable","13":"product-type-variable"},"_links":{"self":[{"href":"https:\/\/zamuletas.lt\/en\/wp-json\/wp\/v2\/product\/29379","targetHints":{"allow":["GET"]}}],"collection":[{"href":"https:\/\/zamuletas.lt\/en\/wp-json\/wp\/v2\/product"}],"about":[{"href":"https:\/\/zamuletas.lt\/en\/wp-json\/wp\/v2\/types\/product"}],"replies":[{"embeddable":true,"href":"https:\/\/zamuletas.lt\/en\/wp-json\/wp\/v2\/comments?post=29379"}],"version-history":[{"count":6,"href":"https:\/\/zamuletas.lt\/en\/wp-json\/wp\/v2\/product\/29379\/revisions"}],"predecessor-version":[{"id":30774,"href":"https:\/\/zamuletas.lt\/en\/wp-json\/wp\/v2\/product\/29379\/revisions\/30774"}],"wp:featuredmedia":[{"embeddable":true,"href":"https:\/\/zamuletas.lt\/en\/wp-json\/wp\/v2\/media\/29385"}],"wp:attachment":[{"href":"https:\/\/zamuletas.lt\/en\/wp-json\/wp\/v2\/media?parent=29379"}],"wp:term":[{"taxonomy":"product_brand","embeddable":true,"href":"https:\/\/zamuletas.lt\/en\/wp-json\/wp\/v2\/product_brand?post=29379"},{"taxonomy":"product_cat","embeddable":true,"href":"https:\/\/zamuletas.lt\/en\/wp-json\/wp\/v2\/product_cat?post=29379"},{"taxonomy":"product_tag","embeddable":true,"href":"https:\/\/zamuletas.lt\/en\/wp-json\/wp\/v2\/product_tag?post=29379"}],"curies":[{"name":"wp","href":"https:\/\/api.w.org\/{rel}","templated":true}]}}