{"id":29480,"date":"2025-12-01T07:12:10","date_gmt":"2025-12-01T05:12:10","guid":{"rendered":"https:\/\/zamuletas.lt\/?post_type=product&#038;p=29480"},"modified":"2026-02-24T15:06:30","modified_gmt":"2026-02-24T13:06:30","slug":"dvipuse-apyranke-zalciu-ratas","status":"publish","type":"product","link":"https:\/\/zamuletas.lt\/en\/produktas\/dvipuse-apyranke-zalciu-ratas\/","title":{"rendered":"Dvipus\u0117 penki\u0173 amulet\u0173 apyrank\u0117 \u201eStiprusis \u017eal\u010di\u0173 ratas\u201c"},"content":{"rendered":"<p data-path-to-node=\"13\"><b>Meistri\u0161kumo vir\u0161\u016bn\u0117: masyvi apyrank\u0117 su dvipuse apsauga<\/b><\/p>\n<p data-path-to-node=\"14\">Dvipus\u0117 penki\u0173 amulet\u0173 apyrank\u0117 \u201eStiprusis \u017eal\u010di\u0173 ratas\u201c. Tai vienas i\u0161 sud\u0117tingiausi\u0173 ir labiausiai \u012fsp\u016bding\u0173 rank\u0173 darbo k\u016brini\u0173. Apyrank\u0117s vert\u0119 ir ilgaam\u017ei\u0161kum\u0105 u\u017etikrina <b>dvipusis amuletas<\/b> \u2013 tai rei\u0161kia, kad grak\u0161t\u016bs \u017eal\u010di\u0173 siluetai ir am\u017eino gyvenimo ratas yra idealiai atkartoti i\u0161 abiej\u0173 pusi\u0173.<\/p>\n<p data-path-to-node=\"15\"><b>Dizainas, kuriantis prasm\u0119<\/b><\/p>\n<ul data-path-to-node=\"16\">\n<li>\n<p data-path-to-node=\"16,0,0\"><b>Dviguba vizualizacija:<\/b> kadangi visi amuletai yra dvipusiai, apyrank\u0117 atrodo nepriekai\u0161tingai nepriklausomai nuo rie\u0161o judesio.<\/p>\n<\/li>\n<li>\n<p data-path-to-node=\"16,1,0\"><b>Simbolika:<\/b> kiekvienas elementas vaizduoja keturis \u017eal\u010diukus, susijungusius \u012f am\u017eino gyvenimo rat\u0105. \u017dal\u010diai simbolizuoja i\u0161mint\u012f ir atsinaujinim\u0105, o j\u0173 kartojimasis apyrank\u0117je sustiprina apsaugos ir s\u0117km\u0117s poveik\u012f.<\/p>\n<\/li>\n<\/ul>\n","protected":false},"excerpt":{"rendered":"<p>\u0160i, rank\u0173 darbo apyrank\u0117 pagaminta i\u0161 daugyb\u0117s <b>dvipusi\u0173 Saul\u0117s amulet\u0173<\/b>, u\u017etikrinan\u010di\u0173, kad \u017eal\u010di\u0173 ir am\u017eino gyvenimo rato simbolika b\u016bt\u0173 matoma visada. Tai galinga apsauga nuo blogos energijos ir prabangus aksesuaras. Dvipus\u0117 penki\u0173 amulet\u0173 apyrank\u0117 \u201eStiprusis \u017eal\u010di\u0173 ratas\u201c<\/p>\n<p><img loading=\"lazy\" decoding=\"async\" class=\"aligncenter wp-image-29601 size-full\" src=\"https:\/\/zamuletas.lt\/wp-content\/uploads\/2025\/12\/Pagaminta-Lietuvoje-2.png\" alt=\"\" width=\"600\" height=\"200\" srcset=\"https:\/\/zamuletas.lt\/wp-content\/uploads\/2025\/12\/Pagaminta-Lietuvoje-2.png 600w, https:\/\/zamuletas.lt\/wp-content\/uploads\/2025\/12\/Pagaminta-Lietuvoje-2-430x143.png 430w, https:\/\/zamuletas.lt\/wp-content\/uploads\/2025\/12\/Pagaminta-Lietuvoje-2-150x50.png 150w, https:\/\/zamuletas.lt\/wp-content\/uploads\/2025\/12\/Pagaminta-Lietuvoje-2-400x133.png 400w\" sizes=\"auto, (max-width: 600px) 100vw, 600px\" \/><\/p>\n","protected":false},"featured_media":29484,"comment_status":"open","ping_status":"closed","template":"","meta":[],"product_brand":[],"product_cat":[75],"product_tag":[],"class_list":{"0":"post-29480","1":"product","2":"type-product","3":"status-publish","4":"has-post-thumbnail","6":"product_cat-apyrankes","8":"first","9":"instock","10":"taxable","11":"shipping-taxable","12":"purchasable","13":"product-type-variable"},"_links":{"self":[{"href":"https:\/\/zamuletas.lt\/en\/wp-json\/wp\/v2\/product\/29480","targetHints":{"allow":["GET"]}}],"collection":[{"href":"https:\/\/zamuletas.lt\/en\/wp-json\/wp\/v2\/product"}],"about":[{"href":"https:\/\/zamuletas.lt\/en\/wp-json\/wp\/v2\/types\/product"}],"replies":[{"embeddable":true,"href":"https:\/\/zamuletas.lt\/en\/wp-json\/wp\/v2\/comments?post=29480"}],"version-history":[{"count":6,"href":"https:\/\/zamuletas.lt\/en\/wp-json\/wp\/v2\/product\/29480\/revisions"}],"predecessor-version":[{"id":30773,"href":"https:\/\/zamuletas.lt\/en\/wp-json\/wp\/v2\/product\/29480\/revisions\/30773"}],"wp:featuredmedia":[{"embeddable":true,"href":"https:\/\/zamuletas.lt\/en\/wp-json\/wp\/v2\/media\/29484"}],"wp:attachment":[{"href":"https:\/\/zamuletas.lt\/en\/wp-json\/wp\/v2\/media?parent=29480"}],"wp:term":[{"taxonomy":"product_brand","embeddable":true,"href":"https:\/\/zamuletas.lt\/en\/wp-json\/wp\/v2\/product_brand?post=29480"},{"taxonomy":"product_cat","embeddable":true,"href":"https:\/\/zamuletas.lt\/en\/wp-json\/wp\/v2\/product_cat?post=29480"},{"taxonomy":"product_tag","embeddable":true,"href":"https:\/\/zamuletas.lt\/en\/wp-json\/wp\/v2\/product_tag?post=29480"}],"curies":[{"name":"wp","href":"https:\/\/api.w.org\/{rel}","templated":true}]}}