{"id":29502,"date":"2025-12-01T08:47:45","date_gmt":"2025-12-01T06:47:45","guid":{"rendered":"https:\/\/zamuletas.lt\/?post_type=product&#038;p=29502"},"modified":"2026-04-10T21:34:04","modified_gmt":"2026-04-10T18:34:04","slug":"toro-kujo-amuletas","status":"publish","type":"product","link":"https:\/\/zamuletas.lt\/en\/produktas\/toro-kujo-amuletas\/","title":{"rendered":"Toro k\u016bjo amuletas"},"content":{"rendered":"<h4 data-path-to-node=\"13\"><b>Toro k\u016bjo j\u0117ga: amuletas stiprybei ir apsaugai<\/b><\/h4>\n<p data-path-to-node=\"14\">Toro k\u016bjo amuletas. Nors \u0161is gaminys \u012fkv\u0117ptas Skandinav\u0173 mitologijos, <b>Toro k\u016bjo (Mjolnir)<\/b> simbolika puikiai dera su Balt\u0173 vertyb\u0117mis \u2013 kovingumu, ry\u017etu ir apsauga.<\/p>\n<h4 data-path-to-node=\"15\"><b>Galia ir simbolika<\/b> Toro k\u016bjis yra vienas galingiausi\u0173 apsaugini\u0173 simboli\u0173:<\/h4>\n<ul data-path-to-node=\"16\">\n<li>\n<p data-path-to-node=\"16,0,0\"><b>Stipryb\u0117 ir ry\u017etas:<\/b> amuletas skirtas suteikti ne\u0161iotojui fizin\u0117s ir dvasin\u0117s stipryb\u0117s, nugalint sunkumus ir priimant ry\u017etingus sprendimus.<\/p>\n<\/li>\n<li>\n<p data-path-to-node=\"16,1,0\"><b>Apsauga:<\/b> saugo nuo blog\u0173 \u017evilgsni\u0173 ir neigiamos energijos, pritraukia ger\u0105j\u0105 s\u0117km\u0119.<\/p>\n<\/li>\n<li>\n<p data-path-to-node=\"16,2,0\"><b>Dvipusis dizainas:<\/b> amuletas yra <b>dvipusis<\/b>, tod\u0117l atrodo tobulai i\u0161 vis\u0173 pusi\u0173, o tai sustiprina jo apsaugin\u0119 energij\u0105.<\/p>\n<\/li>\n<\/ul>\n<h4 data-path-to-node=\"17\"><\/h4>\n<h4 data-path-to-node=\"17\"><b>Kokyb\u0117 ir kilm\u0117<\/b><\/h4>\n<ul data-path-to-node=\"18\">\n<li>\n<p data-path-to-node=\"18,0,0\"><b>Masyvumas:<\/b> dirbinio ilgis yra <b>42 mm<\/b>, o svoris \u2013 <b>24,4 g<\/b>. \u0160i substancija pabr\u0117\u017eia gaminio vert\u0119 ir tikslingai juntama ne\u0161iojant.<\/p>\n<\/li>\n<li>\n<p data-path-to-node=\"18,1,0\"><b>Med\u017eiaga:<\/b> lietas i\u0161 \u017ealvario, kuris laikui b\u0117gant \u012fgauna nuostabi\u0105, autenti\u0161k\u0105 spalv\u0105.<\/p>\n<\/li>\n<li>\n<p data-path-to-node=\"18,2,0\"><b>Detal\u0117s:<\/b> pakabukas tvirtinamas prie patogios, kokybi\u0161kos <b>odin\u0117s virvut\u0117s<\/b>.<\/p>\n<\/li>\n<li>\n<p data-path-to-node=\"18,3,0\"><b>Pagaminta Lietuvoje:<\/b> mes did\u017eiuojam\u0117s gal\u0117dami pabr\u0117\u017eti, kad \u0161is kokybi\u0161kas amuletas yra sukurtas <b>Lietuvoje.<\/b><\/p>\n<\/li>\n<\/ul>\n","protected":false},"excerpt":{"rendered":"<p data-path-to-node=\"8\">Galingas, dvipusis <b>Toro k\u016bjo (Mjolnir) amuletas<\/b>, simbolizuojantis j\u0117g\u0105, apsaug\u0105 ir ry\u017et\u0105. Jis pagamintas i\u0161 \u017ealvario <b>Lietuvoje<\/b>, sveria net <b>24,4 g<\/b>. \u0160is masyvus amuletas tinka tiek vyrams, tiek moterims. Toro k\u016bjo amuletas<\/p>\n<p data-path-to-node=\"8\"><img loading=\"lazy\" decoding=\"async\" class=\"aligncenter wp-image-29601 size-full\" src=\"https:\/\/zamuletas.lt\/wp-content\/uploads\/2025\/12\/Pagaminta-Lietuvoje-2.png\" alt=\"\" width=\"600\" height=\"200\" srcset=\"https:\/\/zamuletas.lt\/wp-content\/uploads\/2025\/12\/Pagaminta-Lietuvoje-2.png 600w, https:\/\/zamuletas.lt\/wp-content\/uploads\/2025\/12\/Pagaminta-Lietuvoje-2-430x143.png 430w, https:\/\/zamuletas.lt\/wp-content\/uploads\/2025\/12\/Pagaminta-Lietuvoje-2-150x50.png 150w, https:\/\/zamuletas.lt\/wp-content\/uploads\/2025\/12\/Pagaminta-Lietuvoje-2-400x133.png 400w\" sizes=\"auto, (max-width: 600px) 100vw, 600px\" \/><\/p>\n<p data-path-to-node=\"9,0,0\">\n","protected":false},"featured_media":29503,"comment_status":"open","ping_status":"closed","template":"","meta":[],"product_brand":[],"product_cat":[107],"product_tag":[],"class_list":{"0":"post-29502","1":"product","2":"type-product","3":"status-publish","4":"has-post-thumbnail","6":"product_cat-vikingu-papuosalai","8":"first","9":"instock","10":"taxable","11":"shipping-taxable","12":"purchasable","13":"product-type-simple"},"_links":{"self":[{"href":"https:\/\/zamuletas.lt\/en\/wp-json\/wp\/v2\/product\/29502","targetHints":{"allow":["GET"]}}],"collection":[{"href":"https:\/\/zamuletas.lt\/en\/wp-json\/wp\/v2\/product"}],"about":[{"href":"https:\/\/zamuletas.lt\/en\/wp-json\/wp\/v2\/types\/product"}],"replies":[{"embeddable":true,"href":"https:\/\/zamuletas.lt\/en\/wp-json\/wp\/v2\/comments?post=29502"}],"version-history":[{"count":10,"href":"https:\/\/zamuletas.lt\/en\/wp-json\/wp\/v2\/product\/29502\/revisions"}],"predecessor-version":[{"id":30772,"href":"https:\/\/zamuletas.lt\/en\/wp-json\/wp\/v2\/product\/29502\/revisions\/30772"}],"wp:featuredmedia":[{"embeddable":true,"href":"https:\/\/zamuletas.lt\/en\/wp-json\/wp\/v2\/media\/29503"}],"wp:attachment":[{"href":"https:\/\/zamuletas.lt\/en\/wp-json\/wp\/v2\/media?parent=29502"}],"wp:term":[{"taxonomy":"product_brand","embeddable":true,"href":"https:\/\/zamuletas.lt\/en\/wp-json\/wp\/v2\/product_brand?post=29502"},{"taxonomy":"product_cat","embeddable":true,"href":"https:\/\/zamuletas.lt\/en\/wp-json\/wp\/v2\/product_cat?post=29502"},{"taxonomy":"product_tag","embeddable":true,"href":"https:\/\/zamuletas.lt\/en\/wp-json\/wp\/v2\/product_tag?post=29502"}],"curies":[{"name":"wp","href":"https:\/\/api.w.org\/{rel}","templated":true}]}}