{"id":29516,"date":"2025-12-01T08:53:46","date_gmt":"2025-12-01T06:53:46","guid":{"rendered":"https:\/\/zamuletas.lt\/?post_type=product&#038;p=29516"},"modified":"2026-03-12T20:15:54","modified_gmt":"2026-03-12T18:15:54","slug":"ranku-darbo-vikingu-kirvis-vilkas-ir-feniksas","status":"publish","type":"product","link":"https:\/\/zamuletas.lt\/en\/produktas\/ranku-darbo-vikingu-kirvis-vilkas-ir-feniksas\/","title":{"rendered":"Rank\u0173 darbo Viking\u0173 kirvis \u201eVilkas ir Feniksas\u201c"},"content":{"rendered":"<h4 data-path-to-node=\"13\"><b>Dvipus\u0117 kirvio apsauga: vilko stipryb\u0117 ir fenikso atsinaujinimas<\/b><\/h4>\n<p data-path-to-node=\"14\">Rank\u0173 darbo Viking\u0173 kirvis \u201eVilkas ir Feniksas\u201c. \u0160is masyvus rank\u0173 darbo amuletas yra \u012fkv\u0117ptas Viking\u0173 kult\u016bros ir kario j\u0117gos. Kirvis nuo seno buvo laikomas ne tik \u012frankiu, bet ir apsaugos talismanu. D\u0117l <b>dvipusio<\/b> dizaino, amuletas ne\u0161a dvejop\u0105, bet harmoning\u0105 gali\u0105.<\/p>\n<h4 data-path-to-node=\"15\"><b>Simbolika ir poveikis<\/b><\/h4>\n<ul data-path-to-node=\"16\">\n<li>\n<p data-path-to-node=\"16,0,0\"><b>Staugiantis vilkas (viena pus\u0117):<\/b> simbolizuoja laukin\u0119, instinktyvi\u0105 j\u0117g\u0105, i\u0161tikimyb\u0119 ir ry\u017et\u0105 kovoti u\u017e save. Tai stipryb\u0117s ir energijos \u0161altinis.<\/p>\n<\/li>\n<li>\n<p data-path-to-node=\"16,1,0\"><b>Feniksas (kita pus\u0117):<\/b> \u012fk\u016bnija nemirtingum\u0105, atsinaujinim\u0105 ir geb\u0117jim\u0105 pakilti i\u0161 pelen\u0173 po sunkum\u0173. Tai resilience ir permain\u0173 galios simbolis.<\/p>\n<\/li>\n<li>\n<p data-path-to-node=\"16,2,0\"><b>Funkcija:<\/b> amuletas tinka <b>vyrams ir moterims<\/b> kaip talismanas, suteikiantis fizin\u0117s stipryb\u0117s ir dvasinio ry\u017eto priimti bet kokius gyvenimo i\u0161\u0161\u016bkius.<\/p>\n<\/li>\n<\/ul>\n<h4 data-path-to-node=\"17\"><b>Kokyb\u0117 ir detal\u0117s<\/b><\/h4>\n<ul data-path-to-node=\"18\">\n<li>\n<p data-path-to-node=\"18,0,0\"><b>Dirbinys:<\/b> lietas i\u0161 tvirto <b>\u017ealvario<\/b>. Amuletas yra solidus (43 mm ilgio, 12,7 g svorio).<\/p>\n<\/li>\n<li>\n<p data-path-to-node=\"18,1,0\"><b>Pagaminta Lietuvoje:<\/b> mes garantuojame autenti\u0161k\u0105 rank\u0173 darbo kokyb\u0119, su meile sukurt\u0105 \u010dia, Lietuvoje.<\/p>\n<\/li>\n<li>\n<p data-path-to-node=\"18,2,0\"><b>Komplektacija:<\/b> pateikiamas su patvaria virvute, kurios ilgis reguliuojasi.<\/p>\n<\/li>\n<\/ul>\n","protected":false},"excerpt":{"rendered":"<p>\u0160is dvipusis, rank\u0173 darbo Viking\u0173 kirvio amuletas yra tikras <strong>g<\/strong><b>alios simbolis<\/b>. Vienoje pus\u0117je pavaizduotas staugiantis <b>Vilkas<\/b> (stipryb\u0117), kitoje \u2013 <b>Feniksas<\/b> (atsinaujinimas). Suteikia energijos, ry\u017eto ir saugo nuo blogio. Pagaminta Lietuvoje i\u0161 \u017ealvario. Rank\u0173 darbo Viking\u0173 kirvis \u201eVilkas ir Feniksas\u201c<\/p>\n<p><img loading=\"lazy\" decoding=\"async\" class=\"aligncenter wp-image-29601 size-full\" src=\"https:\/\/zamuletas.lt\/wp-content\/uploads\/2025\/12\/Pagaminta-Lietuvoje-2.png\" alt=\"\" width=\"600\" height=\"200\" srcset=\"https:\/\/zamuletas.lt\/wp-content\/uploads\/2025\/12\/Pagaminta-Lietuvoje-2.png 600w, https:\/\/zamuletas.lt\/wp-content\/uploads\/2025\/12\/Pagaminta-Lietuvoje-2-430x143.png 430w, https:\/\/zamuletas.lt\/wp-content\/uploads\/2025\/12\/Pagaminta-Lietuvoje-2-150x50.png 150w, https:\/\/zamuletas.lt\/wp-content\/uploads\/2025\/12\/Pagaminta-Lietuvoje-2-400x133.png 400w\" sizes=\"auto, (max-width: 600px) 100vw, 600px\" \/><\/p>\n","protected":false},"featured_media":29521,"comment_status":"open","ping_status":"closed","template":"","meta":[],"product_brand":[],"product_cat":[107],"product_tag":[],"class_list":{"0":"post-29516","1":"product","2":"type-product","3":"status-publish","4":"has-post-thumbnail","6":"product_cat-vikingu-papuosalai","8":"first","9":"instock","10":"taxable","11":"shipping-taxable","12":"purchasable","13":"product-type-simple"},"_links":{"self":[{"href":"https:\/\/zamuletas.lt\/en\/wp-json\/wp\/v2\/product\/29516","targetHints":{"allow":["GET"]}}],"collection":[{"href":"https:\/\/zamuletas.lt\/en\/wp-json\/wp\/v2\/product"}],"about":[{"href":"https:\/\/zamuletas.lt\/en\/wp-json\/wp\/v2\/types\/product"}],"replies":[{"embeddable":true,"href":"https:\/\/zamuletas.lt\/en\/wp-json\/wp\/v2\/comments?post=29516"}],"version-history":[{"count":6,"href":"https:\/\/zamuletas.lt\/en\/wp-json\/wp\/v2\/product\/29516\/revisions"}],"predecessor-version":[{"id":30770,"href":"https:\/\/zamuletas.lt\/en\/wp-json\/wp\/v2\/product\/29516\/revisions\/30770"}],"wp:featuredmedia":[{"embeddable":true,"href":"https:\/\/zamuletas.lt\/en\/wp-json\/wp\/v2\/media\/29521"}],"wp:attachment":[{"href":"https:\/\/zamuletas.lt\/en\/wp-json\/wp\/v2\/media?parent=29516"}],"wp:term":[{"taxonomy":"product_brand","embeddable":true,"href":"https:\/\/zamuletas.lt\/en\/wp-json\/wp\/v2\/product_brand?post=29516"},{"taxonomy":"product_cat","embeddable":true,"href":"https:\/\/zamuletas.lt\/en\/wp-json\/wp\/v2\/product_cat?post=29516"},{"taxonomy":"product_tag","embeddable":true,"href":"https:\/\/zamuletas.lt\/en\/wp-json\/wp\/v2\/product_tag?post=29516"}],"curies":[{"name":"wp","href":"https:\/\/api.w.org\/{rel}","templated":true}]}}