{"id":29535,"date":"2025-12-01T09:08:55","date_gmt":"2025-12-01T07:08:55","guid":{"rendered":"https:\/\/zamuletas.lt\/?post_type=product&#038;p=29535"},"modified":"2026-03-30T13:29:01","modified_gmt":"2026-03-30T10:29:01","slug":"masyvi-vikingu-apyranke-drakonu-galia","status":"publish","type":"product","link":"https:\/\/zamuletas.lt\/en\/produktas\/masyvi-vikingu-apyranke-drakonu-galia\/","title":{"rendered":"Masyvi Viking\u0173 apyrank\u0117 \u201eDrakon\u0173 galia\u201c"},"content":{"rendered":"<h4 data-path-to-node=\"13\"><b>Drakon\u0173 j\u0117ga: masyvus talismanas s\u0117kmei ir turtui<\/b><\/h4>\n<p data-path-to-node=\"14\">Masyvi Viking\u0173 apyrank\u0117 \u201eDrakon\u0173 galia\u201c. \u0160i rank\u0173 darbo senovinio stiliaus apyrank\u0117 yra i\u0161skirtinai solidi ir galinga. Su <b>38\u201340 g svoriu<\/b> tai yra vienas i\u0161 masyviausi\u0173 m\u016bs\u0173 gamini\u0173, i\u0161kart atkreipiantis d\u0117mes\u012f \u012f ne\u0161iotojo ry\u017et\u0105 ir status\u0105. Gaminys <b>pagamintas Lietuvoje<\/b>, remiantis Viking\u0173 amatininkyst\u0117s tradicijomis.<\/p>\n<h4 data-path-to-node=\"15\"><b>Simbolika: galia ir turtas<\/b> apyrank\u0119 puo\u0161ia <b>du susipyn\u0119 drakonai<\/b>.<\/h4>\n<ul data-path-to-node=\"16\">\n<li>\n<p data-path-to-node=\"16,0,0\"><b>Galios simbolis:<\/b> drakonai visose kult\u016brose simbolizuoja didel\u0119 j\u0117g\u0105, ilgaam\u017ei\u0161kum\u0105 ir apsaug\u0105.<\/p>\n<\/li>\n<li>\n<p data-path-to-node=\"16,1,0\"><b>S\u0117km\u0117 ir turtai:<\/b> \u0161is motyvas yra stiprus talismanas, tikima, kad jis ne\u0161a s\u0117km\u0119, laim\u0119 ir ypa\u010d <b>pritraukia finansin\u0119 gerov\u0119 bei pinigus<\/b>.<\/p>\n<\/li>\n<li>\n<p data-path-to-node=\"16,2,0\"><b>Pasagin\u0117 forma:<\/b> atviros pasagos forma papildomai u\u017etikrina apsaug\u0105 ir s\u0117km\u0119.<\/p>\n<\/li>\n<\/ul>\n<h4 data-path-to-node=\"17\"><b>Med\u017eiagos ir konstrukcija<\/b><\/h4>\n<ul data-path-to-node=\"18\">\n<li>\n<p data-path-to-node=\"18,0,0\"><b>Svoris ir dydis:<\/b> apyrank\u0117s <b>vidinis skersmuo 60 mm<\/b>. Masyvus svoris suteikia apyrankei patvarumo ir solidumo jausm\u0105.<\/p>\n<\/li>\n<li>\n<p data-path-to-node=\"18,1,0\"><b>Pasirinkimas:<\/b> rinkit\u0117s autenti\u0161k\u0105 <b>\u017ealvar\u012f<\/b> (\u0161iltas tonas) arba eleganti\u0161k\u0105 <b>pasidabruot\u0105 \u017ealvar\u012f<\/b> (v\u0117sesnis tonas), skirt\u0105 pabr\u0117\u017eti subtilias drakon\u0173 detales.<\/p>\n<\/li>\n<li>\n<p data-path-to-node=\"18,2,0\"><b>Universalumas:<\/b> tinka ir <b>vyrams, ir moterims<\/b>, vertinantiems istorij\u0105 ir gali\u0105.<\/p>\n<\/li>\n<\/ul>\n","protected":false},"excerpt":{"rendered":"<p>\u0160i <b>Lietuvoje pagaminta<\/b>, pasagin\u0117s formos apyrank\u0117 yra did\u017eiausios galios simbolis. J\u0105 puo\u0161ia susipyn\u0119 du drakonai, kurie ne\u0161a <b>stipryb\u0119, s\u0117km\u0119, laim\u0119 ir pritraukia pinigus<\/b>. Apyrank\u0117 yra itin <b>masyvi<\/b> ir svari (<b>38\u201340 g<\/b>). Masyvi Viking\u0173 apyrank\u0117 \u201eDrakon\u0173 galia\u201c<\/p>\n<p><img loading=\"lazy\" decoding=\"async\" class=\"aligncenter wp-image-29601 size-full\" src=\"https:\/\/zamuletas.lt\/wp-content\/uploads\/2025\/12\/Pagaminta-Lietuvoje-2.png\" alt=\"\" width=\"600\" height=\"200\" srcset=\"https:\/\/zamuletas.lt\/wp-content\/uploads\/2025\/12\/Pagaminta-Lietuvoje-2.png 600w, https:\/\/zamuletas.lt\/wp-content\/uploads\/2025\/12\/Pagaminta-Lietuvoje-2-430x143.png 430w, https:\/\/zamuletas.lt\/wp-content\/uploads\/2025\/12\/Pagaminta-Lietuvoje-2-150x50.png 150w, https:\/\/zamuletas.lt\/wp-content\/uploads\/2025\/12\/Pagaminta-Lietuvoje-2-400x133.png 400w\" sizes=\"auto, (max-width: 600px) 100vw, 600px\" \/><\/p>\n","protected":false},"featured_media":29537,"comment_status":"open","ping_status":"closed","template":"","meta":[],"product_brand":[],"product_cat":[107],"product_tag":[],"class_list":{"0":"post-29535","1":"product","2":"type-product","3":"status-publish","4":"has-post-thumbnail","6":"product_cat-vikingu-papuosalai","8":"first","9":"instock","10":"taxable","11":"shipping-taxable","12":"purchasable","13":"product-type-variable"},"_links":{"self":[{"href":"https:\/\/zamuletas.lt\/en\/wp-json\/wp\/v2\/product\/29535","targetHints":{"allow":["GET"]}}],"collection":[{"href":"https:\/\/zamuletas.lt\/en\/wp-json\/wp\/v2\/product"}],"about":[{"href":"https:\/\/zamuletas.lt\/en\/wp-json\/wp\/v2\/types\/product"}],"replies":[{"embeddable":true,"href":"https:\/\/zamuletas.lt\/en\/wp-json\/wp\/v2\/comments?post=29535"}],"version-history":[{"count":5,"href":"https:\/\/zamuletas.lt\/en\/wp-json\/wp\/v2\/product\/29535\/revisions"}],"predecessor-version":[{"id":30768,"href":"https:\/\/zamuletas.lt\/en\/wp-json\/wp\/v2\/product\/29535\/revisions\/30768"}],"wp:featuredmedia":[{"embeddable":true,"href":"https:\/\/zamuletas.lt\/en\/wp-json\/wp\/v2\/media\/29537"}],"wp:attachment":[{"href":"https:\/\/zamuletas.lt\/en\/wp-json\/wp\/v2\/media?parent=29535"}],"wp:term":[{"taxonomy":"product_brand","embeddable":true,"href":"https:\/\/zamuletas.lt\/en\/wp-json\/wp\/v2\/product_brand?post=29535"},{"taxonomy":"product_cat","embeddable":true,"href":"https:\/\/zamuletas.lt\/en\/wp-json\/wp\/v2\/product_cat?post=29535"},{"taxonomy":"product_tag","embeddable":true,"href":"https:\/\/zamuletas.lt\/en\/wp-json\/wp\/v2\/product_tag?post=29535"}],"curies":[{"name":"wp","href":"https:\/\/api.w.org\/{rel}","templated":true}]}}