{"id":29547,"date":"2025-12-01T09:17:48","date_gmt":"2025-12-01T07:17:48","guid":{"rendered":"https:\/\/zamuletas.lt\/?post_type=product&#038;p=29547"},"modified":"2026-03-10T11:12:28","modified_gmt":"2026-03-10T09:12:28","slug":"ranku-darbo-vikingu-ziedas-su-runomis","status":"publish","type":"product","link":"https:\/\/zamuletas.lt\/en\/produktas\/ranku-darbo-vikingu-ziedas-su-runomis\/","title":{"rendered":"Rank\u0173 darbo Viking\u0173 \u017eiedas su Runomis"},"content":{"rendered":"<h4 data-path-to-node=\"13\"><b>Run\u0173 galia: ne\u0161iojamas talismanas i\u0161min\u010diai ir turtams<\/b><\/h4>\n<p data-path-to-node=\"14\">Rank\u0173 darbo Viking\u0173 \u017eiedas su Runomis. \u0160is rank\u0173 darbo senovinio stiliaus \u017eiedas \u012fk\u016bnija Viking\u0173 tik\u0117jim\u0105 Run\u0173 magija. Tai n\u0117ra tik papuo\u0161alas \u2013 tai stipryb\u0117s ir s\u0117km\u0117s simbolis, sukurtas tapti J\u016bs\u0173 nuolatiniu energijos \u0161altiniu.<\/p>\n<h4 data-path-to-node=\"15\"><b>Simbolika ir poveikis<\/b><\/h4>\n<ul data-path-to-node=\"16\">\n<li>\n<p data-path-to-node=\"16,0,0\"><b>Run\u0173 i\u0161mintis:<\/b> Runos, i\u0161graviruotos ant \u017eiedo, yra ne tik ra\u0161to \u017eenklai, bet ir kosmini\u0173 j\u0117g\u0173 simboliai, teikiantys <b>i\u0161minties<\/b> priimant sprendimus ir <b>ry\u017eto<\/b> siekiant tiksl\u0173.<\/p>\n<\/li>\n<li>\n<p data-path-to-node=\"16,1,0\"><b>S\u0117km\u0117 ir turtai:<\/b> tikima, kad \u0161is amuletas ne\u0161a s\u0117km\u0119, laim\u0119 bei turi gali\u0105 pritraukti <b>pinigin\u0119 gerov\u0119<\/b>.<\/p>\n<\/li>\n<\/ul>\n<h4 data-path-to-node=\"17\"><b>Med\u017eiagos ir konstrukcija<\/b><\/h4>\n<ul data-path-to-node=\"18\">\n<li>\n<p data-path-to-node=\"18,0,0\"><b>Masyvus svoris:<\/b> \u017eiedas sveria <b>8\u201310 g<\/b>, kas u\u017etikrina jo tvirtum\u0105 ir solid\u0173, sunk\u0173 jausm\u0105 ant rankos.<\/p>\n<\/li>\n<li>\n<p data-path-to-node=\"18,1,0\"><b>Med\u017eiagos pasirinkimas:<\/b> galite rinktis \u0161iltai auksin\u012f <b>\u017ealvar\u012f<\/b> arba eleganti\u0161k\u0105 <b>pasidabruot\u0105 \u017ealvar\u012f<\/b>.<\/p>\n<\/li>\n<li>\n<p data-path-to-node=\"18,2,0\"><b>Dydis:<\/b> d\u0117l didesnio dyd\u017ei\u0173 diapazono (<strong>EU 20.7-21.2 \/ US<\/strong> <b>11\u201311.75<\/b>) \u017eiedas puikiai tinka vyrams ar ne\u0161iojimui ant stambesni\u0173 pir\u0161t\u0173.<\/p>\n<\/li>\n<\/ul>\n<p data-path-to-node=\"19\"><b>Pagaminta Lietuvoje:<\/b> Mes garantuojame, kad \u0161is gaminys yra kokybi\u0161kai pagamintas Lietuvoje, puosel\u0117jant amatininkyst\u0117s tradicijas.<\/p>\n","protected":false},"excerpt":{"rendered":"<p>\u0160is masyvus, <b>Lietuvoje pagamintas<\/b> \u017eiedas puo\u0161tas Runomis \u2013 senov\u0117s Viking\u0173 simboliais. Jis ne\u0161a <b>i\u0161mint\u012f, stipryb\u0119<\/b> ir yra stiprus s\u0117km\u0117s talismanas, pritraukiantis <b>laim\u0119 bei pinigus<\/b>. Rank\u0173 darbo Viking\u0173 \u017eiedas su Runomis.<\/p>\n<p><img loading=\"lazy\" decoding=\"async\" class=\"aligncenter wp-image-29601 size-full\" src=\"https:\/\/zamuletas.lt\/wp-content\/uploads\/2025\/12\/Pagaminta-Lietuvoje-2.png\" alt=\"\" width=\"600\" height=\"200\" srcset=\"https:\/\/zamuletas.lt\/wp-content\/uploads\/2025\/12\/Pagaminta-Lietuvoje-2.png 600w, https:\/\/zamuletas.lt\/wp-content\/uploads\/2025\/12\/Pagaminta-Lietuvoje-2-430x143.png 430w, https:\/\/zamuletas.lt\/wp-content\/uploads\/2025\/12\/Pagaminta-Lietuvoje-2-150x50.png 150w, https:\/\/zamuletas.lt\/wp-content\/uploads\/2025\/12\/Pagaminta-Lietuvoje-2-400x133.png 400w\" sizes=\"auto, (max-width: 600px) 100vw, 600px\" \/><\/p>\n","protected":false},"featured_media":29548,"comment_status":"open","ping_status":"closed","template":"","meta":[],"product_brand":[],"product_cat":[107,80],"product_tag":[],"class_list":{"0":"post-29547","1":"product","2":"type-product","3":"status-publish","4":"has-post-thumbnail","6":"product_cat-vikingu-papuosalai","7":"product_cat-ziedai","9":"first","10":"instock","11":"taxable","12":"shipping-taxable","13":"purchasable","14":"product-type-variable"},"_links":{"self":[{"href":"https:\/\/zamuletas.lt\/en\/wp-json\/wp\/v2\/product\/29547","targetHints":{"allow":["GET"]}}],"collection":[{"href":"https:\/\/zamuletas.lt\/en\/wp-json\/wp\/v2\/product"}],"about":[{"href":"https:\/\/zamuletas.lt\/en\/wp-json\/wp\/v2\/types\/product"}],"replies":[{"embeddable":true,"href":"https:\/\/zamuletas.lt\/en\/wp-json\/wp\/v2\/comments?post=29547"}],"version-history":[{"count":6,"href":"https:\/\/zamuletas.lt\/en\/wp-json\/wp\/v2\/product\/29547\/revisions"}],"predecessor-version":[{"id":30767,"href":"https:\/\/zamuletas.lt\/en\/wp-json\/wp\/v2\/product\/29547\/revisions\/30767"}],"wp:featuredmedia":[{"embeddable":true,"href":"https:\/\/zamuletas.lt\/en\/wp-json\/wp\/v2\/media\/29548"}],"wp:attachment":[{"href":"https:\/\/zamuletas.lt\/en\/wp-json\/wp\/v2\/media?parent=29547"}],"wp:term":[{"taxonomy":"product_brand","embeddable":true,"href":"https:\/\/zamuletas.lt\/en\/wp-json\/wp\/v2\/product_brand?post=29547"},{"taxonomy":"product_cat","embeddable":true,"href":"https:\/\/zamuletas.lt\/en\/wp-json\/wp\/v2\/product_cat?post=29547"},{"taxonomy":"product_tag","embeddable":true,"href":"https:\/\/zamuletas.lt\/en\/wp-json\/wp\/v2\/product_tag?post=29547"}],"curies":[{"name":"wp","href":"https:\/\/api.w.org\/{rel}","templated":true}]}}