{"id":29558,"date":"2025-12-01T09:21:53","date_gmt":"2025-12-01T07:21:53","guid":{"rendered":"https:\/\/zamuletas.lt\/?post_type=product&#038;p=29558"},"modified":"2026-02-24T14:52:14","modified_gmt":"2026-02-24T12:52:14","slug":"masyvus-vikingu-ziedas-toro-kujis","status":"publish","type":"product","link":"https:\/\/zamuletas.lt\/en\/produktas\/masyvus-vikingu-ziedas-toro-kujis\/","title":{"rendered":"Masyvus Viking\u0173 \u017eiedas \u201eToro k\u016bjis\u201c"},"content":{"rendered":"<h4 data-path-to-node=\"13\"><b>Galingas simbolis: masyvus \u017eiedas dr\u0105siems<\/b><\/h4>\n<p data-path-to-node=\"14\">Masyvus Viking\u0173 \u017eiedas \u201eToro k\u016bjis\u201c. \u0160is rank\u0173 darbo, senovinio stiliaus \u017eiedas skirtas ne\u0161ioti kaip nuolatinis j\u0117gos ir ry\u017eto \u0161altinis. D\u0117l savo <b>didelio svorio (15\u201316 g)<\/b> ir <b>solidaus dyd\u017eio (US 9.5 \/ EU 19.5)<\/b>, jis i\u0161kart tampa pagrindiniu J\u016bs\u0173 stiliaus akcentu.<\/p>\n<h4 data-path-to-node=\"15\"><b>Simbolika ir apsauga<\/b> <b>Toro k\u016bjis (Mjolnir)<\/b> yra vienas \u017einomiausi\u0173 Viking\u0173 simboli\u0173, rei\u0161kiantis:<\/h4>\n<ul data-path-to-node=\"16\">\n<li>\n<p data-path-to-node=\"16,0,0\"><b>Stipryb\u0119 ir energij\u0105:<\/b> nuolatinis energijos \u0161altinis, suteikiantis ry\u017eto siekti tiksl\u0173.<\/p>\n<\/li>\n<li>\n<p data-path-to-node=\"16,1,0\"><b>Apsaug\u0105:<\/b> \u017eiedas veikia kaip galingas talismanas, saugantis ne\u0161iotoj\u0105 nuo blog\u0173 \u017evilgsni\u0173 ir neigiamos energijos.<\/p>\n<\/li>\n<\/ul>\n<h4 data-path-to-node=\"17\"><b>Rank\u0173 darbo kokyb\u0117<\/b><\/h4>\n<ul data-path-to-node=\"18\">\n<li>\n<p data-path-to-node=\"18,0,0\"><b>Masyvumas:<\/b> itin didelis svoris u\u017etikrina tvirtum\u0105 ir ilgaam\u017ei\u0161kum\u0105.<\/p>\n<\/li>\n<li>\n<p data-path-to-node=\"18,1,0\"><b>Kilm\u0117:<\/b> \u017eiedas yra <b>pagamintas Lietuvoje<\/b>, puosel\u0117jant amatininkyst\u0117s kokyb\u0117s tradicijas.<\/p>\n<\/li>\n<li>\n<p data-path-to-node=\"18,2,0\"><b>Med\u017eiagos pasirinkimas:<\/b> Rinkit\u0117s autenti\u0161k\u0105 <b>\u017ealvar\u012f<\/b> arba eleganti\u0161k\u0105 <b>pasidabruot\u0105 \u017ealvar\u012f<\/b>, kuris i\u0161ry\u0161kina kiekvien\u0105 Mjolnir detal\u0119.<\/p>\n<\/li>\n<\/ul>\n<p data-path-to-node=\"19\">\u017diedas tinka <b>vyrams ir moterims<\/b>, vertinantiems ry\u017eting\u0105 stili\u0173.<\/p>\n","protected":false},"excerpt":{"rendered":"<p>Galingas ir masyvus, <b>Lietuvoje pagamintas<\/b> \u017eiedas su Toro k\u016bjo (Mjolnir) simboliu. Tai ne tik stilingas aksesuaras, bet ir galingas apsaugos talismanas, suteikiantis <b>stipryb\u0117s, ry\u017eto ir energijos<\/b>. Masyvus Viking\u0173 \u017eiedas \u201eToro k\u016bjis\u201c.<\/p>\n<p><img loading=\"lazy\" decoding=\"async\" class=\"aligncenter wp-image-29601 size-full\" src=\"https:\/\/zamuletas.lt\/wp-content\/uploads\/2025\/12\/Pagaminta-Lietuvoje-2.png\" alt=\"\" width=\"600\" height=\"200\" srcset=\"https:\/\/zamuletas.lt\/wp-content\/uploads\/2025\/12\/Pagaminta-Lietuvoje-2.png 600w, https:\/\/zamuletas.lt\/wp-content\/uploads\/2025\/12\/Pagaminta-Lietuvoje-2-430x143.png 430w, https:\/\/zamuletas.lt\/wp-content\/uploads\/2025\/12\/Pagaminta-Lietuvoje-2-150x50.png 150w, https:\/\/zamuletas.lt\/wp-content\/uploads\/2025\/12\/Pagaminta-Lietuvoje-2-400x133.png 400w\" sizes=\"auto, (max-width: 600px) 100vw, 600px\" \/><\/p>\n","protected":false},"featured_media":29559,"comment_status":"open","ping_status":"closed","template":"","meta":[],"product_brand":[],"product_cat":[107,80],"product_tag":[],"class_list":{"0":"post-29558","1":"product","2":"type-product","3":"status-publish","4":"has-post-thumbnail","6":"product_cat-vikingu-papuosalai","7":"product_cat-ziedai","9":"first","10":"instock","11":"taxable","12":"shipping-taxable","13":"purchasable","14":"product-type-variable"},"_links":{"self":[{"href":"https:\/\/zamuletas.lt\/en\/wp-json\/wp\/v2\/product\/29558","targetHints":{"allow":["GET"]}}],"collection":[{"href":"https:\/\/zamuletas.lt\/en\/wp-json\/wp\/v2\/product"}],"about":[{"href":"https:\/\/zamuletas.lt\/en\/wp-json\/wp\/v2\/types\/product"}],"replies":[{"embeddable":true,"href":"https:\/\/zamuletas.lt\/en\/wp-json\/wp\/v2\/comments?post=29558"}],"version-history":[{"count":8,"href":"https:\/\/zamuletas.lt\/en\/wp-json\/wp\/v2\/product\/29558\/revisions"}],"predecessor-version":[{"id":30766,"href":"https:\/\/zamuletas.lt\/en\/wp-json\/wp\/v2\/product\/29558\/revisions\/30766"}],"wp:featuredmedia":[{"embeddable":true,"href":"https:\/\/zamuletas.lt\/en\/wp-json\/wp\/v2\/media\/29559"}],"wp:attachment":[{"href":"https:\/\/zamuletas.lt\/en\/wp-json\/wp\/v2\/media?parent=29558"}],"wp:term":[{"taxonomy":"product_brand","embeddable":true,"href":"https:\/\/zamuletas.lt\/en\/wp-json\/wp\/v2\/product_brand?post=29558"},{"taxonomy":"product_cat","embeddable":true,"href":"https:\/\/zamuletas.lt\/en\/wp-json\/wp\/v2\/product_cat?post=29558"},{"taxonomy":"product_tag","embeddable":true,"href":"https:\/\/zamuletas.lt\/en\/wp-json\/wp\/v2\/product_tag?post=29558"}],"curies":[{"name":"wp","href":"https:\/\/api.w.org\/{rel}","templated":true}]}}