{"id":29566,"date":"2025-12-01T09:27:42","date_gmt":"2025-12-01T07:27:42","guid":{"rendered":"https:\/\/zamuletas.lt\/?post_type=product&#038;p=29566"},"modified":"2026-02-24T14:51:34","modified_gmt":"2026-02-24T12:51:34","slug":"masyvus-vikingu-medalionas-su-runomis","status":"publish","type":"product","link":"https:\/\/zamuletas.lt\/en\/produktas\/masyvus-vikingu-medalionas-su-runomis\/","title":{"rendered":"Masyvus Viking\u0173 medalionas su Runomis"},"content":{"rendered":"<h4 data-path-to-node=\"13\"><b>Run\u0173 magija: masyvus dvipusis talismanas<\/b><\/h4>\n<p data-path-to-node=\"14\">Masyvus Viking\u0173 medalionas su Runomis. \u0160is senovinio stiliaus medalionas yra skirtas tiems, kurie ie\u0161ko ne tik papuo\u0161alo, bet ir nuolatinio dvasinio bei fizinio palaikymo \u0161altinio. Gaminys yra <b>dvipusis<\/b>, kas rei\u0161kia, kad Run\u0173 simbolika, rei\u0161kianti magij\u0105, i\u0161mint\u012f ir gali\u0105, veikia efektyviai, nepriklausomai nuo to, kaip medalionas pasisuks.<\/p>\n<h4 data-path-to-node=\"15\"><b>Galia ir savyb\u0117s<\/b><\/h4>\n<ul data-path-to-node=\"16\">\n<li>\n<p data-path-to-node=\"16,0,0\"><b>Run\u0173 energija:<\/b> medalione \u012fspaustos Runos yra ne tik dekoras, bet ir energijos kanalai, kurie ne\u0161iotojui suteikia <b>stipryb\u0117s, ry\u017eto<\/b> bei saugo nuo visos neigiamos energijos ir blog\u0173 \u017evilgsni\u0173.<\/p>\n<\/li>\n<li>\n<p data-path-to-node=\"16,1,0\"><b>Solidumas:<\/b> Su <b>36 mm skersmeniu<\/b> ir <b>20\u201321 g svoriu<\/b>, medalionas yra i\u0161ties masyvus ir solidus, pabr\u0117\u017eiant ne\u0161iotojo ry\u017etingum\u0105.<\/p>\n<\/li>\n<\/ul>\n<h4 data-path-to-node=\"17\"><b>Kokyb\u0117 ir kilm\u0117<\/b><\/h4>\n<ul data-path-to-node=\"18\">\n<li>\n<p data-path-to-node=\"18,0,0\"><b>Pagaminta Lietuvoje:<\/b> mes garantuojame auk\u0161t\u0105 rank\u0173 darbo kokyb\u0119, puosel\u0117jan\u010di\u0105 Balt\u0173 ir Viking\u0173 amatininkyst\u0117s tradicijas.<\/p>\n<\/li>\n<li>\n<p data-path-to-node=\"18,1,0\"><b>Med\u017eiagos:<\/b> rinkit\u0117s autenti\u0161k\u0105 <b>\u017ealvar\u012f<\/b> (\u0161iltam, senoviniam tonui) arba <b>pasidabruot\u0105 \u017ealvar\u012f<\/b> (eleganti\u0161kam, v\u0117sesniam atspalviui).<\/p>\n<\/li>\n<li>\n<p data-path-to-node=\"18,2,0\"><b>Komplektacija:<\/b> medalionas parduodamas su patvaria virvute, kurios ilgis reguliuojasi.<\/p>\n<\/li>\n<\/ul>\n<p data-path-to-node=\"19\">\n","protected":false},"excerpt":{"rendered":"<p>\u0160is rank\u0173 darbo, <b>Lietuvoje pagamintas<\/b> medalionas yra galingas Viking\u0173 simbolis. <b>Dvipusis<\/b> dizainas su Runomis u\u017etikrina maksimali\u0105 apsaug\u0105 nuo blog\u0173 \u017evilgsni\u0173, suteikia <b>stipryb\u0117s, ry\u017eto ir energijos<\/b>. Medalionas yra solidus (<b>36 mm<\/b> skersmens, <b>20\u201321 g<\/b> svorio). Masyvus Viking\u0173 medalionas su Runomis.<\/p>\n<p><img loading=\"lazy\" decoding=\"async\" class=\"aligncenter wp-image-29601 size-full\" src=\"https:\/\/zamuletas.lt\/wp-content\/uploads\/2025\/12\/Pagaminta-Lietuvoje-2.png\" alt=\"\" width=\"600\" height=\"200\" srcset=\"https:\/\/zamuletas.lt\/wp-content\/uploads\/2025\/12\/Pagaminta-Lietuvoje-2.png 600w, https:\/\/zamuletas.lt\/wp-content\/uploads\/2025\/12\/Pagaminta-Lietuvoje-2-430x143.png 430w, https:\/\/zamuletas.lt\/wp-content\/uploads\/2025\/12\/Pagaminta-Lietuvoje-2-150x50.png 150w, https:\/\/zamuletas.lt\/wp-content\/uploads\/2025\/12\/Pagaminta-Lietuvoje-2-400x133.png 400w\" sizes=\"auto, (max-width: 600px) 100vw, 600px\" \/><\/p>\n","protected":false},"featured_media":29568,"comment_status":"open","ping_status":"closed","template":"","meta":[],"product_brand":[],"product_cat":[107],"product_tag":[],"class_list":{"0":"post-29566","1":"product","2":"type-product","3":"status-publish","4":"has-post-thumbnail","6":"product_cat-vikingu-papuosalai","8":"first","9":"instock","10":"taxable","11":"shipping-taxable","12":"purchasable","13":"product-type-variable"},"_links":{"self":[{"href":"https:\/\/zamuletas.lt\/en\/wp-json\/wp\/v2\/product\/29566","targetHints":{"allow":["GET"]}}],"collection":[{"href":"https:\/\/zamuletas.lt\/en\/wp-json\/wp\/v2\/product"}],"about":[{"href":"https:\/\/zamuletas.lt\/en\/wp-json\/wp\/v2\/types\/product"}],"replies":[{"embeddable":true,"href":"https:\/\/zamuletas.lt\/en\/wp-json\/wp\/v2\/comments?post=29566"}],"version-history":[{"count":6,"href":"https:\/\/zamuletas.lt\/en\/wp-json\/wp\/v2\/product\/29566\/revisions"}],"predecessor-version":[{"id":30765,"href":"https:\/\/zamuletas.lt\/en\/wp-json\/wp\/v2\/product\/29566\/revisions\/30765"}],"wp:featuredmedia":[{"embeddable":true,"href":"https:\/\/zamuletas.lt\/en\/wp-json\/wp\/v2\/media\/29568"}],"wp:attachment":[{"href":"https:\/\/zamuletas.lt\/en\/wp-json\/wp\/v2\/media?parent=29566"}],"wp:term":[{"taxonomy":"product_brand","embeddable":true,"href":"https:\/\/zamuletas.lt\/en\/wp-json\/wp\/v2\/product_brand?post=29566"},{"taxonomy":"product_cat","embeddable":true,"href":"https:\/\/zamuletas.lt\/en\/wp-json\/wp\/v2\/product_cat?post=29566"},{"taxonomy":"product_tag","embeddable":true,"href":"https:\/\/zamuletas.lt\/en\/wp-json\/wp\/v2\/product_tag?post=29566"}],"curies":[{"name":"wp","href":"https:\/\/api.w.org\/{rel}","templated":true}]}}