{"id":29575,"date":"2025-12-01T09:40:26","date_gmt":"2025-12-01T07:40:26","guid":{"rendered":"https:\/\/zamuletas.lt\/?post_type=product&#038;p=29575"},"modified":"2026-02-24T14:50:45","modified_gmt":"2026-02-24T12:50:45","slug":"masyvus-zalvario-auskarai-zalciu-poros","status":"publish","type":"product","link":"https:\/\/zamuletas.lt\/en\/produktas\/masyvus-zalvario-auskarai-zalciu-poros\/","title":{"rendered":"Auskarai i\u0161 Saul\u0117s amulet\u0173 \u201e\u017dal\u010di\u0173 poros\u201c"},"content":{"rendered":"<h4 data-path-to-node=\"13\"><b>Didingas akcentas: svar\u016bs \u017ealvario auskarai<\/b><\/h4>\n<p data-path-to-node=\"14\">Auskarai i\u0161 Saul\u0117s amulet\u0173 \u201e\u017dal\u010di\u0173 poros\u201c. \u0160ie rank\u0173 darbo auskarai yra didingi ir solid\u016bs, sukurti tiems, kurie nebijo ne\u0161ioti \u012fsp\u016bdingo dyd\u017eio papuo\u0161al\u0173. D\u0117l <b>44 mm skersmens<\/b> ir <b>70 mm bendro ilgio<\/b> jie i\u0161kart atkreipia d\u0117mes\u012f, o <b>16 g svoris (vieno auskaro!)<\/b> patvirtina gaminio solidum\u0105 ir patvarum\u0105.<\/p>\n<p data-path-to-node=\"15\"><b>Unikali simbolika<\/b> Amuletus puo\u0161ia keturi <b>kar\u016bnuoti \u017eal\u010diukai<\/b>, i\u0161d\u0117styti <b>skirtingomis poromis<\/b>. Tai pabr\u0117\u017eia ne tik i\u0161mint\u012f ir s\u0117km\u0119, bet ir gaus\u0105 bei \u012fvairiapus\u0119 apsaug\u0105 visose gyvenimo srityse. Nors amuletas yra <b>vienpusis<\/b>, jo dydis u\u017etikrina, kad simbolika yra puikiai matoma.<\/p>\n<h4 data-path-to-node=\"16\"><b>Med\u017eiagos ir kokyb\u0117<\/b><\/h4>\n<ul data-path-to-node=\"17\">\n<li>\n<p data-path-to-node=\"17,0,0\"><b>Med\u017eiaga:<\/b> amuletai ir kabliukai pagaminti i\u0161 autenti\u0161ko <b>\u017ealvario<\/b>, kuris ilgai tarnaus ir \u012fgaus autenti\u0161k\u0105 patin\u0105.<\/p>\n<\/li>\n<li>\n<p data-path-to-node=\"17,1,0\"><b>Apsauga:<\/b> stiprus Saul\u0117s ir \u017eal\u010di\u0173 simboli\u0173 derinys saugo nuo neigiamos energijos.<\/p>\n<\/li>\n<\/ul>\n<p data-path-to-node=\"18\">Tai gaminys, skirtas tapti pagrindiniu J\u016bs\u0173 aprangos akcentu ir galingu asmeniniu talismanu.<\/p>\n","protected":false},"excerpt":{"rendered":"<p>\u0160ie didingi, <b>70 mm ilgio<\/b> auskarai su <b>44 mm skersmens<\/b> amuletais \u2013 tai tikras vizualus akcentas. Unikalus motyvas: keturios skirtingomis poromis i\u0161d\u0117stytos kar\u016bnuotos \u017eal\u010di\u0173 fig\u016bros sudaro am\u017eino gyvenimo rat\u0105, apsaugant\u012f nuo blogos energijos. Auskarai i\u0161 Saul\u0117s amulet\u0173 \u201e\u017dal\u010di\u0173 poros\u201c.<\/p>\n<p><img loading=\"lazy\" decoding=\"async\" class=\"aligncenter wp-image-29601 size-full\" src=\"https:\/\/zamuletas.lt\/wp-content\/uploads\/2025\/12\/Pagaminta-Lietuvoje-2.png\" alt=\"\" width=\"600\" height=\"200\" srcset=\"https:\/\/zamuletas.lt\/wp-content\/uploads\/2025\/12\/Pagaminta-Lietuvoje-2.png 600w, https:\/\/zamuletas.lt\/wp-content\/uploads\/2025\/12\/Pagaminta-Lietuvoje-2-430x143.png 430w, https:\/\/zamuletas.lt\/wp-content\/uploads\/2025\/12\/Pagaminta-Lietuvoje-2-150x50.png 150w, https:\/\/zamuletas.lt\/wp-content\/uploads\/2025\/12\/Pagaminta-Lietuvoje-2-400x133.png 400w\" sizes=\"auto, (max-width: 600px) 100vw, 600px\" \/><\/p>\n","protected":false},"featured_media":29576,"comment_status":"open","ping_status":"closed","template":"","meta":[],"product_brand":[],"product_cat":[79],"product_tag":[],"class_list":{"0":"post-29575","1":"product","2":"type-product","3":"status-publish","4":"has-post-thumbnail","6":"product_cat-auskarai","8":"first","9":"instock","10":"taxable","11":"shipping-taxable","12":"purchasable","13":"product-type-simple"},"_links":{"self":[{"href":"https:\/\/zamuletas.lt\/en\/wp-json\/wp\/v2\/product\/29575","targetHints":{"allow":["GET"]}}],"collection":[{"href":"https:\/\/zamuletas.lt\/en\/wp-json\/wp\/v2\/product"}],"about":[{"href":"https:\/\/zamuletas.lt\/en\/wp-json\/wp\/v2\/types\/product"}],"replies":[{"embeddable":true,"href":"https:\/\/zamuletas.lt\/en\/wp-json\/wp\/v2\/comments?post=29575"}],"version-history":[{"count":5,"href":"https:\/\/zamuletas.lt\/en\/wp-json\/wp\/v2\/product\/29575\/revisions"}],"predecessor-version":[{"id":30764,"href":"https:\/\/zamuletas.lt\/en\/wp-json\/wp\/v2\/product\/29575\/revisions\/30764"}],"wp:featuredmedia":[{"embeddable":true,"href":"https:\/\/zamuletas.lt\/en\/wp-json\/wp\/v2\/media\/29576"}],"wp:attachment":[{"href":"https:\/\/zamuletas.lt\/en\/wp-json\/wp\/v2\/media?parent=29575"}],"wp:term":[{"taxonomy":"product_brand","embeddable":true,"href":"https:\/\/zamuletas.lt\/en\/wp-json\/wp\/v2\/product_brand?post=29575"},{"taxonomy":"product_cat","embeddable":true,"href":"https:\/\/zamuletas.lt\/en\/wp-json\/wp\/v2\/product_cat?post=29575"},{"taxonomy":"product_tag","embeddable":true,"href":"https:\/\/zamuletas.lt\/en\/wp-json\/wp\/v2\/product_tag?post=29575"}],"curies":[{"name":"wp","href":"https:\/\/api.w.org\/{rel}","templated":true}]}}