{"id":29579,"date":"2025-12-01T09:45:51","date_gmt":"2025-12-01T07:45:51","guid":{"rendered":"https:\/\/zamuletas.lt\/?post_type=product&#038;p=29579"},"modified":"2026-02-24T14:21:24","modified_gmt":"2026-02-24T12:21:24","slug":"auskarai-baltu-arkliukai","status":"publish","type":"product","link":"https:\/\/zamuletas.lt\/en\/produktas\/auskarai-baltu-arkliukai\/","title":{"rendered":"Auskarai \u201eBalt\u0173 \u017eirgeliai\/arkliukai\u201c"},"content":{"rendered":"<h4 data-path-to-node=\"13\"><b>Sveikata ir optimizmas: dvipusiai arkliuk\u0173\/\u017eirgeli\u0173 amuletai<\/b><\/h4>\n<p data-path-to-node=\"14\">Auskarai \u201eBalt\u0173 \u017eirgeliai\/arkliukai\u201c. \u0160ie rank\u0173 darbo auskarai yra subtilus Balt\u0173 simbolikos pavyzdys, puikiai tinkantis kasdieniam ne\u0161iojimui. <b>Arkliukas (\u017eirgelis)<\/b> Balt\u0173 kult\u016broje yra jud\u0117jimo, gyvybingumo, stipryb\u0117s ir sveikatos simbolis.<\/p>\n<h4 data-path-to-node=\"15\"><b>Galia ir patogumas<\/b><\/h4>\n<ul data-path-to-node=\"16\">\n<li>\n<p data-path-to-node=\"16,0,0\"><b>Dvipusis dizainas:<\/b> amuletai yra <b>dvipusiai<\/b>, tod\u0117l \u017eavus arkliuko siluetas matomas nepriklausomai nuo judesio.<\/p>\n<\/li>\n<li>\n<p data-path-to-node=\"16,1,0\"><b>Lengvumas:<\/b> auskarai yra itin lengvi \u2013 <b>vos 2 g vienas<\/b>. Tai idealus pasirinkimas jautrioms ausims, u\u017etikrinantis maksimal\u0173 patogum\u0105 vis\u0105 dien\u0105.<\/p>\n<\/li>\n<li>\n<p data-path-to-node=\"16,2,0\"><b>Simbolika:<\/b> tikima, kad jie saugo nuo blog\u0173 \u017evilgsni\u0173 ir neigiamos energijos, pritraukdami optimizm\u0105 ir ger\u0105 savijaut\u0105.<\/p>\n<\/li>\n<\/ul>\n<h4 data-path-to-node=\"17\"><b>Detal\u0117s<\/b><\/h4>\n<ul data-path-to-node=\"18\">\n<li>\n<p data-path-to-node=\"18,0,0\"><b>Amuletas:<\/b> 19 mm plotis, 10 mm auk\u0161tis.<\/p>\n<\/li>\n<li>\n<p data-path-to-node=\"18,1,0\"><b>Bendras ilgis:<\/b> 35 mm.<\/p>\n<\/li>\n<li>\n<p data-path-to-node=\"18,2,0\"><b>Med\u017eiaga:<\/b> u\u017esegimai ir amuletai pagaminti i\u0161 autenti\u0161ko <b>\u017ealvario<\/b>.<\/p>\n<\/li>\n<li>\n<p data-path-to-node=\"18,3,0\"><b>Paskirtis:<\/b> d\u0117l neutralaus motyvo tinka <b>vyrams ir moterims<\/b>.<\/p>\n<\/li>\n<\/ul>\n","protected":false},"excerpt":{"rendered":"<p>\u0160ie grak\u0161t\u016bs, <b>dvipusiai<\/b> auskarai su arkliuk\u0173 (\u017eirgeli\u0173) amuletais ne\u0161a <b>stipryb\u0119, sveikat\u0105 ir optimizm\u0105<\/b>. Amuletai ir u\u017esegimai \u017ealvariniai. D\u0117l itin ma\u017eo <b>2 g svorio<\/b> (vienas auskaras) tinka patogiam kasdieniam ne\u0161iojimui. Auskarai \u201eBalt\u0173 \u017eirgeliai\/arkliukai\u201c<\/p>\n<p><img loading=\"lazy\" decoding=\"async\" class=\"aligncenter wp-image-29601 size-full\" src=\"https:\/\/zamuletas.lt\/wp-content\/uploads\/2025\/12\/Pagaminta-Lietuvoje-2.png\" alt=\"\" width=\"600\" height=\"200\" srcset=\"https:\/\/zamuletas.lt\/wp-content\/uploads\/2025\/12\/Pagaminta-Lietuvoje-2.png 600w, https:\/\/zamuletas.lt\/wp-content\/uploads\/2025\/12\/Pagaminta-Lietuvoje-2-430x143.png 430w, https:\/\/zamuletas.lt\/wp-content\/uploads\/2025\/12\/Pagaminta-Lietuvoje-2-150x50.png 150w, https:\/\/zamuletas.lt\/wp-content\/uploads\/2025\/12\/Pagaminta-Lietuvoje-2-400x133.png 400w\" sizes=\"auto, (max-width: 600px) 100vw, 600px\" \/><\/p>\n","protected":false},"featured_media":29580,"comment_status":"open","ping_status":"closed","template":"","meta":[],"product_brand":[],"product_cat":[79],"product_tag":[],"class_list":{"0":"post-29579","1":"product","2":"type-product","3":"status-publish","4":"has-post-thumbnail","6":"product_cat-auskarai","8":"first","9":"instock","10":"taxable","11":"shipping-taxable","12":"purchasable","13":"product-type-simple"},"_links":{"self":[{"href":"https:\/\/zamuletas.lt\/en\/wp-json\/wp\/v2\/product\/29579","targetHints":{"allow":["GET"]}}],"collection":[{"href":"https:\/\/zamuletas.lt\/en\/wp-json\/wp\/v2\/product"}],"about":[{"href":"https:\/\/zamuletas.lt\/en\/wp-json\/wp\/v2\/types\/product"}],"replies":[{"embeddable":true,"href":"https:\/\/zamuletas.lt\/en\/wp-json\/wp\/v2\/comments?post=29579"}],"version-history":[{"count":5,"href":"https:\/\/zamuletas.lt\/en\/wp-json\/wp\/v2\/product\/29579\/revisions"}],"predecessor-version":[{"id":30763,"href":"https:\/\/zamuletas.lt\/en\/wp-json\/wp\/v2\/product\/29579\/revisions\/30763"}],"wp:featuredmedia":[{"embeddable":true,"href":"https:\/\/zamuletas.lt\/en\/wp-json\/wp\/v2\/media\/29580"}],"wp:attachment":[{"href":"https:\/\/zamuletas.lt\/en\/wp-json\/wp\/v2\/media?parent=29579"}],"wp:term":[{"taxonomy":"product_brand","embeddable":true,"href":"https:\/\/zamuletas.lt\/en\/wp-json\/wp\/v2\/product_brand?post=29579"},{"taxonomy":"product_cat","embeddable":true,"href":"https:\/\/zamuletas.lt\/en\/wp-json\/wp\/v2\/product_cat?post=29579"},{"taxonomy":"product_tag","embeddable":true,"href":"https:\/\/zamuletas.lt\/en\/wp-json\/wp\/v2\/product_tag?post=29579"}],"curies":[{"name":"wp","href":"https:\/\/api.w.org\/{rel}","templated":true}]}}