{"id":29582,"date":"2025-12-01T09:49:03","date_gmt":"2025-12-01T07:49:03","guid":{"rendered":"https:\/\/zamuletas.lt\/?post_type=product&#038;p=29582"},"modified":"2026-02-24T14:20:59","modified_gmt":"2026-02-24T12:20:59","slug":"auskarai-ldk-trigrasis-ir-vytis","status":"publish","type":"product","link":"https:\/\/zamuletas.lt\/en\/produktas\/auskarai-ldk-trigrasis-ir-vytis\/","title":{"rendered":"Auskarai \u201eLDK Trigra\u0161is ir Vytis\u201c"},"content":{"rendered":"<h4 data-path-to-node=\"13\"><b>Lietuvos Did\u017eiosios Kunigaik\u0161tyst\u0117s paveldas J\u016bs\u0173 ausyse<\/b><\/h4>\n<p data-path-to-node=\"14\">Auskarai \u201eLDK Trigra\u0161is ir Vytis\u201c. \u0160ie rank\u0173 darbo auskarai sujungia du galingiausius Lietuvos valstybingumo simbolius: senovin\u0119 monet\u0105 ir Vyt\u012f. Tai puikus aksesuaras patrioti\u0161kai nusiteikusiems \u017emon\u0117ms ir tiems, kurie vertina autenti\u0161k\u0105, istorija alsuojant\u012f dizain\u0105.<\/p>\n<h4 data-path-to-node=\"15\"><b>Autenti\u0161kas dizainas ir simbolika<\/b><\/h4>\n<ul data-path-to-node=\"16\">\n<li>\n<p data-path-to-node=\"16,0,0\"><b>Moneta:<\/b> monetos amuletai yra kaldinti pagal <b>originalaus 1562 m. \u017dygimanto Augusto trigra\u0161io<\/b> pavyzd\u012f. \u0160is trigra\u0161is simbolizuoja klest\u0117jim\u0105 ir turting\u0105 LDK istorij\u0105.<\/p>\n<\/li>\n<li>\n<p data-path-to-node=\"16,1,0\"><b>Vytis:<\/b> prie monetos pritvirtintas <b>Vytis<\/b> \u2013 kova u\u017e laisv\u0119, stipryb\u0117s ir pergal\u0117s simbolis.<\/p>\n<\/li>\n<li>\n<p data-path-to-node=\"16,2,0\"><b>Bendras poveikis:<\/b> tikima, kad \u0161is derinys ne\u0161a s\u0117km\u0119, stipryb\u0119 ir \u012fkvepia ne\u0161iotoj\u0105.<\/p>\n<\/li>\n<\/ul>\n<h4 data-path-to-node=\"17\"><b>Detal\u0117s ir patogumas<\/b><\/h4>\n<ul data-path-to-node=\"18\">\n<li>\n<p data-path-to-node=\"18,0,0\"><b>Ilgis:<\/b> auskarai yra eleganti\u0161kai ilgi \u2013 <b>68 mm<\/b>.<\/p>\n<\/li>\n<li>\n<p data-path-to-node=\"18,1,0\"><b>Monetos skersmuo:<\/b> 21 mm.<\/p>\n<\/li>\n<li>\n<p data-path-to-node=\"18,2,0\"><b>Vytis:<\/b> 20 mm auk\u0161tis.<\/p>\n<\/li>\n<li>\n<p data-path-to-node=\"18,3,0\"><b>Svoris:<\/b> Su <b>5,5\u20136,0 g<\/b> svoriu (vienas auskaras), jie yra pakankamai lengvi, kad b\u016bt\u0173 patog\u016bs ne\u0161ioti vis\u0105 dien\u0105.<\/p>\n<\/li>\n<li>\n<p data-path-to-node=\"18,4,0\"><b>Med\u017eiaga:<\/b> u\u017esegimai ir amuletai pagaminti i\u0161 auk\u0161tos kokyb\u0117s <b>\u017ealvario<\/b>.<\/p>\n<\/li>\n<\/ul>\n","protected":false},"excerpt":{"rendered":"<p>\u0160ie rank\u0173 darbo auskarai \u2013 tai ne\u0161iojama Lietuvos Did\u017eiosios Kunigaik\u0161tyst\u0117s istorija. Amuletai nukaldinti pagal <b>1562 m. \u017dygimanto Augusto trigra\u0161io<\/b> originali\u0105 monet\u0105, o kompozicij\u0105 u\u017ebaigia <b>Vytis<\/b>. Eleganti\u0161ki ir prasmingi. Auskarai \u201eLDK Trigra\u0161is ir Vytis\u201c<\/p>\n<p><img loading=\"lazy\" decoding=\"async\" class=\"aligncenter wp-image-29601 size-full\" src=\"https:\/\/zamuletas.lt\/wp-content\/uploads\/2025\/12\/Pagaminta-Lietuvoje-2.png\" alt=\"\" width=\"600\" height=\"200\" srcset=\"https:\/\/zamuletas.lt\/wp-content\/uploads\/2025\/12\/Pagaminta-Lietuvoje-2.png 600w, https:\/\/zamuletas.lt\/wp-content\/uploads\/2025\/12\/Pagaminta-Lietuvoje-2-430x143.png 430w, https:\/\/zamuletas.lt\/wp-content\/uploads\/2025\/12\/Pagaminta-Lietuvoje-2-150x50.png 150w, https:\/\/zamuletas.lt\/wp-content\/uploads\/2025\/12\/Pagaminta-Lietuvoje-2-400x133.png 400w\" sizes=\"auto, (max-width: 600px) 100vw, 600px\" \/><\/p>\n","protected":false},"featured_media":29583,"comment_status":"open","ping_status":"closed","template":"","meta":[],"product_brand":[],"product_cat":[79],"product_tag":[],"class_list":{"0":"post-29582","1":"product","2":"type-product","3":"status-publish","4":"has-post-thumbnail","6":"product_cat-auskarai","8":"first","9":"instock","10":"taxable","11":"shipping-taxable","12":"purchasable","13":"product-type-simple"},"_links":{"self":[{"href":"https:\/\/zamuletas.lt\/en\/wp-json\/wp\/v2\/product\/29582","targetHints":{"allow":["GET"]}}],"collection":[{"href":"https:\/\/zamuletas.lt\/en\/wp-json\/wp\/v2\/product"}],"about":[{"href":"https:\/\/zamuletas.lt\/en\/wp-json\/wp\/v2\/types\/product"}],"replies":[{"embeddable":true,"href":"https:\/\/zamuletas.lt\/en\/wp-json\/wp\/v2\/comments?post=29582"}],"version-history":[{"count":5,"href":"https:\/\/zamuletas.lt\/en\/wp-json\/wp\/v2\/product\/29582\/revisions"}],"predecessor-version":[{"id":30762,"href":"https:\/\/zamuletas.lt\/en\/wp-json\/wp\/v2\/product\/29582\/revisions\/30762"}],"wp:featuredmedia":[{"embeddable":true,"href":"https:\/\/zamuletas.lt\/en\/wp-json\/wp\/v2\/media\/29583"}],"wp:attachment":[{"href":"https:\/\/zamuletas.lt\/en\/wp-json\/wp\/v2\/media?parent=29582"}],"wp:term":[{"taxonomy":"product_brand","embeddable":true,"href":"https:\/\/zamuletas.lt\/en\/wp-json\/wp\/v2\/product_brand?post=29582"},{"taxonomy":"product_cat","embeddable":true,"href":"https:\/\/zamuletas.lt\/en\/wp-json\/wp\/v2\/product_cat?post=29582"},{"taxonomy":"product_tag","embeddable":true,"href":"https:\/\/zamuletas.lt\/en\/wp-json\/wp\/v2\/product_tag?post=29582"}],"curies":[{"name":"wp","href":"https:\/\/api.w.org\/{rel}","templated":true}]}}