{"id":29588,"date":"2025-12-01T10:01:37","date_gmt":"2025-12-01T08:01:37","guid":{"rendered":"https:\/\/zamuletas.lt\/?post_type=product&#038;p=29588"},"modified":"2026-02-26T20:21:59","modified_gmt":"2026-02-26T18:21:59","slug":"masyvus-zalvario-amuletas-taskinis-ratas","status":"publish","type":"product","link":"https:\/\/zamuletas.lt\/en\/produktas\/masyvus-zalvario-amuletas-taskinis-ratas\/","title":{"rendered":"Amuletas \u201eBalt\u0173 \u017eemi\u0173 Saul\u0117s ratas su autenti\u0161ku ra\u0161tu\u201c"},"content":{"rendered":"<h4 data-path-to-node=\"13\"><b>Masyvus, istorija alsuojantis amuletas su ta\u0161kiniu ra\u0161tu<\/b><\/h4>\n<p data-path-to-node=\"14\">\u0160is rank\u0173 darbo \u017ealvarinis amuletas yra solidus ir \u012fsp\u016bdingas, skirtas pabr\u0117\u017eti J\u016bs\u0173 autenti\u0161kum\u0105. D\u0117l <b>44 mm skersmens<\/b> ir <b>21\u201322 g svorio<\/b> jis puikiai tinka tiems, kurie vertina substancij\u0105 ir matom\u0105 simbolik\u0105.<\/p>\n<h4 data-path-to-node=\"15\"><b>Simbolika ir dizainas<\/b><\/h4>\n<ul data-path-to-node=\"16\">\n<li>\n<p data-path-to-node=\"16,0,0\"><b>Balt\u0173 \u017eemi\u0173 ratas:<\/b> centrin\u0117 kompozicija, kurioje keturios Balt\u0173 \u017eem\u0117s sudaro am\u017eino gyvenimo rat\u0105, simbolizuoja pastovum\u0105 ir nuolatin\u012f atsinaujinim\u0105.<\/p>\n<\/li>\n<li>\n<p data-path-to-node=\"16,1,0\"><b>Ta\u0161kinis ra\u0161tas:<\/b> amuletas papuo\u0161tas tradiciniu, subtiliu <b>Balt\u0173 ta\u0161kiniu ra\u0161tu<\/b>, kuris suteikia jam senovinio, archeologinio gaminio \u012fsp\u016bd\u012f.<\/p>\n<\/li>\n<li>\n<p data-path-to-node=\"16,2,0\"><b>Apsauga:<\/b> \u0161is amuletas veikia kaip galingas filtras, saugantis ne\u0161iotoj\u0105 nuo blog\u0173 \u017evilgsni\u0173 ir neigiamos aplinkos \u012ftakos.<\/p>\n<\/li>\n<\/ul>\n<h4 data-path-to-node=\"17\"><b>Kokyb\u0117 ir patogumas<\/b><\/h4>\n<ul data-path-to-node=\"18\">\n<li>\n<p data-path-to-node=\"18,0,0\"><b>Med\u017eiaga:<\/b> lietas i\u0161 tvirto <b>\u017ealvario arba pasidarbuoto \u017ealvario.<\/b><\/p>\n<\/li>\n<li>\n<p data-path-to-node=\"18,1,0\"><b>Prakti\u0161kumas:<\/b> tinka <b>vyrams ir moterims<\/b>. Amuletas tvirtinamas prie virvut\u0117s, kurios ilgis lengvai reguliuojasi, leid\u017eiant parinkti ideal\u0173 ne\u0161iojimo auk\u0161t\u012f.<\/p>\n<\/li>\n<\/ul>\n<p>Amuletas \u201eBalt\u0173 \u017eemi\u0173 Saul\u0117s ratas su autenti\u0161ku ra\u0161tu\u201c<\/p>\n","protected":false},"excerpt":{"rendered":"<p>Didingas \u017ealvarinis amuletas su gilia simbolika. I\u0161 Balt\u0173 \u017eemi\u0173 sudarytas am\u017eino gyvenimo ratas, apsuptas autenti\u0161ko <b>ta\u0161kinio Balt\u0173 ra\u0161to<\/b>. Masyvus (44 mm skersmens), vienpusis amuletas veikia kaip stipri apsauga nuo blog\u0173 \u017evilgsni\u0173 ir energijos. Amuletas \u201eBalt\u0173 \u017eemi\u0173 Saul\u0117s ratas su autenti\u0161ku ra\u0161tu\u201c<\/p>\n<p><img loading=\"lazy\" decoding=\"async\" class=\"aligncenter wp-image-29601 size-full\" src=\"https:\/\/zamuletas.lt\/wp-content\/uploads\/2025\/12\/Pagaminta-Lietuvoje-2.png\" alt=\"\" width=\"600\" height=\"200\" srcset=\"https:\/\/zamuletas.lt\/wp-content\/uploads\/2025\/12\/Pagaminta-Lietuvoje-2.png 600w, https:\/\/zamuletas.lt\/wp-content\/uploads\/2025\/12\/Pagaminta-Lietuvoje-2-430x143.png 430w, https:\/\/zamuletas.lt\/wp-content\/uploads\/2025\/12\/Pagaminta-Lietuvoje-2-150x50.png 150w, https:\/\/zamuletas.lt\/wp-content\/uploads\/2025\/12\/Pagaminta-Lietuvoje-2-400x133.png 400w\" sizes=\"auto, (max-width: 600px) 100vw, 600px\" \/><\/p>\n","protected":false},"featured_media":29589,"comment_status":"open","ping_status":"closed","template":"","meta":[],"product_brand":[],"product_cat":[23],"product_tag":[],"class_list":{"0":"post-29588","1":"product","2":"type-product","3":"status-publish","4":"has-post-thumbnail","6":"product_cat-amuletai-ir-kaklo-papuosalai","8":"first","9":"instock","10":"taxable","11":"shipping-taxable","12":"purchasable","13":"product-type-variable"},"_links":{"self":[{"href":"https:\/\/zamuletas.lt\/en\/wp-json\/wp\/v2\/product\/29588","targetHints":{"allow":["GET"]}}],"collection":[{"href":"https:\/\/zamuletas.lt\/en\/wp-json\/wp\/v2\/product"}],"about":[{"href":"https:\/\/zamuletas.lt\/en\/wp-json\/wp\/v2\/types\/product"}],"replies":[{"embeddable":true,"href":"https:\/\/zamuletas.lt\/en\/wp-json\/wp\/v2\/comments?post=29588"}],"version-history":[{"count":14,"href":"https:\/\/zamuletas.lt\/en\/wp-json\/wp\/v2\/product\/29588\/revisions"}],"predecessor-version":[{"id":30761,"href":"https:\/\/zamuletas.lt\/en\/wp-json\/wp\/v2\/product\/29588\/revisions\/30761"}],"wp:featuredmedia":[{"embeddable":true,"href":"https:\/\/zamuletas.lt\/en\/wp-json\/wp\/v2\/media\/29589"}],"wp:attachment":[{"href":"https:\/\/zamuletas.lt\/en\/wp-json\/wp\/v2\/media?parent=29588"}],"wp:term":[{"taxonomy":"product_brand","embeddable":true,"href":"https:\/\/zamuletas.lt\/en\/wp-json\/wp\/v2\/product_brand?post=29588"},{"taxonomy":"product_cat","embeddable":true,"href":"https:\/\/zamuletas.lt\/en\/wp-json\/wp\/v2\/product_cat?post=29588"},{"taxonomy":"product_tag","embeddable":true,"href":"https:\/\/zamuletas.lt\/en\/wp-json\/wp\/v2\/product_tag?post=29588"}],"curies":[{"name":"wp","href":"https:\/\/api.w.org\/{rel}","templated":true}]}}