{"id":29644,"date":"2025-12-01T12:26:07","date_gmt":"2025-12-01T10:26:07","guid":{"rendered":"https:\/\/zamuletas.lt\/?post_type=product&#038;p=29644"},"modified":"2026-02-24T14:19:05","modified_gmt":"2026-02-24T12:19:05","slug":"zalvario-sege-mazoji-pasaga","status":"publish","type":"product","link":"https:\/\/zamuletas.lt\/en\/produktas\/zalvario-sege-mazoji-pasaga\/","title":{"rendered":"\u017dalvarin\u0117 seg\u0117 \u201eMa\u017eoji pasaga\u201c"},"content":{"rendered":"<h4 data-path-to-node=\"13\"><b>Kompakti\u0161ka apsauga: ma\u017eoji pasagin\u0117 seg\u0117<\/b><\/h4>\n<p data-path-to-node=\"14\">\u017dalvarin\u0117 seg\u0117 \u201eMa\u017eoji pasaga\u201c. \u0160i \u017ealvarin\u0117, rank\u0173 darbo seg\u0117 \u2013 tai elegancijos ir prakti\u0161kumo derinys. D\u0117l savo <b>30 mm skersmens<\/b> ji yra subtilesn\u0117 nei masyv\u016bs modeliai ir puikiai tinka susegti plonesnius \u0161alikus, megztinio atlapus ar papuo\u0161ti palaidin\u0117s i\u0161kirpt\u0119.<\/p>\n<h4 data-path-to-node=\"15\"><b>Simbolika ir poveikis<\/b><\/h4>\n<ul data-path-to-node=\"16\">\n<li>\n<p data-path-to-node=\"16,0,0\"><b>S\u0117km\u0117s talismanas:<\/b> kaip ir visos pasagin\u0117s formos seg\u0117s, \u0161i ne\u0161a <b>s\u0117km\u0119, pritraukia laim\u0119<\/b> ir veikia kaip galinga apsauga.<\/p>\n<\/li>\n<li>\n<p data-path-to-node=\"16,1,0\"><b>Apsauga nuo negatyvo:<\/b> ma\u017easis talismanas saugo ne\u0161iotoj\u0105 nuo blog\u0173 \u017evilgsni\u0173 ir neigiamos energijos.<\/p>\n<\/li>\n<\/ul>\n<h4 data-path-to-node=\"17\"><b>Detal\u0117s<\/b><\/h4>\n<ul data-path-to-node=\"18\">\n<li>\n<p data-path-to-node=\"18,0,0\"><b>Svoris:<\/b> lengva (11\u201312 g), nei\u0161tempianti audinio.<\/p>\n<\/li>\n<li>\n<p data-path-to-node=\"18,1,0\"><b>Med\u017eiaga:<\/b> pagaminta i\u0161 autenti\u0161ko <b>\u017ealvario<\/b>, kuris ilgainiui \u012fgauna unikalios patinos.<\/p>\n<\/li>\n<li>\n<p data-path-to-node=\"18,2,0\"><b>Universalumas:<\/b> seg\u0117 tinka <b>vyrams ir moterims<\/b>, m\u0117gstantiems diskreti\u0161kus, bet prasmingus akcentus.<\/p>\n<\/li>\n<\/ul>\n","protected":false},"excerpt":{"rendered":"<p>\u0160i rank\u0173 darbo Balt\u0173 seg\u0117, pasagin\u0117s formos, yra kompakti\u0161ka ir puikiai tinka kasdieniam ne\u0161iojimui. Ji ne\u0161a <b>laim\u0119, s\u0117km\u0119<\/b> ir veikia kaip apsauga nuo blog\u0173 \u017evilgsni\u0173. D\u0117l <b>30 mm skersmens<\/b> ir <b>11\u201312 g svorio<\/b> idealiai tinka lengvesniems audiniams. \u017dalvarin\u0117 seg\u0117 \u201eMa\u017eoji pasaga\u201c.<\/p>\n<p><img loading=\"lazy\" decoding=\"async\" class=\"aligncenter wp-image-29601 size-full\" src=\"https:\/\/zamuletas.lt\/wp-content\/uploads\/2025\/12\/Pagaminta-Lietuvoje-2.png\" alt=\"\" width=\"600\" height=\"200\" srcset=\"https:\/\/zamuletas.lt\/wp-content\/uploads\/2025\/12\/Pagaminta-Lietuvoje-2.png 600w, https:\/\/zamuletas.lt\/wp-content\/uploads\/2025\/12\/Pagaminta-Lietuvoje-2-430x143.png 430w, https:\/\/zamuletas.lt\/wp-content\/uploads\/2025\/12\/Pagaminta-Lietuvoje-2-150x50.png 150w, https:\/\/zamuletas.lt\/wp-content\/uploads\/2025\/12\/Pagaminta-Lietuvoje-2-400x133.png 400w\" sizes=\"auto, (max-width: 600px) 100vw, 600px\" \/><\/p>\n","protected":false},"featured_media":29645,"comment_status":"open","ping_status":"closed","template":"","meta":[],"product_brand":[],"product_cat":[77],"product_tag":[],"class_list":{"0":"post-29644","1":"product","2":"type-product","3":"status-publish","4":"has-post-thumbnail","6":"product_cat-seges","8":"first","9":"instock","10":"taxable","11":"shipping-taxable","12":"purchasable","13":"product-type-simple"},"_links":{"self":[{"href":"https:\/\/zamuletas.lt\/en\/wp-json\/wp\/v2\/product\/29644","targetHints":{"allow":["GET"]}}],"collection":[{"href":"https:\/\/zamuletas.lt\/en\/wp-json\/wp\/v2\/product"}],"about":[{"href":"https:\/\/zamuletas.lt\/en\/wp-json\/wp\/v2\/types\/product"}],"replies":[{"embeddable":true,"href":"https:\/\/zamuletas.lt\/en\/wp-json\/wp\/v2\/comments?post=29644"}],"version-history":[{"count":5,"href":"https:\/\/zamuletas.lt\/en\/wp-json\/wp\/v2\/product\/29644\/revisions"}],"predecessor-version":[{"id":30758,"href":"https:\/\/zamuletas.lt\/en\/wp-json\/wp\/v2\/product\/29644\/revisions\/30758"}],"wp:featuredmedia":[{"embeddable":true,"href":"https:\/\/zamuletas.lt\/en\/wp-json\/wp\/v2\/media\/29645"}],"wp:attachment":[{"href":"https:\/\/zamuletas.lt\/en\/wp-json\/wp\/v2\/media?parent=29644"}],"wp:term":[{"taxonomy":"product_brand","embeddable":true,"href":"https:\/\/zamuletas.lt\/en\/wp-json\/wp\/v2\/product_brand?post=29644"},{"taxonomy":"product_cat","embeddable":true,"href":"https:\/\/zamuletas.lt\/en\/wp-json\/wp\/v2\/product_cat?post=29644"},{"taxonomy":"product_tag","embeddable":true,"href":"https:\/\/zamuletas.lt\/en\/wp-json\/wp\/v2\/product_tag?post=29644"}],"curies":[{"name":"wp","href":"https:\/\/api.w.org\/{rel}","templated":true}]}}