{"id":29648,"date":"2025-12-01T12:30:10","date_gmt":"2025-12-01T10:30:10","guid":{"rendered":"https:\/\/zamuletas.lt\/?post_type=product&#038;p=29648"},"modified":"2026-02-24T14:18:38","modified_gmt":"2026-02-24T12:18:38","slug":"sege-laimes-pasaga","status":"publish","type":"product","link":"https:\/\/zamuletas.lt\/en\/produktas\/sege-laimes-pasaga\/","title":{"rendered":"Balti\u0161ka seg\u0117 \u201eLaim\u0117s pasaga\u201c"},"content":{"rendered":"<h4 data-path-to-node=\"13\"><b>S\u0117km\u0117s talismanas: solidus \u017ealvario aksesuaras<\/b><\/h4>\n<p data-path-to-node=\"14\">Balti\u0161ka seg\u0117 \u201eLaim\u0117s pasaga\u201c. \u0160i senovinio stiliaus, rank\u0173 darbo seg\u0117 yra tobulo dyd\u017eio, kad tapt\u0173 kasdieniu apsaugos ir s\u0117km\u0117s simboliu. Su <b>36 mm skersmeniu<\/b> ji yra pakankamai matoma, bet ne per didel\u0117, o <b>17\u201319 g svoris<\/b> u\u017etikrina, kad ji tvirtai laikysis ant drabu\u017eio.<\/p>\n<h4 data-path-to-node=\"15\"><b>Simbolika ir poveikis<\/b><\/h4>\n<ul data-path-to-node=\"16\">\n<li>\n<p data-path-to-node=\"16,0,0\"><b>Pasagin\u0117 forma:<\/b> nuo seno pasaga laikoma stipriausiu s\u0117km\u0117s talismanu, pritraukian\u010diu laim\u0119 ir klest\u0117jim\u0105.<\/p>\n<\/li>\n<li>\n<p data-path-to-node=\"16,1,0\"><b>Apsauga:<\/b> seg\u0117 veikia kaip u\u017etvara, sauganti ne\u0161iotoj\u0105 nuo <b>blog\u0173 \u017evilgsni\u0173 ir neigiamos energijos<\/b>.<\/p>\n<\/li>\n<\/ul>\n<h4 data-path-to-node=\"17\"><b>Detal\u0117s ir tvarumas<\/b><\/h4>\n<ul data-path-to-node=\"18\">\n<li>\n<p data-path-to-node=\"18,0,0\"><b>Med\u017eiaga:<\/b> pagaminta i\u0161 autenti\u0161ko <b>\u017ealvario<\/b>, kuris ilgainiui \u012fgauna senovin\u0119 patin\u0105, suteikian\u010di\u0105 seg\u0117ms dar daugiau \u017eavesio.<\/p>\n<\/li>\n<li>\n<p data-path-to-node=\"18,1,0\"><b>Universalumas:<\/b> tinka <b>vyrams ir moterims<\/b> ir yra idealus pasirinkimas susegti \u0161alikus, lengvas skraistes ar megztinio atlap\u0105.<\/p>\n<\/li>\n<\/ul>\n","protected":false},"excerpt":{"rendered":"<p>Rank\u0173 darbo Balt\u0173 seg\u0117, pasagin\u0117s formos, ne\u0161anti <b>laim\u0119, s\u0117km\u0119<\/b> ir sauganti nuo neigiamos energijos. D\u0117l <b>36 mm skersmens<\/b> ir <b>17\u201319 g svorio<\/b> idealiai tinka susegti vidutinio storumo audinius, skaras ar megztinius. Balti\u0161ka seg\u0117 \u201eLaim\u0117s pasaga\u201c.<img loading=\"lazy\" decoding=\"async\" class=\"aligncenter wp-image-29601 size-full\" src=\"https:\/\/zamuletas.lt\/wp-content\/uploads\/2025\/12\/Pagaminta-Lietuvoje-2.png\" alt=\"\" width=\"600\" height=\"200\" srcset=\"https:\/\/zamuletas.lt\/wp-content\/uploads\/2025\/12\/Pagaminta-Lietuvoje-2.png 600w, https:\/\/zamuletas.lt\/wp-content\/uploads\/2025\/12\/Pagaminta-Lietuvoje-2-430x143.png 430w, https:\/\/zamuletas.lt\/wp-content\/uploads\/2025\/12\/Pagaminta-Lietuvoje-2-150x50.png 150w, https:\/\/zamuletas.lt\/wp-content\/uploads\/2025\/12\/Pagaminta-Lietuvoje-2-400x133.png 400w\" sizes=\"auto, (max-width: 600px) 100vw, 600px\" \/><\/p>\n","protected":false},"featured_media":29650,"comment_status":"open","ping_status":"closed","template":"","meta":[],"product_brand":[],"product_cat":[77],"product_tag":[],"class_list":{"0":"post-29648","1":"product","2":"type-product","3":"status-publish","4":"has-post-thumbnail","6":"product_cat-seges","8":"first","9":"instock","10":"taxable","11":"shipping-taxable","12":"purchasable","13":"product-type-simple"},"_links":{"self":[{"href":"https:\/\/zamuletas.lt\/en\/wp-json\/wp\/v2\/product\/29648","targetHints":{"allow":["GET"]}}],"collection":[{"href":"https:\/\/zamuletas.lt\/en\/wp-json\/wp\/v2\/product"}],"about":[{"href":"https:\/\/zamuletas.lt\/en\/wp-json\/wp\/v2\/types\/product"}],"replies":[{"embeddable":true,"href":"https:\/\/zamuletas.lt\/en\/wp-json\/wp\/v2\/comments?post=29648"}],"version-history":[{"count":4,"href":"https:\/\/zamuletas.lt\/en\/wp-json\/wp\/v2\/product\/29648\/revisions"}],"predecessor-version":[{"id":30757,"href":"https:\/\/zamuletas.lt\/en\/wp-json\/wp\/v2\/product\/29648\/revisions\/30757"}],"wp:featuredmedia":[{"embeddable":true,"href":"https:\/\/zamuletas.lt\/en\/wp-json\/wp\/v2\/media\/29650"}],"wp:attachment":[{"href":"https:\/\/zamuletas.lt\/en\/wp-json\/wp\/v2\/media?parent=29648"}],"wp:term":[{"taxonomy":"product_brand","embeddable":true,"href":"https:\/\/zamuletas.lt\/en\/wp-json\/wp\/v2\/product_brand?post=29648"},{"taxonomy":"product_cat","embeddable":true,"href":"https:\/\/zamuletas.lt\/en\/wp-json\/wp\/v2\/product_cat?post=29648"},{"taxonomy":"product_tag","embeddable":true,"href":"https:\/\/zamuletas.lt\/en\/wp-json\/wp\/v2\/product_tag?post=29648"}],"curies":[{"name":"wp","href":"https:\/\/api.w.org\/{rel}","templated":true}]}}