{"id":29652,"date":"2025-12-01T12:33:39","date_gmt":"2025-12-01T10:33:39","guid":{"rendered":"https:\/\/zamuletas.lt\/?post_type=product&#038;p=29652"},"modified":"2026-02-24T14:18:16","modified_gmt":"2026-02-24T12:18:16","slug":"zalvario-sege-zalciu-pasaga","status":"publish","type":"product","link":"https:\/\/zamuletas.lt\/en\/produktas\/zalvario-sege-zalciu-pasaga\/","title":{"rendered":"\u017dalvarin\u0117 seg\u0117 \u201eAguonin\u0117 \u017eal\u010di\u0173 pasaga\u201c"},"content":{"rendered":"<h4 data-path-to-node=\"13\"><b>Unikalus derinys: \u017eal\u010di\u0173 i\u0161mintis ir aguon\u0173 gro\u017eis<\/b><\/h4>\n<p data-path-to-node=\"14\">\u017dalvarin\u0117 seg\u0117 \u201eAguonin\u0117 \u017eal\u010di\u0173 pasaga\u201c. \u0160i \u017ealvarin\u0117, rank\u0173 darbo seg\u0117 i\u0161siskiria sud\u0117tingu ir prasmingu dizainu. Pasagos form\u0105 sudaro grak\u0161\u010diai susisuk\u0119 <b>\u017eal\u010diukai<\/b>, kuri\u0173 galai baigiasi <b>stilizuotomis aguonomis<\/b>.<\/p>\n<h4 data-path-to-node=\"15\"><b>Simbolika ir Poveikis<\/b><\/h4>\n<ul data-path-to-node=\"16\">\n<li>\n<p data-path-to-node=\"16,0,0\"><b>\u017dal\u010diai:<\/b> Balt\u0173 kult\u016broje yra nam\u0173 sargai, i\u0161minties ir gyvyb\u0117s atsinaujinimo simboliai.<\/p>\n<\/li>\n<li>\n<p data-path-to-node=\"16,1,0\"><b>Aguonos:<\/b> simbolizuoja gyvyb\u0119, ramyb\u0119 ir taik\u0105.<\/p>\n<\/li>\n<li>\n<p data-path-to-node=\"16,2,0\"><b>Pasaga:<\/b> visa kompozicija veikia kaip galingas talismanas, pritraukiantis <b>laim\u0119 ir s\u0117km\u0119<\/b>.<\/p>\n<\/li>\n<li>\n<p data-path-to-node=\"16,3,0\"><b>Apsauga:<\/b> Stiprus simboli\u0173 derinys u\u017etikrina apsaug\u0105 nuo blog\u0173 \u017evilgsni\u0173 ir neigiamos energijos.<\/p>\n<\/li>\n<\/ul>\n<h4 data-path-to-node=\"17\"><b>Detal\u0117s ir patogumas<\/b><\/h4>\n<ul data-path-to-node=\"18\">\n<li>\n<p data-path-to-node=\"18,0,0\"><b>Svoris:<\/b> seg\u0117 yra itin lengva (<b>8\u20139 g<\/b>), tod\u0117l puikiai tinka ir jautriems, ploniems audiniams \u2013 skarai ar subtilesniam megztiniui.<\/p>\n<\/li>\n<li>\n<p data-path-to-node=\"18,1,0\"><b>Med\u017eiaga:<\/b> pagaminta i\u0161 autenti\u0161ko <b>\u017ealvario<\/b>.<\/p>\n<\/li>\n<li>\n<p data-path-to-node=\"18,2,0\"><b>Universalumas:<\/b> tinka <b>vyrams ir moterims<\/b>, vertinantiems gili\u0105 Balt\u0173 mitologijos simbolik\u0105.<\/p>\n<\/li>\n<\/ul>\n","protected":false},"excerpt":{"rendered":"<p>\u0160i rank\u0173 darbo Balt\u0173 seg\u0117 \u2013 tai unikalus <b>\u017eal\u010di\u0173<\/b> (i\u0161minties) ir <b>aguon\u0173<\/b> (gyvyb\u0117s) simboli\u0173 derinys, suformuojantis pasag\u0105. Pritraukia <b>laim\u0119, s\u0117km\u0119<\/b> ir saugo nuo blog\u0173 \u017evilgsni\u0173. Kompakti\u0161ka (<b>30 mm skersmuo<\/b>) ir itin lengva (<b>8\u20139 g<\/b>) \u017dalvarin\u0117 seg\u0117 \u201eAguonin\u0117 \u017eal\u010di\u0173 pasaga\u201c<img loading=\"lazy\" decoding=\"async\" class=\"aligncenter wp-image-29601 size-full\" src=\"https:\/\/zamuletas.lt\/wp-content\/uploads\/2025\/12\/Pagaminta-Lietuvoje-2.png\" alt=\"\" width=\"600\" height=\"200\" srcset=\"https:\/\/zamuletas.lt\/wp-content\/uploads\/2025\/12\/Pagaminta-Lietuvoje-2.png 600w, https:\/\/zamuletas.lt\/wp-content\/uploads\/2025\/12\/Pagaminta-Lietuvoje-2-430x143.png 430w, https:\/\/zamuletas.lt\/wp-content\/uploads\/2025\/12\/Pagaminta-Lietuvoje-2-150x50.png 150w, https:\/\/zamuletas.lt\/wp-content\/uploads\/2025\/12\/Pagaminta-Lietuvoje-2-400x133.png 400w\" sizes=\"auto, (max-width: 600px) 100vw, 600px\" \/><\/p>\n","protected":false},"featured_media":29654,"comment_status":"open","ping_status":"closed","template":"","meta":[],"product_brand":[],"product_cat":[77],"product_tag":[],"class_list":{"0":"post-29652","1":"product","2":"type-product","3":"status-publish","4":"has-post-thumbnail","6":"product_cat-seges","8":"first","9":"instock","10":"taxable","11":"shipping-taxable","12":"purchasable","13":"product-type-simple"},"_links":{"self":[{"href":"https:\/\/zamuletas.lt\/en\/wp-json\/wp\/v2\/product\/29652","targetHints":{"allow":["GET"]}}],"collection":[{"href":"https:\/\/zamuletas.lt\/en\/wp-json\/wp\/v2\/product"}],"about":[{"href":"https:\/\/zamuletas.lt\/en\/wp-json\/wp\/v2\/types\/product"}],"replies":[{"embeddable":true,"href":"https:\/\/zamuletas.lt\/en\/wp-json\/wp\/v2\/comments?post=29652"}],"version-history":[{"count":4,"href":"https:\/\/zamuletas.lt\/en\/wp-json\/wp\/v2\/product\/29652\/revisions"}],"predecessor-version":[{"id":30756,"href":"https:\/\/zamuletas.lt\/en\/wp-json\/wp\/v2\/product\/29652\/revisions\/30756"}],"wp:featuredmedia":[{"embeddable":true,"href":"https:\/\/zamuletas.lt\/en\/wp-json\/wp\/v2\/media\/29654"}],"wp:attachment":[{"href":"https:\/\/zamuletas.lt\/en\/wp-json\/wp\/v2\/media?parent=29652"}],"wp:term":[{"taxonomy":"product_brand","embeddable":true,"href":"https:\/\/zamuletas.lt\/en\/wp-json\/wp\/v2\/product_brand?post=29652"},{"taxonomy":"product_cat","embeddable":true,"href":"https:\/\/zamuletas.lt\/en\/wp-json\/wp\/v2\/product_cat?post=29652"},{"taxonomy":"product_tag","embeddable":true,"href":"https:\/\/zamuletas.lt\/en\/wp-json\/wp\/v2\/product_tag?post=29652"}],"curies":[{"name":"wp","href":"https:\/\/api.w.org\/{rel}","templated":true}]}}