{"id":29656,"date":"2025-12-01T12:52:54","date_gmt":"2025-12-01T10:52:54","guid":{"rendered":"https:\/\/zamuletas.lt\/?post_type=product&#038;p=29656"},"modified":"2026-02-24T14:17:01","modified_gmt":"2026-02-24T12:17:01","slug":"zalvario-sege-susivije-zalciai","status":"publish","type":"product","link":"https:\/\/zamuletas.lt\/en\/produktas\/zalvario-sege-susivije-zalciai\/","title":{"rendered":"\u017dalvarin\u0117 seg\u0117 \u201eSusivij\u0119 \u017eal\u010diai&#8221;"},"content":{"rendered":"<h4 data-path-to-node=\"13\"><b>Elegancija ir lengvumas: \u017eal\u010di\u0173 pasaga su apvaliais galais<\/b><\/h4>\n<p data-path-to-node=\"14\">\u017dalvarin\u0117 seg\u0117 \u201eSusivij\u0119 \u017eal\u010diai&#8221;. \u0160i \u017ealvarin\u0117, rank\u0173 darbo seg\u0117 sujungia mitologin\u0119 \u017eal\u010dio j\u0117g\u0105 ir s\u0117km\u0117s ne\u0161\u0117jos pasagos form\u0105. Amuletas i\u0161siskiria subtiliomis detal\u0117mis \u2013 grak\u0161\u010diai susisuk\u0119 \u017eal\u010diukai baigiasi lygiais, <b>apvaliais galais<\/b>.<\/p>\n<h4 data-path-to-node=\"15\"><b>Simbolika ir poveikis<\/b><\/h4>\n<ul data-path-to-node=\"16\">\n<li>\n<p data-path-to-node=\"16,0,0\"><b>\u017dal\u010diai:<\/b> simbolizuoja i\u0161mint\u012f, gyvyb\u0117s atsinaujinim\u0105 ir yra nam\u0173 sargai.<\/p>\n<\/li>\n<li>\n<p data-path-to-node=\"16,1,0\"><b>Pasaga:<\/b> visa kompozicija veikia kaip galingas talismanas, pritraukiantis <b>laim\u0119 ir s\u0117km\u0119<\/b>.<\/p>\n<\/li>\n<li>\n<p data-path-to-node=\"16,2,0\"><b>Apsauga:<\/b> d\u0117l \u017eal\u010di\u0173 simbolikos seg\u0117 u\u017etikrina apsaug\u0105 nuo blog\u0173 \u017evilgsni\u0173 ir neigiamos energijos.<\/p>\n<\/li>\n<\/ul>\n<h4 data-path-to-node=\"17\"><b>Detal\u0117s ir patogumas<\/b><\/h4>\n<ul data-path-to-node=\"18\">\n<li>\n<p data-path-to-node=\"18,0,0\"><b>Svoris:<\/b> seg\u0117 yra <b>itin lengva (6\u20137 g)<\/b>, tod\u0117l idealiai tinka ploniems, jautriems audiniams (\u0161alikams, plonesniems megztiniams), kuri\u0173 nei\u0161tempia.<\/p>\n<\/li>\n<li>\n<p data-path-to-node=\"18,1,0\"><b>Matmenys:<\/b> <b>32 mm skersmuo<\/b> yra pakankamai matomas, bet diskreti\u0161kas.<\/p>\n<\/li>\n<li>\n<p data-path-to-node=\"18,2,0\"><b>Universalumas:<\/b> tinka <b>vyrams ir moterims<\/b>, m\u0117gstantiems subtilius, bet prasmingus akcentus.<\/p>\n<\/li>\n<\/ul>\n","protected":false},"excerpt":{"rendered":"<p>\u0160i rank\u0173 darbo Balt\u0173 seg\u0117 su grak\u0161\u010diai susisukusiais <b>\u017eal\u010diukais<\/b> suformuoja pasag\u0105 su apvaliais galais. Pritraukia <b>laim\u0119, s\u0117km\u0119<\/b> ir saugo nuo blog\u0173 \u017evilgsni\u0173. Kompakti\u0161ka (<b>32 mm skersmuo<\/b>) ir <b>itin lengva (6\u20137 g)<\/b>. \u017dalvarin\u0117 seg\u0117 \u201eSusivij\u0119 \u017eal\u010diai&#8221;<img loading=\"lazy\" decoding=\"async\" class=\"aligncenter wp-image-29601 size-full\" src=\"https:\/\/zamuletas.lt\/wp-content\/uploads\/2025\/12\/Pagaminta-Lietuvoje-2.png\" alt=\"\" width=\"600\" height=\"200\" srcset=\"https:\/\/zamuletas.lt\/wp-content\/uploads\/2025\/12\/Pagaminta-Lietuvoje-2.png 600w, https:\/\/zamuletas.lt\/wp-content\/uploads\/2025\/12\/Pagaminta-Lietuvoje-2-430x143.png 430w, https:\/\/zamuletas.lt\/wp-content\/uploads\/2025\/12\/Pagaminta-Lietuvoje-2-150x50.png 150w, https:\/\/zamuletas.lt\/wp-content\/uploads\/2025\/12\/Pagaminta-Lietuvoje-2-400x133.png 400w\" sizes=\"auto, (max-width: 600px) 100vw, 600px\" \/><\/p>\n","protected":false},"featured_media":29657,"comment_status":"open","ping_status":"closed","template":"","meta":[],"product_brand":[],"product_cat":[77],"product_tag":[],"class_list":{"0":"post-29656","1":"product","2":"type-product","3":"status-publish","4":"has-post-thumbnail","6":"product_cat-seges","8":"first","9":"instock","10":"taxable","11":"shipping-taxable","12":"purchasable","13":"product-type-simple"},"_links":{"self":[{"href":"https:\/\/zamuletas.lt\/en\/wp-json\/wp\/v2\/product\/29656","targetHints":{"allow":["GET"]}}],"collection":[{"href":"https:\/\/zamuletas.lt\/en\/wp-json\/wp\/v2\/product"}],"about":[{"href":"https:\/\/zamuletas.lt\/en\/wp-json\/wp\/v2\/types\/product"}],"replies":[{"embeddable":true,"href":"https:\/\/zamuletas.lt\/en\/wp-json\/wp\/v2\/comments?post=29656"}],"version-history":[{"count":4,"href":"https:\/\/zamuletas.lt\/en\/wp-json\/wp\/v2\/product\/29656\/revisions"}],"predecessor-version":[{"id":30755,"href":"https:\/\/zamuletas.lt\/en\/wp-json\/wp\/v2\/product\/29656\/revisions\/30755"}],"wp:featuredmedia":[{"embeddable":true,"href":"https:\/\/zamuletas.lt\/en\/wp-json\/wp\/v2\/media\/29657"}],"wp:attachment":[{"href":"https:\/\/zamuletas.lt\/en\/wp-json\/wp\/v2\/media?parent=29656"}],"wp:term":[{"taxonomy":"product_brand","embeddable":true,"href":"https:\/\/zamuletas.lt\/en\/wp-json\/wp\/v2\/product_brand?post=29656"},{"taxonomy":"product_cat","embeddable":true,"href":"https:\/\/zamuletas.lt\/en\/wp-json\/wp\/v2\/product_cat?post=29656"},{"taxonomy":"product_tag","embeddable":true,"href":"https:\/\/zamuletas.lt\/en\/wp-json\/wp\/v2\/product_tag?post=29656"}],"curies":[{"name":"wp","href":"https:\/\/api.w.org\/{rel}","templated":true}]}}