{"id":29661,"date":"2025-12-01T14:23:56","date_gmt":"2025-12-01T12:23:56","guid":{"rendered":"https:\/\/zamuletas.lt\/?post_type=product&#038;p=29661"},"modified":"2026-02-24T14:16:00","modified_gmt":"2026-02-24T12:16:00","slug":"baltu-sege-gintarine-pasaga","status":"publish","type":"product","link":"https:\/\/zamuletas.lt\/en\/produktas\/baltu-sege-gintarine-pasaga\/","title":{"rendered":"Balt\u0173 seg\u0117 \u201eGintarin\u0117 pasaga\u201c"},"content":{"rendered":"<h4 data-path-to-node=\"13\"><b>Gintaro \u0161iluma ir pasagos s\u0117km\u0117<\/b><\/h4>\n<p data-path-to-node=\"14\">Balt\u0173 seg\u0117 \u201eGintarin\u0117 pasaga\u201c. \u0160i \u017ealvarin\u0117, rank\u0173 darbo seg\u0117 \u2013 tai eleganti\u0161kas ir prasmingas aksesuaras, puikiai tinkantis kasdieniam ne\u0161iojimui. D\u0117l <b>37 mm skersmens<\/b> ir <b>9\u201310 g svorio<\/b> ji yra solidi, ta\u010diau patogiai lengva.<\/p>\n<h4 data-path-to-node=\"15\"><b>Simbolika ir poveikis<\/b><\/h4>\n<ul data-path-to-node=\"16\">\n<li>\n<p data-path-to-node=\"16,0,0\"><b>Gintaro akut\u0117s:<\/b> nat\u016bralus gintaras, dar vadinamas \u201eBaltijos auksu\u201c, nuo seno vertinamas d\u0117l savo savybi\u0173 pritraukti teigiam\u0105 energij\u0105, gerinti nuotaik\u0105 ir teikti ramyb\u0119. Gintaras suteikia apsaugai \u0161ilumos.<\/p>\n<\/li>\n<li>\n<p data-path-to-node=\"16,1,0\"><b>Pasaga:<\/b> pasagin\u0117 forma yra vienas stipriausi\u0173 s\u0117km\u0117s talisman\u0173, garantuojan\u010di\u0173 laim\u0119 ir klest\u0117jim\u0105.<\/p>\n<\/li>\n<li>\n<p data-path-to-node=\"16,2,0\"><b>Apsauga:<\/b> \u0161is dviej\u0173 j\u0117g\u0173 \u2013 \u017ealvario ir gintaro \u2013 derinys patikimai saugo nuo <b>blog\u0173 \u017evilgsni\u0173 ir neigiamos energijos<\/b>.<\/p>\n<\/li>\n<\/ul>\n<h4 data-path-to-node=\"17\"><b>Detal\u0117s ir tvarumas<\/b><\/h4>\n<ul data-path-to-node=\"18\">\n<li>\n<p data-path-to-node=\"18,0,0\"><b>Med\u017eiaga:<\/b> pagaminta i\u0161 autenti\u0161ko <b>\u017ealvario<\/b>, inkrustuota nat\u016bralaus gintaro akcentais.<\/p>\n<\/li>\n<li>\n<p data-path-to-node=\"18,1,0\"><b>Universalumas:<\/b> tinka <b>vyrams ir moterims<\/b>, o d\u0117l kompakti\u0161ko dyd\u017eio puikiai atrodo ant \u0161varko atlapo, \u0161aliko ar megztinio.<\/p>\n<\/li>\n<\/ul>\n","protected":false},"excerpt":{"rendered":"<p>\u0160i rank\u0173 darbo Balt\u0173 seg\u0117 sujungia \u017ealvario apsaug\u0105 ir <b>nat\u016bralaus gintaro<\/b> \u0161ilum\u0105. Pasagin\u0117 forma pritraukia <b>laim\u0119 ir s\u0117km\u0119<\/b>, o gintaras papildo gamin\u012f optimizmu ir gydomosiomis savyb\u0117mis. Balt\u0173 seg\u0117 \u201eGintarin\u0117 pasaga\u201c<img loading=\"lazy\" decoding=\"async\" class=\"aligncenter wp-image-29601 size-full\" src=\"https:\/\/zamuletas.lt\/wp-content\/uploads\/2025\/12\/Pagaminta-Lietuvoje-2.png\" alt=\"\" width=\"600\" height=\"200\" srcset=\"https:\/\/zamuletas.lt\/wp-content\/uploads\/2025\/12\/Pagaminta-Lietuvoje-2.png 600w, https:\/\/zamuletas.lt\/wp-content\/uploads\/2025\/12\/Pagaminta-Lietuvoje-2-430x143.png 430w, https:\/\/zamuletas.lt\/wp-content\/uploads\/2025\/12\/Pagaminta-Lietuvoje-2-150x50.png 150w, https:\/\/zamuletas.lt\/wp-content\/uploads\/2025\/12\/Pagaminta-Lietuvoje-2-400x133.png 400w\" sizes=\"auto, (max-width: 600px) 100vw, 600px\" \/><\/p>\n","protected":false},"featured_media":29666,"comment_status":"open","ping_status":"closed","template":"","meta":[],"product_brand":[],"product_cat":[77],"product_tag":[],"class_list":{"0":"post-29661","1":"product","2":"type-product","3":"status-publish","4":"has-post-thumbnail","6":"product_cat-seges","8":"first","9":"instock","10":"taxable","11":"shipping-taxable","12":"purchasable","13":"product-type-simple"},"_links":{"self":[{"href":"https:\/\/zamuletas.lt\/en\/wp-json\/wp\/v2\/product\/29661","targetHints":{"allow":["GET"]}}],"collection":[{"href":"https:\/\/zamuletas.lt\/en\/wp-json\/wp\/v2\/product"}],"about":[{"href":"https:\/\/zamuletas.lt\/en\/wp-json\/wp\/v2\/types\/product"}],"replies":[{"embeddable":true,"href":"https:\/\/zamuletas.lt\/en\/wp-json\/wp\/v2\/comments?post=29661"}],"version-history":[{"count":4,"href":"https:\/\/zamuletas.lt\/en\/wp-json\/wp\/v2\/product\/29661\/revisions"}],"predecessor-version":[{"id":30754,"href":"https:\/\/zamuletas.lt\/en\/wp-json\/wp\/v2\/product\/29661\/revisions\/30754"}],"wp:featuredmedia":[{"embeddable":true,"href":"https:\/\/zamuletas.lt\/en\/wp-json\/wp\/v2\/media\/29666"}],"wp:attachment":[{"href":"https:\/\/zamuletas.lt\/en\/wp-json\/wp\/v2\/media?parent=29661"}],"wp:term":[{"taxonomy":"product_brand","embeddable":true,"href":"https:\/\/zamuletas.lt\/en\/wp-json\/wp\/v2\/product_brand?post=29661"},{"taxonomy":"product_cat","embeddable":true,"href":"https:\/\/zamuletas.lt\/en\/wp-json\/wp\/v2\/product_cat?post=29661"},{"taxonomy":"product_tag","embeddable":true,"href":"https:\/\/zamuletas.lt\/en\/wp-json\/wp\/v2\/product_tag?post=29661"}],"curies":[{"name":"wp","href":"https:\/\/api.w.org\/{rel}","templated":true}]}}