{"id":29665,"date":"2025-12-01T14:38:26","date_gmt":"2025-12-01T12:38:26","guid":{"rendered":"https:\/\/zamuletas.lt\/?post_type=product&#038;p=29665"},"modified":"2026-03-10T22:09:19","modified_gmt":"2026-03-10T20:09:19","slug":"zalvario-sege-pasagos-apsauga","status":"publish","type":"product","link":"https:\/\/zamuletas.lt\/en\/produktas\/zalvario-sege-pasagos-apsauga\/","title":{"rendered":"Balt\u0173 seg\u0117 \u201ePasagos apsauga\u201c"},"content":{"rendered":"<h4 data-path-to-node=\"13\"><b>S\u0117km\u0117s talismanas: klasikin\u0117 pasagin\u0117 seg\u0117<\/b><\/h4>\n<p data-path-to-node=\"14\">Balt\u0173 seg\u0117 \u201ePasagos apsauga\u201c. \u0160i \u017ealvarin\u0117 seg\u0117 \u2013 tai eleganti\u0161kas ir prasmingas aksesuaras, sukurtas remiantis senov\u0117s Balt\u0173 tradicijomis. Jos dydis (37 mm) ir lengvumas (9\u201310 g) u\u017etikrina, kad ji tapt\u0173 patogiu ir stilingu kasdieniu papuo\u0161alu.<\/p>\n<h4 data-path-to-node=\"15\"><b>Simbolika ir poveikis<\/b><\/h4>\n<ul data-path-to-node=\"16\">\n<li>\n<p data-path-to-node=\"16,0,0\"><b>Pasaga:<\/b> vienas stipriausi\u0173 s\u0117km\u0117s talisman\u0173, pritraukian\u010di\u0173 laim\u0119, klest\u0117jim\u0105 ir gerov\u0119.<\/p>\n<\/li>\n<li>\n<p data-path-to-node=\"16,1,0\"><b>Apsauga:<\/b> seg\u0117 veikia kaip patikima u\u017etvara, sauganti ne\u0161iotoj\u0105 nuo <b>blog\u0173 \u017evilgsni\u0173 ir neigiamos energijos<\/b>.<\/p>\n<\/li>\n<\/ul>\n<h4 data-path-to-node=\"17\"><b>Detal\u0117s ir tvarumas<\/b><\/h4>\n<ul data-path-to-node=\"18\">\n<li>\n<p data-path-to-node=\"18,0,0\"><b>Med\u017eiaga:<\/b> pagaminta i\u0161 autenti\u0161ko <b>\u017ealvario<\/b>, kuris ilgainiui \u012fgauna senovin\u0119 patin\u0105.<\/p>\n<\/li>\n<li>\n<p data-path-to-node=\"18,1,0\"><b>Pritaikymas:<\/b> idealiai tinka susegti \u0161alikus, lengvas skraistes ar papuo\u0161ti \u0161varko atlap\u0105. Tinka <b>vyrams ir moterims<\/b>.<\/p>\n<\/li>\n<\/ul>\n","protected":false},"excerpt":{"rendered":"<p data-path-to-node=\"8\">\u0160i rank\u0173 darbo \u017ealvarin\u0117 seg\u0117 yra klasikin\u0117s <b>pasagos formos<\/b> \u2013 universalaus s\u0117km\u0117s ir laim\u0117s simbolis. D\u0117l <b>37 mm skersmens<\/b> ir <b>9\u201310 g svorio<\/b> ji puikiai tinka vidutinio sunkumo audiniams ir kasdieniam ne\u0161iojimui. Patikima apsauga nuo blog\u0173 \u017evilgsni\u0173 ir neigiamos energijos. Balt\u0173 seg\u0117 \u201ePasagos apsauga\u201c<\/p>\n<p data-path-to-node=\"9,0,0\"><img loading=\"lazy\" decoding=\"async\" class=\"aligncenter wp-image-29601 size-full\" src=\"https:\/\/zamuletas.lt\/wp-content\/uploads\/2025\/12\/Pagaminta-Lietuvoje-2.png\" alt=\"\" width=\"600\" height=\"200\" srcset=\"https:\/\/zamuletas.lt\/wp-content\/uploads\/2025\/12\/Pagaminta-Lietuvoje-2.png 600w, https:\/\/zamuletas.lt\/wp-content\/uploads\/2025\/12\/Pagaminta-Lietuvoje-2-430x143.png 430w, https:\/\/zamuletas.lt\/wp-content\/uploads\/2025\/12\/Pagaminta-Lietuvoje-2-150x50.png 150w, https:\/\/zamuletas.lt\/wp-content\/uploads\/2025\/12\/Pagaminta-Lietuvoje-2-400x133.png 400w\" sizes=\"auto, (max-width: 600px) 100vw, 600px\" \/><\/p>\n","protected":false},"featured_media":29662,"comment_status":"open","ping_status":"closed","template":"","meta":[],"product_brand":[],"product_cat":[77],"product_tag":[],"class_list":{"0":"post-29665","1":"product","2":"type-product","3":"status-publish","4":"has-post-thumbnail","6":"product_cat-seges","8":"first","9":"instock","10":"taxable","11":"shipping-taxable","12":"purchasable","13":"product-type-simple"},"_links":{"self":[{"href":"https:\/\/zamuletas.lt\/en\/wp-json\/wp\/v2\/product\/29665","targetHints":{"allow":["GET"]}}],"collection":[{"href":"https:\/\/zamuletas.lt\/en\/wp-json\/wp\/v2\/product"}],"about":[{"href":"https:\/\/zamuletas.lt\/en\/wp-json\/wp\/v2\/types\/product"}],"replies":[{"embeddable":true,"href":"https:\/\/zamuletas.lt\/en\/wp-json\/wp\/v2\/comments?post=29665"}],"version-history":[{"count":4,"href":"https:\/\/zamuletas.lt\/en\/wp-json\/wp\/v2\/product\/29665\/revisions"}],"predecessor-version":[{"id":30753,"href":"https:\/\/zamuletas.lt\/en\/wp-json\/wp\/v2\/product\/29665\/revisions\/30753"}],"wp:featuredmedia":[{"embeddable":true,"href":"https:\/\/zamuletas.lt\/en\/wp-json\/wp\/v2\/media\/29662"}],"wp:attachment":[{"href":"https:\/\/zamuletas.lt\/en\/wp-json\/wp\/v2\/media?parent=29665"}],"wp:term":[{"taxonomy":"product_brand","embeddable":true,"href":"https:\/\/zamuletas.lt\/en\/wp-json\/wp\/v2\/product_brand?post=29665"},{"taxonomy":"product_cat","embeddable":true,"href":"https:\/\/zamuletas.lt\/en\/wp-json\/wp\/v2\/product_cat?post=29665"},{"taxonomy":"product_tag","embeddable":true,"href":"https:\/\/zamuletas.lt\/en\/wp-json\/wp\/v2\/product_tag?post=29665"}],"curies":[{"name":"wp","href":"https:\/\/api.w.org\/{rel}","templated":true}]}}