{"id":29669,"date":"2025-12-01T14:44:36","date_gmt":"2025-12-01T12:44:36","guid":{"rendered":"https:\/\/zamuletas.lt\/?post_type=product&#038;p=29669"},"modified":"2026-02-24T14:15:16","modified_gmt":"2026-02-24T12:15:16","slug":"sege-raizytas-zaltys","status":"publish","type":"product","link":"https:\/\/zamuletas.lt\/en\/produktas\/sege-raizytas-zaltys\/","title":{"rendered":"Seg\u0117 \u201eSusirang\u0119 \u017ealtys\u201c"},"content":{"rendered":"<h4 data-path-to-node=\"13\"><b>Meistri\u0161kumo detal\u0117s: seg\u0117 su i\u0161rai\u017eytais Balt\u0173 ra\u0161tais<\/b><\/h4>\n<p data-path-to-node=\"14\">Seg\u0117 \u201eSusirang\u0119 \u017ealtys\u201c. \u0160i rank\u0173 darbo senovinio stiliaus seg\u0117 yra didinga ir detalizuota. <b>50 mm skersmens<\/b> ir <b>24\u201326 g svorio<\/b> gaminys yra puikus akcentas storiems audiniams. Jos unikalum\u0105 suteikia ne tik \u017eal\u010di\u0173 simbolika, bet ir menin\u0117 apdaila.<\/p>\n<h4 data-path-to-node=\"15\"><b>I\u0161skirtinis dizainas<\/b><\/h4>\n<ul data-path-to-node=\"16\">\n<li>\n<p data-path-to-node=\"16,0,0\"><b>\u017dal\u010diai ir pasaga:<\/b> grak\u0161\u010diai susisuk\u0119 \u017eal\u010diukai, simbolizuojantys i\u0161mint\u012f ir atsinaujinim\u0105, formuoja stipr\u0173 s\u0117km\u0117s talisman\u0105 \u2013 pasag\u0105.<\/p>\n<\/li>\n<li>\n<p data-path-to-node=\"16,1,0\"><b>Balt\u0173 ra\u0161tas:<\/b> s<b>eg\u0117s lie\u017euv\u0117lis ir apval\u016bs galai yra i\u0161dailinti tradiciniu Balt\u0173 ra\u0161tu<\/b>. \u0160i detal\u0117 parodo auk\u0161t\u0105 meistri\u0161kum\u0105 ir suteikia papuo\u0161alui autenti\u0161kumo.<\/p>\n<\/li>\n<li>\n<p data-path-to-node=\"16,2,0\"><b>Apsauga:<\/b> stiprus simbolikos ir formos derinys pritraukia <b>laim\u0119, s\u0117km\u0119<\/b> ir veikia kaip patikima apsauga nuo neigiamos energijos.<\/p>\n<\/li>\n<\/ul>\n<h4 data-path-to-node=\"17\"><b>Med\u017eiagos ir universalumas<\/b><\/h4>\n<ul data-path-to-node=\"18\">\n<li>\n<p data-path-to-node=\"18,0,0\"><b>Pasirinkimas:<\/b> rinkit\u0117s \u0161iltai auksin\u012f <b>\u017ealvar\u012f<\/b> arba eleganti\u0161kai \u0161alt\u0105 <b>pasidabruot\u0105 \u017ealvar\u012f<\/b>.<\/p>\n<\/li>\n<li>\n<p data-path-to-node=\"18,1,0\"><b>Pritaikymas:<\/b> seg\u0117 tinka <b>vyrams ir moterims<\/b> susegti storus \u0161alikus, apsiaustus ar tiesiog papuo\u0161ti palt\u0105.<\/p>\n<\/li>\n<\/ul>\n","protected":false},"excerpt":{"rendered":"<p>Galinga, <b>50 mm skersmens<\/b> Balt\u0173 seg\u0117, kurios pasagos form\u0105 sudaro susisuk\u0119 \u017eal\u010diukai. I\u0161skirtin\u0117 detal\u0117: <b>seg\u0117s lie\u017euv\u0117lis ir galai i\u0161dailinti autenti\u0161ku Balt\u0173 ra\u0161tu<\/b>. Pritraukia laim\u0119, s\u0117km\u0119 ir patikimai saugo nuo blog\u0173 \u017evilgsni\u0173. Seg\u0117 \u201eSusirang\u0119 \u017ealtys\u201c.v<img loading=\"lazy\" decoding=\"async\" class=\"aligncenter wp-image-29601 size-full\" src=\"https:\/\/zamuletas.lt\/wp-content\/uploads\/2025\/12\/Pagaminta-Lietuvoje-2.png\" alt=\"\" width=\"600\" height=\"200\" srcset=\"https:\/\/zamuletas.lt\/wp-content\/uploads\/2025\/12\/Pagaminta-Lietuvoje-2.png 600w, https:\/\/zamuletas.lt\/wp-content\/uploads\/2025\/12\/Pagaminta-Lietuvoje-2-430x143.png 430w, https:\/\/zamuletas.lt\/wp-content\/uploads\/2025\/12\/Pagaminta-Lietuvoje-2-150x50.png 150w, https:\/\/zamuletas.lt\/wp-content\/uploads\/2025\/12\/Pagaminta-Lietuvoje-2-400x133.png 400w\" sizes=\"auto, (max-width: 600px) 100vw, 600px\" \/><\/p>\n","protected":false},"featured_media":29670,"comment_status":"open","ping_status":"closed","template":"","meta":[],"product_brand":[],"product_cat":[77],"product_tag":[],"class_list":{"0":"post-29669","1":"product","2":"type-product","3":"status-publish","4":"has-post-thumbnail","6":"product_cat-seges","8":"first","9":"instock","10":"taxable","11":"shipping-taxable","12":"purchasable","13":"product-type-variable"},"_links":{"self":[{"href":"https:\/\/zamuletas.lt\/en\/wp-json\/wp\/v2\/product\/29669","targetHints":{"allow":["GET"]}}],"collection":[{"href":"https:\/\/zamuletas.lt\/en\/wp-json\/wp\/v2\/product"}],"about":[{"href":"https:\/\/zamuletas.lt\/en\/wp-json\/wp\/v2\/types\/product"}],"replies":[{"embeddable":true,"href":"https:\/\/zamuletas.lt\/en\/wp-json\/wp\/v2\/comments?post=29669"}],"version-history":[{"count":4,"href":"https:\/\/zamuletas.lt\/en\/wp-json\/wp\/v2\/product\/29669\/revisions"}],"predecessor-version":[{"id":30751,"href":"https:\/\/zamuletas.lt\/en\/wp-json\/wp\/v2\/product\/29669\/revisions\/30751"}],"wp:featuredmedia":[{"embeddable":true,"href":"https:\/\/zamuletas.lt\/en\/wp-json\/wp\/v2\/media\/29670"}],"wp:attachment":[{"href":"https:\/\/zamuletas.lt\/en\/wp-json\/wp\/v2\/media?parent=29669"}],"wp:term":[{"taxonomy":"product_brand","embeddable":true,"href":"https:\/\/zamuletas.lt\/en\/wp-json\/wp\/v2\/product_brand?post=29669"},{"taxonomy":"product_cat","embeddable":true,"href":"https:\/\/zamuletas.lt\/en\/wp-json\/wp\/v2\/product_cat?post=29669"},{"taxonomy":"product_tag","embeddable":true,"href":"https:\/\/zamuletas.lt\/en\/wp-json\/wp\/v2\/product_tag?post=29669"}],"curies":[{"name":"wp","href":"https:\/\/api.w.org\/{rel}","templated":true}]}}