{"id":29677,"date":"2025-12-01T14:47:26","date_gmt":"2025-12-01T12:47:26","guid":{"rendered":"https:\/\/zamuletas.lt\/?post_type=product&#038;p=29677"},"modified":"2026-02-24T14:14:45","modified_gmt":"2026-02-24T12:14:45","slug":"pasidabruoto-zalvario-sege-sekmes-pasaga","status":"publish","type":"product","link":"https:\/\/zamuletas.lt\/en\/produktas\/pasidabruoto-zalvario-sege-sekmes-pasaga\/","title":{"rendered":"Seg\u0117 \u201eS\u0117km\u0117s pasaga\u201c"},"content":{"rendered":"<h4 data-path-to-node=\"13\"><b>Elegancija ir apsauga: pasagin\u0117 seg\u0117 su sidabro spalva<\/b><\/h4>\n<p data-path-to-node=\"14\">Seg\u0117 \u201eS\u0117km\u0117s pasaga\u201c\u0160i rank\u0173 darbo senovinio stiliaus seg\u0117 yra puikus aksesuaras tiems, kurie vertina ir istorij\u0105, ir estetik\u0105. Pagaminta i\u0161 <b>pasidabruoto \u017ealvario<\/b>, ji spinduliuoja v\u0117siu, eleganti\u0161ku atspalviu, kuris tinka prie bet kokio audinio.<\/p>\n<h4 data-path-to-node=\"15\"><b>Simbolika ir poveikis<\/b><\/h4>\n<ul data-path-to-node=\"16\">\n<li>\n<p data-path-to-node=\"16,0,0\"><b>Pasaga:<\/b> vienas stipriausi\u0173 Balt\u0173 ir Europos s\u0117km\u0117s simboli\u0173, ne\u0161antis <b>laim\u0119, klest\u0117jim\u0105 ir gerov\u0119<\/b>.<\/p>\n<\/li>\n<li>\n<p data-path-to-node=\"16,1,0\"><b>Apsauga:<\/b> seg\u0117 veikia kaip patikima u\u017etvara, sauganti ne\u0161iotoj\u0105 nuo <b>blog\u0173 \u017evilgsni\u0173 ir neigiamos energijos<\/b>.<\/p>\n<\/li>\n<\/ul>\n<h4 data-path-to-node=\"17\"><b>Detal\u0117s ir svoris<\/b><\/h4>\n<ul data-path-to-node=\"18\">\n<li>\n<p data-path-to-node=\"18,0,0\"><b>Skersmuo:<\/b> 40 mm \u2013 idealus dydis, kad b\u016bt\u0173 pakankamai matoma, bet ne per masyvi.<\/p>\n<\/li>\n<li>\n<p data-path-to-node=\"18,1,0\"><b>Svoris:<\/b> Su <b>14\u201315 g svoriu<\/b> ji yra pakankamai solidi, kad tvirtai laikyt\u0173si ant audinio.<\/p>\n<\/li>\n<li>\n<p data-path-to-node=\"18,2,0\"><b>Pritaikymas:<\/b> Tinka <b>vyrams ir moterims<\/b>.<\/p>\n<\/li>\n<\/ul>\n<p>Seg\u0117 \u201eS\u0117km\u0117s pasaga\u201c<\/p>\n","protected":false},"excerpt":{"rendered":"<p>\u0160i rank\u0173 darbo Balt\u0173 seg\u0117 yra grak\u0161ti ir eleganti\u0161ka, atlieka galingo talismano funkcij\u0105. <b>Pasagin\u0117 forma<\/b> pritraukia laim\u0119 ir s\u0117km\u0119, o <b>sidabro spalva<\/b> suteikia rafinuotumo. D\u0117l <b>40 mm skersmens<\/b> idealiai tinka susegti \u0161alikus ir megztinius. Seg\u0117 \u201eS\u0117km\u0117s pasaga\u201c<img loading=\"lazy\" decoding=\"async\" class=\"aligncenter wp-image-29601 size-full\" src=\"https:\/\/zamuletas.lt\/wp-content\/uploads\/2025\/12\/Pagaminta-Lietuvoje-2.png\" alt=\"\" width=\"600\" height=\"200\" srcset=\"https:\/\/zamuletas.lt\/wp-content\/uploads\/2025\/12\/Pagaminta-Lietuvoje-2.png 600w, https:\/\/zamuletas.lt\/wp-content\/uploads\/2025\/12\/Pagaminta-Lietuvoje-2-430x143.png 430w, https:\/\/zamuletas.lt\/wp-content\/uploads\/2025\/12\/Pagaminta-Lietuvoje-2-150x50.png 150w, https:\/\/zamuletas.lt\/wp-content\/uploads\/2025\/12\/Pagaminta-Lietuvoje-2-400x133.png 400w\" sizes=\"auto, (max-width: 600px) 100vw, 600px\" \/><\/p>\n","protected":false},"featured_media":29678,"comment_status":"open","ping_status":"closed","template":"","meta":[],"product_brand":[],"product_cat":[77],"product_tag":[],"class_list":{"0":"post-29677","1":"product","2":"type-product","3":"status-publish","4":"has-post-thumbnail","6":"product_cat-seges","8":"first","9":"instock","10":"taxable","11":"shipping-taxable","12":"purchasable","13":"product-type-variable"},"_links":{"self":[{"href":"https:\/\/zamuletas.lt\/en\/wp-json\/wp\/v2\/product\/29677","targetHints":{"allow":["GET"]}}],"collection":[{"href":"https:\/\/zamuletas.lt\/en\/wp-json\/wp\/v2\/product"}],"about":[{"href":"https:\/\/zamuletas.lt\/en\/wp-json\/wp\/v2\/types\/product"}],"replies":[{"embeddable":true,"href":"https:\/\/zamuletas.lt\/en\/wp-json\/wp\/v2\/comments?post=29677"}],"version-history":[{"count":6,"href":"https:\/\/zamuletas.lt\/en\/wp-json\/wp\/v2\/product\/29677\/revisions"}],"predecessor-version":[{"id":30750,"href":"https:\/\/zamuletas.lt\/en\/wp-json\/wp\/v2\/product\/29677\/revisions\/30750"}],"wp:featuredmedia":[{"embeddable":true,"href":"https:\/\/zamuletas.lt\/en\/wp-json\/wp\/v2\/media\/29678"}],"wp:attachment":[{"href":"https:\/\/zamuletas.lt\/en\/wp-json\/wp\/v2\/media?parent=29677"}],"wp:term":[{"taxonomy":"product_brand","embeddable":true,"href":"https:\/\/zamuletas.lt\/en\/wp-json\/wp\/v2\/product_brand?post=29677"},{"taxonomy":"product_cat","embeddable":true,"href":"https:\/\/zamuletas.lt\/en\/wp-json\/wp\/v2\/product_cat?post=29677"},{"taxonomy":"product_tag","embeddable":true,"href":"https:\/\/zamuletas.lt\/en\/wp-json\/wp\/v2\/product_tag?post=29677"}],"curies":[{"name":"wp","href":"https:\/\/api.w.org\/{rel}","templated":true}]}}