{"id":29687,"date":"2025-12-01T14:54:45","date_gmt":"2025-12-01T12:54:45","guid":{"rendered":"https:\/\/zamuletas.lt\/?post_type=product&#038;p=29687"},"modified":"2026-03-01T23:06:11","modified_gmt":"2026-03-01T21:06:11","slug":"zalvario-sege-zalciu-poros-ir-saules-ratas","status":"publish","type":"product","link":"https:\/\/zamuletas.lt\/en\/produktas\/zalvario-sege-zalciu-poros-ir-saules-ratas\/","title":{"rendered":"\u017dalvarin\u0117 seg\u0117-amuletas \u201e\u017dal\u010di\u0173 poros ir Saul\u0117s ratas\u201c"},"content":{"rendered":"<h4 data-path-to-node=\"13\"><b>Didingas simbolis: \u017eal\u010di\u0173 poros ir am\u017eino gyvenimo ratas<\/b><\/h4>\n<p data-path-to-node=\"14\">\u017dalvarin\u0117 seg\u0117-amuletas \u201e\u017dal\u010di\u0173 poros ir Saul\u0117s ratas\u201c. \u0160i \u017ealvarin\u0117, rank\u0173 darbo seg\u0117 yra vienas i\u0161rai\u0161kingiausi\u0173 Balt\u0173 juvelyrikos pavyzd\u017ei\u0173. Jos <b>45 mm skersmuo<\/b> ir <b>17\u201320 g svoris<\/b> u\u017etikrina, kad ji bus ne tik matomas akcentas, bet ir patikimai susegs sunkesnius audinius.<\/p>\n<h4 data-path-to-node=\"15\"><b>Unikalus dizainas ir simbolika<\/b><\/h4>\n<ul data-path-to-node=\"16\">\n<li>\n<p data-path-to-node=\"16,0,0\"><b>\u017dal\u010diai poromis:<\/b> dizaine <strong>keturi kar\u016bnuoti \u017eal\u010diai<\/strong> <b>poromis<\/b> simbolizuoja gaus\u0105, \u0161eimos gerov\u0119, i\u0161mint\u012f ir gyvybingumo atsinaujinim\u0105.<\/p>\n<\/li>\n<li>\n<p data-path-to-node=\"16,1,0\"><b>Am\u017eino gyvenimo ratas:<\/b> bendra kompozicija simbolizuoja Saul\u0117s cikl\u0105, apsaug\u0105 ir nuolatin\u012f klest\u0117jim\u0105.<\/p>\n<\/li>\n<li>\n<p data-path-to-node=\"16,2,0\"><b>Apsaugin\u0117 funkcija:<\/b> \u0161is galingas Balt\u0173 simboli\u0173 derinys patikimai saugo ne\u0161iotoj\u0105 nuo <b>blog\u0173 \u017evilgsni\u0173 ir neigiamos energijos<\/b>.<\/p>\n<\/li>\n<\/ul>\n<h4 data-path-to-node=\"17\"><b>Detal\u0117s ir k<\/b><b>okyb\u0117<\/b><\/h4>\n<ul data-path-to-node=\"18\">\n<li>\n<p data-path-to-node=\"18,0,0\"><b>Med\u017eiaga:<\/b> pagaminta i\u0161 autenti\u0161ko <b>\u017ealvario<\/b>.<\/p>\n<\/li>\n<li>\n<p data-path-to-node=\"18,1,0\"><b>Pritaikymas:<\/b> tinka <b>vyrams ir moterims<\/b>, vertinantiems diding\u0105 dyd\u012f ir gili\u0105 simbolik\u0105.<\/p>\n<\/li>\n<\/ul>\n","protected":false},"excerpt":{"rendered":"<p data-path-to-node=\"8\">Galinga, rank\u0173 darbo Balt\u0173 seg\u0117, kurios dizainas \u012fk\u016bnija Saul\u0117s gali\u0105. <b>Keturi \u017eal\u010diai su kar\u016bnomis poromis<\/b> sudaro am\u017eino gyvenimo rat\u0105. Simbolizuoja atsinaujinim\u0105, i\u0161mint\u012f ir patikimai saugo nuo blog\u0173 \u017evilgsni\u0173 ir neigiamos energijos. \u017dalvarin\u0117 seg\u0117-amuletas \u201e\u017dal\u010di\u0173 poros ir Saul\u0117s ratas\u201c.<\/p>\n<p data-path-to-node=\"9,0,0\"><img loading=\"lazy\" decoding=\"async\" class=\"aligncenter wp-image-29601 size-full\" src=\"https:\/\/zamuletas.lt\/wp-content\/uploads\/2025\/12\/Pagaminta-Lietuvoje-2.png\" alt=\"\" width=\"600\" height=\"200\" srcset=\"https:\/\/zamuletas.lt\/wp-content\/uploads\/2025\/12\/Pagaminta-Lietuvoje-2.png 600w, https:\/\/zamuletas.lt\/wp-content\/uploads\/2025\/12\/Pagaminta-Lietuvoje-2-430x143.png 430w, https:\/\/zamuletas.lt\/wp-content\/uploads\/2025\/12\/Pagaminta-Lietuvoje-2-150x50.png 150w, https:\/\/zamuletas.lt\/wp-content\/uploads\/2025\/12\/Pagaminta-Lietuvoje-2-400x133.png 400w\" sizes=\"auto, (max-width: 600px) 100vw, 600px\" \/><\/p>\n","protected":false},"featured_media":29688,"comment_status":"open","ping_status":"closed","template":"","meta":[],"product_brand":[],"product_cat":[77],"product_tag":[],"class_list":{"0":"post-29687","1":"product","2":"type-product","3":"status-publish","4":"has-post-thumbnail","6":"product_cat-seges","8":"first","9":"instock","10":"taxable","11":"shipping-taxable","12":"purchasable","13":"product-type-simple"},"_links":{"self":[{"href":"https:\/\/zamuletas.lt\/en\/wp-json\/wp\/v2\/product\/29687","targetHints":{"allow":["GET"]}}],"collection":[{"href":"https:\/\/zamuletas.lt\/en\/wp-json\/wp\/v2\/product"}],"about":[{"href":"https:\/\/zamuletas.lt\/en\/wp-json\/wp\/v2\/types\/product"}],"replies":[{"embeddable":true,"href":"https:\/\/zamuletas.lt\/en\/wp-json\/wp\/v2\/comments?post=29687"}],"version-history":[{"count":5,"href":"https:\/\/zamuletas.lt\/en\/wp-json\/wp\/v2\/product\/29687\/revisions"}],"predecessor-version":[{"id":30748,"href":"https:\/\/zamuletas.lt\/en\/wp-json\/wp\/v2\/product\/29687\/revisions\/30748"}],"wp:featuredmedia":[{"embeddable":true,"href":"https:\/\/zamuletas.lt\/en\/wp-json\/wp\/v2\/media\/29688"}],"wp:attachment":[{"href":"https:\/\/zamuletas.lt\/en\/wp-json\/wp\/v2\/media?parent=29687"}],"wp:term":[{"taxonomy":"product_brand","embeddable":true,"href":"https:\/\/zamuletas.lt\/en\/wp-json\/wp\/v2\/product_brand?post=29687"},{"taxonomy":"product_cat","embeddable":true,"href":"https:\/\/zamuletas.lt\/en\/wp-json\/wp\/v2\/product_cat?post=29687"},{"taxonomy":"product_tag","embeddable":true,"href":"https:\/\/zamuletas.lt\/en\/wp-json\/wp\/v2\/product_tag?post=29687"}],"curies":[{"name":"wp","href":"https:\/\/api.w.org\/{rel}","templated":true}]}}