{"id":29692,"date":"2025-12-01T14:59:34","date_gmt":"2025-12-01T12:59:34","guid":{"rendered":"https:\/\/zamuletas.lt\/?post_type=product&#038;p=29692"},"modified":"2026-02-24T14:12:43","modified_gmt":"2026-02-24T12:12:43","slug":"zalvario-sege-karunuoti-zalciai","status":"publish","type":"product","link":"https:\/\/zamuletas.lt\/en\/produktas\/zalvario-sege-karunuoti-zalciai\/","title":{"rendered":"\u017dalvarin\u0117 seg\u0117 \u201eKar\u016bnuoti \u017eal\u010diai\u201c"},"content":{"rendered":"<h4 data-path-to-node=\"13\"><b>Masyvi apsauga: kar\u016bnuot\u0173 \u017eal\u010di\u0173 amuletas (45mm)<\/b><\/h4>\n<p data-path-to-node=\"14\">\u017dalvarin\u0117 seg\u0117 \u201eKar\u016bnuoti \u017eal\u010diai\u201c. \u0160i \u017ealvarin\u0117, rank\u0173 darbo seg\u0117 yra i\u0161rai\u0161kinga ir solidi. Jos <b>45 mm skersmuo<\/b> ir <b>19\u201320 g svoris<\/b> u\u017etikrina, kad ji bus vizualiai matomas akcentas ir tvirtai susegs storus audinius.<\/p>\n<h4 data-path-to-node=\"15\"><b>Unikalus dizainas ir simbolika<\/b><\/h4>\n<ul data-path-to-node=\"16\">\n<li>\n<p data-path-to-node=\"16,0,0\"><b>Kar\u016bnuoti \u017eal\u010diukai:<\/b> seg\u0117s centre pavaizduoti keturi \u017eal\u010diukai su kar\u016bnomis, simbolizuojantys karali\u0161k\u0105j\u0105 i\u0161mint\u012f, s\u0117km\u0119 ir gyvyb\u0117s atsinaujinim\u0105.<\/p>\n<\/li>\n<li>\n<p data-path-to-node=\"16,1,0\"><b>Am\u017eino gyvenimo ratas:<\/b> \u0161is Saul\u0117s simbolio apsuptas ratas ne\u0161a energij\u0105 ir simbolizuoja nuolatin\u012f klest\u0117jim\u0105.<\/p>\n<\/li>\n<li>\n<p data-path-to-node=\"16,2,0\"><b>Apsaugin\u0117 funkcija:<\/b> \u0161is galingas Balt\u0173 simboli\u0173 derinys patikimai saugo ne\u0161iotoj\u0105 nuo <b>blog\u0173 \u017evilgsni\u0173 ir neigiamos energijos<\/b>.<\/p>\n<\/li>\n<\/ul>\n<h4 data-path-to-node=\"17\"><b>Detal\u0117s ir kokyb\u0117<\/b><\/h4>\n<ul data-path-to-node=\"18\">\n<li>\n<p data-path-to-node=\"18,0,0\"><b>Med\u017eiaga:<\/b> pagaminta i\u0161 autenti\u0161ko <b>\u017ealvario<\/b>.<\/p>\n<\/li>\n<li>\n<p data-path-to-node=\"18,1,0\"><b>Pritaikymas:<\/b> tinka <b>vyrams ir moterims<\/b>, m\u0117gstantiems solid\u017eius, istori\u0161kai \u012fkv\u0117ptus papuo\u0161alus.<\/p>\n<\/li>\n<\/ul>\n","protected":false},"excerpt":{"rendered":"<p>Galinga, rank\u0173 darbo Balt\u0173 seg\u0117, \u012fk\u016bnijanti Saul\u0117s amulet\u0105. Keturi <b>kar\u016bnuoti \u017eal\u010diukai<\/b> sudaro am\u017eino gyvenimo rat\u0105. Simbolizuoja i\u0161mint\u012f, gyvybingum\u0105 ir stipri\u0105 apsaug\u0105 nuo blog\u0173 \u017evilgsni\u0173 bei neigiamos energijos. \u017dalvarin\u0117 seg\u0117 \u201eKar\u016bnuoti \u017eal\u010diai\u201c<img loading=\"lazy\" decoding=\"async\" class=\"aligncenter wp-image-29601 size-full\" src=\"https:\/\/zamuletas.lt\/wp-content\/uploads\/2025\/12\/Pagaminta-Lietuvoje-2.png\" alt=\"\" width=\"600\" height=\"200\" srcset=\"https:\/\/zamuletas.lt\/wp-content\/uploads\/2025\/12\/Pagaminta-Lietuvoje-2.png 600w, https:\/\/zamuletas.lt\/wp-content\/uploads\/2025\/12\/Pagaminta-Lietuvoje-2-430x143.png 430w, https:\/\/zamuletas.lt\/wp-content\/uploads\/2025\/12\/Pagaminta-Lietuvoje-2-150x50.png 150w, https:\/\/zamuletas.lt\/wp-content\/uploads\/2025\/12\/Pagaminta-Lietuvoje-2-400x133.png 400w\" sizes=\"auto, (max-width: 600px) 100vw, 600px\" \/><\/p>\n","protected":false},"featured_media":29694,"comment_status":"open","ping_status":"closed","template":"","meta":[],"product_brand":[],"product_cat":[77],"product_tag":[],"class_list":{"0":"post-29692","1":"product","2":"type-product","3":"status-publish","4":"has-post-thumbnail","6":"product_cat-seges","8":"first","9":"instock","10":"taxable","11":"shipping-taxable","12":"purchasable","13":"product-type-simple"},"_links":{"self":[{"href":"https:\/\/zamuletas.lt\/en\/wp-json\/wp\/v2\/product\/29692","targetHints":{"allow":["GET"]}}],"collection":[{"href":"https:\/\/zamuletas.lt\/en\/wp-json\/wp\/v2\/product"}],"about":[{"href":"https:\/\/zamuletas.lt\/en\/wp-json\/wp\/v2\/types\/product"}],"replies":[{"embeddable":true,"href":"https:\/\/zamuletas.lt\/en\/wp-json\/wp\/v2\/comments?post=29692"}],"version-history":[{"count":5,"href":"https:\/\/zamuletas.lt\/en\/wp-json\/wp\/v2\/product\/29692\/revisions"}],"predecessor-version":[{"id":30747,"href":"https:\/\/zamuletas.lt\/en\/wp-json\/wp\/v2\/product\/29692\/revisions\/30747"}],"wp:featuredmedia":[{"embeddable":true,"href":"https:\/\/zamuletas.lt\/en\/wp-json\/wp\/v2\/media\/29694"}],"wp:attachment":[{"href":"https:\/\/zamuletas.lt\/en\/wp-json\/wp\/v2\/media?parent=29692"}],"wp:term":[{"taxonomy":"product_brand","embeddable":true,"href":"https:\/\/zamuletas.lt\/en\/wp-json\/wp\/v2\/product_brand?post=29692"},{"taxonomy":"product_cat","embeddable":true,"href":"https:\/\/zamuletas.lt\/en\/wp-json\/wp\/v2\/product_cat?post=29692"},{"taxonomy":"product_tag","embeddable":true,"href":"https:\/\/zamuletas.lt\/en\/wp-json\/wp\/v2\/product_tag?post=29692"}],"curies":[{"name":"wp","href":"https:\/\/api.w.org\/{rel}","templated":true}]}}