{"id":29697,"date":"2025-12-01T15:02:18","date_gmt":"2025-12-01T13:02:18","guid":{"rendered":"https:\/\/zamuletas.lt\/?post_type=product&#038;p=29697"},"modified":"2026-02-24T14:12:23","modified_gmt":"2026-02-24T12:12:23","slug":"zalvario-sege-taskinis-baltu-zemiu-ratas","status":"publish","type":"product","link":"https:\/\/zamuletas.lt\/en\/produktas\/zalvario-sege-taskinis-baltu-zemiu-ratas\/","title":{"rendered":"Seg\u0117-amuletas \u201eBalt\u0173 \u017eemi\u0173 Saul\u0117s ratas su autenti\u0161ku ra\u0161tu\u201c"},"content":{"rendered":"<h4 data-path-to-node=\"13\"><b>Masyvi apsauga: \u017ealvarin\u0117 seg\u0117 su ta\u0161kiniu ornamentu<\/b><\/h4>\n<p data-path-to-node=\"14\">Seg\u0117-amuletas \u201eBalt\u0173 \u017eemi\u0173 Saul\u0117s ratas su autenti\u0161ku ra\u0161tu\u201c. \u0160i \u017ealvarin\u0117, rank\u0173 darbo seg\u0117 i\u0161siskiria savo dyd\u017eiu ir detaliu, autenti\u0161ku dizainu. Jos <b>45 mm skersmuo<\/b> ir <b>20\u201322 g svoris<\/b> garantuoja, kad ji bus tvirtas ir solidus akcentas, puikiai tinkantis susegti sunkiems audiniams.<\/p>\n<h4 data-path-to-node=\"15\"><b>Unikalus dizainas ir simbolika<\/b><\/h4>\n<ul data-path-to-node=\"16\">\n<li>\n<p data-path-to-node=\"16,0,0\"><b>Balt\u0173 \u017eemi\u0173 ratas:<\/b> seg\u0117s centras simbolizuoja am\u017ein\u0105 gyvenimo rat\u0105, sudaryt\u0105 i\u0161 keturi\u0173 Balt\u0173 \u017eemi\u0173, \u012fk\u016bnijan\u010di\u0173 vienyb\u0119 ir nuolatin\u012f atsinaujinim\u0105.<\/p>\n<\/li>\n<li>\n<p data-path-to-node=\"16,1,0\"><b>Ta\u0161kinis ra\u0161tas:<\/b> amuletas papuo\u0161tas tradiciniu <b>Balt\u0173 ta\u0161kiniu ra\u0161tu<\/b>, kuris suteikia jam senovin\u0119, archeologin\u0119 estetik\u0105.<\/p>\n<\/li>\n<li>\n<p data-path-to-node=\"16,2,0\"><b>Apsaugin\u0117 funkcija:<\/b> saul\u0117s energija ir Balt\u0173 \u017eemi\u0173 simbolika veikia kartu, patikimai saugodama ne\u0161iotoj\u0105 nuo <b>blog\u0173 \u017evilgsni\u0173 ir neigiamos energijos<\/b>.<\/p>\n<\/li>\n<\/ul>\n<h4 data-path-to-node=\"17\"><b>Detal\u0117s ir kokyb\u0117<\/b><\/h4>\n<ul data-path-to-node=\"18\">\n<li>\n<p data-path-to-node=\"18,0,0\"><b>Med\u017eiaga:<\/b> pagaminta i\u0161 autenti\u0161ko <b>\u017ealvario<\/b>.<\/p>\n<\/li>\n<li>\n<p data-path-to-node=\"18,1,0\"><b>Pritaikymas:<\/b> tinka <b>vyrams ir moterims<\/b>, vertinantiems diding\u0105 dyd\u012f ir gili\u0105 kult\u016brin\u0119 simbolik\u0105.<\/p>\n<\/li>\n<\/ul>\n","protected":false},"excerpt":{"rendered":"<p>Didinga, rank\u0173 darbo seg\u0117, kurios dizainas \u012fk\u016bnija Saul\u0117s gali\u0105. <b>I\u0161 Balt\u0173 \u017eemi\u0173 sudarytas am\u017eino gyvenimo ratas<\/b> papuo\u0161tas autenti\u0161ku <b>Balt\u0173 ta\u0161kiniu ra\u0161tu<\/b>. Masyvus (45 mm skersmens, 20\u201322 g) amuletas patikimai saugo nuo blog\u0173 \u017evilgsni\u0173. Seg\u0117-amuletas \u201eBalt\u0173 \u017eemi\u0173 Saul\u0117s ratas su autenti\u0161ku ra\u0161tu\u201c<img loading=\"lazy\" decoding=\"async\" class=\"aligncenter wp-image-29601 size-full\" src=\"https:\/\/zamuletas.lt\/wp-content\/uploads\/2025\/12\/Pagaminta-Lietuvoje-2.png\" alt=\"\" width=\"600\" height=\"200\" srcset=\"https:\/\/zamuletas.lt\/wp-content\/uploads\/2025\/12\/Pagaminta-Lietuvoje-2.png 600w, https:\/\/zamuletas.lt\/wp-content\/uploads\/2025\/12\/Pagaminta-Lietuvoje-2-430x143.png 430w, https:\/\/zamuletas.lt\/wp-content\/uploads\/2025\/12\/Pagaminta-Lietuvoje-2-150x50.png 150w, https:\/\/zamuletas.lt\/wp-content\/uploads\/2025\/12\/Pagaminta-Lietuvoje-2-400x133.png 400w\" sizes=\"auto, (max-width: 600px) 100vw, 600px\" \/><\/p>\n","protected":false},"featured_media":29700,"comment_status":"open","ping_status":"closed","template":"","meta":[],"product_brand":[],"product_cat":[77],"product_tag":[],"class_list":{"0":"post-29697","1":"product","2":"type-product","3":"status-publish","4":"has-post-thumbnail","6":"product_cat-seges","8":"first","9":"instock","10":"taxable","11":"shipping-taxable","12":"purchasable","13":"product-type-simple"},"_links":{"self":[{"href":"https:\/\/zamuletas.lt\/en\/wp-json\/wp\/v2\/product\/29697","targetHints":{"allow":["GET"]}}],"collection":[{"href":"https:\/\/zamuletas.lt\/en\/wp-json\/wp\/v2\/product"}],"about":[{"href":"https:\/\/zamuletas.lt\/en\/wp-json\/wp\/v2\/types\/product"}],"replies":[{"embeddable":true,"href":"https:\/\/zamuletas.lt\/en\/wp-json\/wp\/v2\/comments?post=29697"}],"version-history":[{"count":4,"href":"https:\/\/zamuletas.lt\/en\/wp-json\/wp\/v2\/product\/29697\/revisions"}],"predecessor-version":[{"id":30746,"href":"https:\/\/zamuletas.lt\/en\/wp-json\/wp\/v2\/product\/29697\/revisions\/30746"}],"wp:featuredmedia":[{"embeddable":true,"href":"https:\/\/zamuletas.lt\/en\/wp-json\/wp\/v2\/media\/29700"}],"wp:attachment":[{"href":"https:\/\/zamuletas.lt\/en\/wp-json\/wp\/v2\/media?parent=29697"}],"wp:term":[{"taxonomy":"product_brand","embeddable":true,"href":"https:\/\/zamuletas.lt\/en\/wp-json\/wp\/v2\/product_brand?post=29697"},{"taxonomy":"product_cat","embeddable":true,"href":"https:\/\/zamuletas.lt\/en\/wp-json\/wp\/v2\/product_cat?post=29697"},{"taxonomy":"product_tag","embeddable":true,"href":"https:\/\/zamuletas.lt\/en\/wp-json\/wp\/v2\/product_tag?post=29697"}],"curies":[{"name":"wp","href":"https:\/\/api.w.org\/{rel}","templated":true}]}}