{"id":29702,"date":"2025-12-01T15:06:55","date_gmt":"2025-12-01T13:06:55","guid":{"rendered":"https:\/\/zamuletas.lt\/?post_type=product&#038;p=29702"},"modified":"2026-02-24T14:12:00","modified_gmt":"2026-02-24T12:12:00","slug":"zalvario-sege-perkuno-amuletas","status":"publish","type":"product","link":"https:\/\/zamuletas.lt\/en\/produktas\/zalvario-sege-perkuno-amuletas\/","title":{"rendered":"\u017dalvarin\u0117 Balt\u0173 seg\u0117 \u201ePerk\u016bno amuletas&#8221;"},"content":{"rendered":"<h4 data-path-to-node=\"13\"><b>Kompakti\u0161ka galia: Perk\u016bno amuletas ir Gyvyb\u0117s medis<\/b><\/h4>\n<p data-path-to-node=\"14\">\u017dalvarin\u0117 Balt\u0173 seg\u0117 \u201ePerk\u016bno amuletas&#8221;. \u0160i \u017ealvarin\u0117, rank\u0173 darbo seg\u0117 sujungia galingiausias Balt\u0173 dievybi\u0173 ir mitologijos simbolius. Nors seg\u0117 yra <b>kompakti\u0161ka (28 mm)<\/b>, jos simbolin\u0117 prasm\u0117 yra did\u017eiul\u0117.<\/p>\n<h4 data-path-to-node=\"15\"><b>Galinga simbolika<\/b><\/h4>\n<ul data-path-to-node=\"16\">\n<li>\n<p data-path-to-node=\"16,0,0\"><b>Perk\u016bno amuletas:<\/b> Perk\u016bnas \u2013 griaustinio dievas, teikiantis apsaug\u0105 ir dievi\u0161k\u0105j\u0105 gali\u0105. Jo simbolis ne\u0161iojamas kaip u\u017etvara nuo neteisyb\u0117s ir negatyvo.<\/p>\n<\/li>\n<li>\n<p data-path-to-node=\"16,1,0\"><b>Gyvyb\u0117s medis:<\/b> seg\u0117s centre pavaizduotas <b>Gyvyb\u0117s medis<\/b>, kurio \u0161akas ir \u0161aknis sudaro <b>\u017eal\u010diai<\/b>, formuojantys am\u017eino gyvenimo rat\u0105. Tai simbolizuoja darn\u0105, pastovum\u0105 ir nuolatin\u012f atsinaujinim\u0105.<\/p>\n<\/li>\n<li>\n<p data-path-to-node=\"16,2,0\"><b>Apsauga:<\/b> \u0161is dievi\u0161kosios ir gamtos j\u0117g\u0173 derinys patikimai saugo ne\u0161iotoj\u0105 nuo <b>blog\u0173 \u017evilgsni\u0173 ir neigiamos energijos<\/b>.<\/p>\n<\/li>\n<\/ul>\n<h4 data-path-to-node=\"17\"><b>Detal\u0117s ir patogumas<\/b><\/h4>\n<ul data-path-to-node=\"18\">\n<li>\n<p data-path-to-node=\"18,0,0\"><b>Svoris:<\/b> lengva (<b>10\u201311 g<\/b>), tinka ne\u0161ioti ant plonesni\u0173 drabu\u017ei\u0173.<\/p>\n<\/li>\n<li>\n<p data-path-to-node=\"18,1,0\"><b>Med\u017eiaga:<\/b> pagaminta i\u0161 autenti\u0161ko <b>\u017ealvario<\/b>.<\/p>\n<\/li>\n<li>\n<p data-path-to-node=\"18,2,0\"><b>Pritaikymas:<\/b> tinka <b>vyrams ir moterims<\/b>, vertinantiems gili\u0105 mitologin\u0119 simbolik\u0105.<\/p>\n<\/li>\n<\/ul>\n","protected":false},"excerpt":{"rendered":"<p>\u0160i rank\u0173 darbo Balt\u0173 seg\u0117 \u2013 tai galingas <b>Perk\u016bno amuletas<\/b>, simbolizuojantis Gyvyb\u0117s Med\u012f, sudaryt\u0105 i\u0161 \u017eal\u010di\u0173, formuojan\u010di\u0173 am\u017eino gyvenimo rat\u0105. Simbolizuoja dievi\u0161k\u0105j\u0105 apsaug\u0105, atsinaujinim\u0105 ir stipryb\u0119. Kompakti\u0161ka (<b>28 mm skersmuo<\/b>, 10\u201311 g svorio). \u017dalvarin\u0117 Balt\u0173 seg\u0117 \u201ePerk\u016bno amuletas&#8221;.<img loading=\"lazy\" decoding=\"async\" class=\"aligncenter wp-image-29601 size-full\" src=\"https:\/\/zamuletas.lt\/wp-content\/uploads\/2025\/12\/Pagaminta-Lietuvoje-2.png\" alt=\"\" width=\"600\" height=\"200\" srcset=\"https:\/\/zamuletas.lt\/wp-content\/uploads\/2025\/12\/Pagaminta-Lietuvoje-2.png 600w, https:\/\/zamuletas.lt\/wp-content\/uploads\/2025\/12\/Pagaminta-Lietuvoje-2-430x143.png 430w, https:\/\/zamuletas.lt\/wp-content\/uploads\/2025\/12\/Pagaminta-Lietuvoje-2-150x50.png 150w, https:\/\/zamuletas.lt\/wp-content\/uploads\/2025\/12\/Pagaminta-Lietuvoje-2-400x133.png 400w\" sizes=\"auto, (max-width: 600px) 100vw, 600px\" \/><\/p>\n","protected":false},"featured_media":29705,"comment_status":"open","ping_status":"closed","template":"","meta":[],"product_brand":[],"product_cat":[77],"product_tag":[],"class_list":{"0":"post-29702","1":"product","2":"type-product","3":"status-publish","4":"has-post-thumbnail","6":"product_cat-seges","8":"first","9":"instock","10":"taxable","11":"shipping-taxable","12":"purchasable","13":"product-type-simple"},"_links":{"self":[{"href":"https:\/\/zamuletas.lt\/en\/wp-json\/wp\/v2\/product\/29702","targetHints":{"allow":["GET"]}}],"collection":[{"href":"https:\/\/zamuletas.lt\/en\/wp-json\/wp\/v2\/product"}],"about":[{"href":"https:\/\/zamuletas.lt\/en\/wp-json\/wp\/v2\/types\/product"}],"replies":[{"embeddable":true,"href":"https:\/\/zamuletas.lt\/en\/wp-json\/wp\/v2\/comments?post=29702"}],"version-history":[{"count":4,"href":"https:\/\/zamuletas.lt\/en\/wp-json\/wp\/v2\/product\/29702\/revisions"}],"predecessor-version":[{"id":30745,"href":"https:\/\/zamuletas.lt\/en\/wp-json\/wp\/v2\/product\/29702\/revisions\/30745"}],"wp:featuredmedia":[{"embeddable":true,"href":"https:\/\/zamuletas.lt\/en\/wp-json\/wp\/v2\/media\/29705"}],"wp:attachment":[{"href":"https:\/\/zamuletas.lt\/en\/wp-json\/wp\/v2\/media?parent=29702"}],"wp:term":[{"taxonomy":"product_brand","embeddable":true,"href":"https:\/\/zamuletas.lt\/en\/wp-json\/wp\/v2\/product_brand?post=29702"},{"taxonomy":"product_cat","embeddable":true,"href":"https:\/\/zamuletas.lt\/en\/wp-json\/wp\/v2\/product_cat?post=29702"},{"taxonomy":"product_tag","embeddable":true,"href":"https:\/\/zamuletas.lt\/en\/wp-json\/wp\/v2\/product_tag?post=29702"}],"curies":[{"name":"wp","href":"https:\/\/api.w.org\/{rel}","templated":true}]}}