{"id":29707,"date":"2025-12-01T15:10:09","date_gmt":"2025-12-01T13:10:09","guid":{"rendered":"https:\/\/zamuletas.lt\/?post_type=product&#038;p=29707"},"modified":"2026-02-24T14:11:34","modified_gmt":"2026-02-24T12:11:34","slug":"senovine-zalvario-sege-apskritimas","status":"publish","type":"product","link":"https:\/\/zamuletas.lt\/en\/produktas\/senovine-zalvario-sege-apskritimas\/","title":{"rendered":"Senovin\u0117 Balt\u0173 seg\u0117 \u201cKupolas&#8221;"},"content":{"rendered":"<h4 data-path-to-node=\"13\"><b>Minimalistin\u0117 elegancija: klasikin\u0117 apskrita seg\u0117<\/b><\/h4>\n<p data-path-to-node=\"14\">Senovin\u0117 Balt\u0173 seg\u0117 \u201cKupolas&#8221;. \u0160i \u017ealvarin\u0117, rank\u0173 darbo seg\u0117 yra puikus pasirinkimas tiems, kurie vertina \u0161varias linijas ir klasikin\u0119, subtili\u0105 estetik\u0105. Tai yra tiksli senovin\u0117s Balt\u0173 juvelyrikos interpretacija be perkrautos simbolikos.<\/p>\n<h4 data-path-to-node=\"15\"><b>Dizainas ir patogumas<\/b><\/h4>\n<ul data-path-to-node=\"16\">\n<li>\n<p data-path-to-node=\"16,0,0\"><b>Plok\u0161telin\u0117 forma:<\/b> apskrita, lygaus pavir\u0161iaus konstrukcija leid\u017eia jai subtiliai der\u0117ti prie bet kokio stiliaus \u2013 nuo kasdienio iki formalaus.<\/p>\n<\/li>\n<li>\n<p data-path-to-node=\"16,1,0\"><b>Lengvumas:<\/b> su <b>39 mm skersmeniu<\/b> ir vos <b>10 g svoriu<\/b>, seg\u0117 yra labai lengva ir patogi ne\u0161ioti ant plonesni\u0173 audini\u0173, kuri\u0173 nei\u0161tempia.<\/p>\n<\/li>\n<\/ul>\n<h4 data-path-to-node=\"17\"><b>Med\u017eiagos ir universalumas<\/b><\/h4>\n<ul data-path-to-node=\"18\">\n<li>\n<p data-path-to-node=\"18,0,0\"><b>Med\u017eiaga:<\/b> pagaminta i\u0161 autenti\u0161ko <b>\u017ealvario<\/b>, kuris laikui b\u0117gant \u012fgauna senovin\u0119 patin\u0105.<\/p>\n<\/li>\n<li>\n<p data-path-to-node=\"18,1,0\"><b>Pritaikymas:<\/b> d\u0117l savo universalios formos tinka <b>vyrams ir moterims<\/b> kaip stilingas ir diskreti\u0161kas aksesuaras.<\/p>\n<\/li>\n<\/ul>\n","protected":false},"excerpt":{"rendered":"<p>\u0160i rank\u0173 darbo senovin\u0117 Balt\u0173 seg\u0117 pasi\u017eymi minimalistiniu, <b>plok\u0161teliniu (apskritu)<\/b> dizainu. Tai klasikinis, nesenstantis aksesuaras, puikiai tinkantis susegti \u0161alikus ar papuo\u0161ti atlap\u0105. D\u0117l <b>10 g svorio<\/b> yra itin lengva ir patogi. Senovin\u0117 Balt\u0173 seg\u0117 \u201cKupolas&#8221;. <img loading=\"lazy\" decoding=\"async\" class=\"aligncenter wp-image-29601 size-full\" src=\"https:\/\/zamuletas.lt\/wp-content\/uploads\/2025\/12\/Pagaminta-Lietuvoje-2.png\" alt=\"\" width=\"600\" height=\"200\" srcset=\"https:\/\/zamuletas.lt\/wp-content\/uploads\/2025\/12\/Pagaminta-Lietuvoje-2.png 600w, https:\/\/zamuletas.lt\/wp-content\/uploads\/2025\/12\/Pagaminta-Lietuvoje-2-430x143.png 430w, https:\/\/zamuletas.lt\/wp-content\/uploads\/2025\/12\/Pagaminta-Lietuvoje-2-150x50.png 150w, https:\/\/zamuletas.lt\/wp-content\/uploads\/2025\/12\/Pagaminta-Lietuvoje-2-400x133.png 400w\" sizes=\"auto, (max-width: 600px) 100vw, 600px\" \/><\/p>\n","protected":false},"featured_media":29710,"comment_status":"open","ping_status":"closed","template":"","meta":[],"product_brand":[],"product_cat":[77],"product_tag":[],"class_list":{"0":"post-29707","1":"product","2":"type-product","3":"status-publish","4":"has-post-thumbnail","6":"product_cat-seges","8":"first","9":"instock","10":"taxable","11":"shipping-taxable","12":"purchasable","13":"product-type-simple"},"_links":{"self":[{"href":"https:\/\/zamuletas.lt\/en\/wp-json\/wp\/v2\/product\/29707","targetHints":{"allow":["GET"]}}],"collection":[{"href":"https:\/\/zamuletas.lt\/en\/wp-json\/wp\/v2\/product"}],"about":[{"href":"https:\/\/zamuletas.lt\/en\/wp-json\/wp\/v2\/types\/product"}],"replies":[{"embeddable":true,"href":"https:\/\/zamuletas.lt\/en\/wp-json\/wp\/v2\/comments?post=29707"}],"version-history":[{"count":4,"href":"https:\/\/zamuletas.lt\/en\/wp-json\/wp\/v2\/product\/29707\/revisions"}],"predecessor-version":[{"id":30744,"href":"https:\/\/zamuletas.lt\/en\/wp-json\/wp\/v2\/product\/29707\/revisions\/30744"}],"wp:featuredmedia":[{"embeddable":true,"href":"https:\/\/zamuletas.lt\/en\/wp-json\/wp\/v2\/media\/29710"}],"wp:attachment":[{"href":"https:\/\/zamuletas.lt\/en\/wp-json\/wp\/v2\/media?parent=29707"}],"wp:term":[{"taxonomy":"product_brand","embeddable":true,"href":"https:\/\/zamuletas.lt\/en\/wp-json\/wp\/v2\/product_brand?post=29707"},{"taxonomy":"product_cat","embeddable":true,"href":"https:\/\/zamuletas.lt\/en\/wp-json\/wp\/v2\/product_cat?post=29707"},{"taxonomy":"product_tag","embeddable":true,"href":"https:\/\/zamuletas.lt\/en\/wp-json\/wp\/v2\/product_tag?post=29707"}],"curies":[{"name":"wp","href":"https:\/\/api.w.org\/{rel}","templated":true}]}}