{"id":29712,"date":"2025-12-01T15:12:38","date_gmt":"2025-12-01T13:12:38","guid":{"rendered":"https:\/\/zamuletas.lt\/?post_type=product&#038;p=29712"},"modified":"2026-02-24T14:11:12","modified_gmt":"2026-02-24T12:11:12","slug":"zalvario-sege-didysis-apskritimas","status":"publish","type":"product","link":"https:\/\/zamuletas.lt\/en\/produktas\/zalvario-sege-didysis-apskritimas\/","title":{"rendered":"Senovin\u0117 Balt\u0173 seg\u0117 \u201cDidysis kupolas&#8221;"},"content":{"rendered":"<h4 data-path-to-node=\"13\"><b>Matomas klasikinis akcentas: plok\u0161telin\u0117 seg\u0117<\/b><\/h4>\n<p data-path-to-node=\"14\">Senovin\u0117 Balt\u0173 seg\u0117 \u201cDidysis kupolas&#8221;. \u0160i \u017ealvarin\u0117, rank\u0173 darbo seg\u0117 idealiai tinka tiems, kurie ie\u0161ko ne\u012fpareigojan\u010dio, bet vizualiai matomo aksesuaro. <b>45 mm skersmuo<\/b> yra klasikinis senov\u0117s Balt\u0173 juvelyrikos dydis, o <b>12\u201314 g svoris<\/b> u\u017etikrina ne\u0161iojimo patogum\u0105.<\/p>\n<h4 data-path-to-node=\"15\"><b>Dizainas ir patogumas<\/b><\/h4>\n<ul data-path-to-node=\"16\">\n<li>\n<p data-path-to-node=\"16,0,0\"><b>Apskrita forma:<\/b> apskritimo simbolika atspindi am\u017einyb\u0119 ir darn\u0105. D\u0117l \u0161varios, plok\u0161telin\u0117s formos seg\u0117 lengvai priderinama prie bet kokio audinio ir spalvos.<\/p>\n<\/li>\n<li>\n<p data-path-to-node=\"16,1,0\"><b>Universalumas:<\/b> seg\u0117 pakankamai lengva, kad tikt\u0173 susegti ir plonesnius, ir vidutinio sunkumo audinius.<\/p>\n<\/li>\n<\/ul>\n<h4 data-path-to-node=\"17\"><b>Med\u017eiagos ir tvarumas<\/b><\/h4>\n<ul data-path-to-node=\"18\">\n<li>\n<p data-path-to-node=\"18,0,0\"><b>Med\u017eiaga:<\/b> pagaminta i\u0161 autenti\u0161ko <b>\u017ealvario<\/b>, kuris b\u0117gant metams \u012fgauna unikalios, senovin\u0117s patinos.<\/p>\n<\/li>\n<li>\n<p data-path-to-node=\"18,1,0\"><b>Pritaikymas:<\/b> tinka <b>vyrams ir moterims<\/b> kaip stilingas ir nesenstantis aksesuaras.<\/p>\n<\/li>\n<\/ul>\n","protected":false},"excerpt":{"rendered":"<p>\u0160i rank\u0173 darbo senovin\u0117 Balt\u0173 seg\u0117 \u2013 tai eleganti\u0161kas <b>plok\u0161telinis (apskritas)<\/b> aksesuaras. D\u0117l savo <b>45 mm skersmens<\/b> yra matoma, bet lengva (<b>12\u201314 g<\/b>), tod\u0117l tinka susegti \u0161alikus, skraistes ar papuo\u0161ti paltus. Klasikinis dizainas, pagamintas i\u0161 \u017ealvario. Senovin\u0117 Balt\u0173 seg\u0117 \u201cDidysis kupolas&#8221;.<\/p>\n<p><img loading=\"lazy\" decoding=\"async\" class=\"aligncenter wp-image-29601 size-full\" src=\"https:\/\/zamuletas.lt\/wp-content\/uploads\/2025\/12\/Pagaminta-Lietuvoje-2.png\" alt=\"\" width=\"600\" height=\"200\" srcset=\"https:\/\/zamuletas.lt\/wp-content\/uploads\/2025\/12\/Pagaminta-Lietuvoje-2.png 600w, https:\/\/zamuletas.lt\/wp-content\/uploads\/2025\/12\/Pagaminta-Lietuvoje-2-430x143.png 430w, https:\/\/zamuletas.lt\/wp-content\/uploads\/2025\/12\/Pagaminta-Lietuvoje-2-150x50.png 150w, https:\/\/zamuletas.lt\/wp-content\/uploads\/2025\/12\/Pagaminta-Lietuvoje-2-400x133.png 400w\" sizes=\"auto, (max-width: 600px) 100vw, 600px\" \/><\/p>\n","protected":false},"featured_media":29715,"comment_status":"open","ping_status":"closed","template":"","meta":[],"product_brand":[],"product_cat":[77],"product_tag":[],"class_list":{"0":"post-29712","1":"product","2":"type-product","3":"status-publish","4":"has-post-thumbnail","6":"product_cat-seges","8":"first","9":"instock","10":"taxable","11":"shipping-taxable","12":"purchasable","13":"product-type-simple"},"_links":{"self":[{"href":"https:\/\/zamuletas.lt\/en\/wp-json\/wp\/v2\/product\/29712","targetHints":{"allow":["GET"]}}],"collection":[{"href":"https:\/\/zamuletas.lt\/en\/wp-json\/wp\/v2\/product"}],"about":[{"href":"https:\/\/zamuletas.lt\/en\/wp-json\/wp\/v2\/types\/product"}],"replies":[{"embeddable":true,"href":"https:\/\/zamuletas.lt\/en\/wp-json\/wp\/v2\/comments?post=29712"}],"version-history":[{"count":4,"href":"https:\/\/zamuletas.lt\/en\/wp-json\/wp\/v2\/product\/29712\/revisions"}],"predecessor-version":[{"id":30743,"href":"https:\/\/zamuletas.lt\/en\/wp-json\/wp\/v2\/product\/29712\/revisions\/30743"}],"wp:featuredmedia":[{"embeddable":true,"href":"https:\/\/zamuletas.lt\/en\/wp-json\/wp\/v2\/media\/29715"}],"wp:attachment":[{"href":"https:\/\/zamuletas.lt\/en\/wp-json\/wp\/v2\/media?parent=29712"}],"wp:term":[{"taxonomy":"product_brand","embeddable":true,"href":"https:\/\/zamuletas.lt\/en\/wp-json\/wp\/v2\/product_brand?post=29712"},{"taxonomy":"product_cat","embeddable":true,"href":"https:\/\/zamuletas.lt\/en\/wp-json\/wp\/v2\/product_cat?post=29712"},{"taxonomy":"product_tag","embeddable":true,"href":"https:\/\/zamuletas.lt\/en\/wp-json\/wp\/v2\/product_tag?post=29712"}],"curies":[{"name":"wp","href":"https:\/\/api.w.org\/{rel}","templated":true}]}}