{"id":29717,"date":"2025-12-01T15:18:36","date_gmt":"2025-12-01T13:18:36","guid":{"rendered":"https:\/\/zamuletas.lt\/?post_type=product&#038;p=29717"},"modified":"2026-03-06T11:46:06","modified_gmt":"2026-03-06T09:46:06","slug":"zalvario-saga-su-vyciu","status":"publish","type":"product","link":"https:\/\/zamuletas.lt\/en\/produktas\/zalvario-saga-su-vyciu\/","title":{"rendered":"\u017dalvarin\u0117 saga su Vy\u010diu"},"content":{"rendered":"<h4 data-path-to-node=\"13\"><b>Ma\u017eas akcentas su did\u017eiule istorija: \u017ealvarin\u0117 aaga su Vy\u010diu<\/b><\/h4>\n<p data-path-to-node=\"14\">\u017dalvarin\u0117 saga su Vy\u010diu. \u0160i saga \u2013 tai ma\u017eas, bet galingas Lietuvos valstybingumo simbolis. Tai ne tik prakti\u0161kas elementas drabu\u017eiui susegti, bet ir prasmingas suvenyras ar dovana.<\/p>\n<h4 data-path-to-node=\"15\"><b>Simbolika ir paskirtis<\/b><\/h4>\n<ul data-path-to-node=\"16\">\n<li>\n<p data-path-to-node=\"16,0,0\"><b>Vytis:<\/b> am\u017einasis lietuvi\u0173 simbolis \u2013 kova, stipryb\u0117, garb\u0117 ir istorinis paveldas. Ma\u017eoji saga leis Jums ne\u0161iotis \u0161i\u0105 simbolik\u0105 kasdien.<\/p>\n<\/li>\n<li>\n<p data-path-to-node=\"16,1,0\"><b>Universalumas:<\/b> saga gali b\u016bti naudojama ne tik drabu\u017eiams, bet ir kaip aksesuaras rankdarbiams, papuo\u0161alams ar tiesiog kaip ma\u017ea, sentimentali <b>kolekcin\u0117 detal\u0117 \/ suvenyras<\/b>.<\/p>\n<\/li>\n<\/ul>\n<h4 data-path-to-node=\"17\"><b>Detal\u0117s ir kokyb\u0117<\/b><\/h4>\n<ul data-path-to-node=\"18\">\n<li>\n<p data-path-to-node=\"18,0,0\"><b>Svoris:<\/b> saga yra <b>itin lengva (1\u20131,5 g)<\/b>, tod\u0117l tinka bet kokiam audiniui, jo neapsunkindama.<\/p>\n<\/li>\n<li>\n<p data-path-to-node=\"18,1,0\"><b>Med\u017eiaga:<\/b> pagaminta i\u0161 autenti\u0161ko <b>\u017ealvario<\/b>.<\/p>\n<\/li>\n<li>\n<p data-path-to-node=\"18,2,0\"><b>Gamyba:<\/b> kiekviena saga yra rank\u0173 darbo, kas garantuoja unikalum\u0105.<\/p>\n<\/li>\n<\/ul>\n","protected":false},"excerpt":{"rendered":"<p>Rank\u0173 darbo \u017ealvarin\u0117 saga, papuo\u0161ta <b>Vy\u010dio<\/b> (Lietuvos valstyb\u0117s simbolio) atvaizdu. D\u0117l savo kompakti\u0161ko dyd\u017eio (<b>14 mm skersmens<\/b>) ir <b>itin ma\u017eo svorio (1\u20131,5 g)<\/b> puikiai tinka ir kaip funkcionali saga, ir kaip subtilus suvenyras ar aksesuaras. \u017dalvarin\u0117 saga su Vy\u010diu.<\/p>\n<p><img loading=\"lazy\" decoding=\"async\" class=\"aligncenter wp-image-29601 size-full\" src=\"https:\/\/zamuletas.lt\/wp-content\/uploads\/2025\/12\/Pagaminta-Lietuvoje-2.png\" alt=\"\" width=\"600\" height=\"200\" srcset=\"https:\/\/zamuletas.lt\/wp-content\/uploads\/2025\/12\/Pagaminta-Lietuvoje-2.png 600w, https:\/\/zamuletas.lt\/wp-content\/uploads\/2025\/12\/Pagaminta-Lietuvoje-2-430x143.png 430w, https:\/\/zamuletas.lt\/wp-content\/uploads\/2025\/12\/Pagaminta-Lietuvoje-2-150x50.png 150w, https:\/\/zamuletas.lt\/wp-content\/uploads\/2025\/12\/Pagaminta-Lietuvoje-2-400x133.png 400w\" sizes=\"auto, (max-width: 600px) 100vw, 600px\" \/><\/p>\n","protected":false},"featured_media":29719,"comment_status":"open","ping_status":"closed","template":"","meta":[],"product_brand":[],"product_cat":[83],"product_tag":[],"class_list":{"0":"post-29717","1":"product","2":"type-product","3":"status-publish","4":"has-post-thumbnail","6":"product_cat-suvenyrai","8":"first","9":"instock","10":"taxable","11":"shipping-taxable","12":"purchasable","13":"product-type-simple"},"_links":{"self":[{"href":"https:\/\/zamuletas.lt\/en\/wp-json\/wp\/v2\/product\/29717","targetHints":{"allow":["GET"]}}],"collection":[{"href":"https:\/\/zamuletas.lt\/en\/wp-json\/wp\/v2\/product"}],"about":[{"href":"https:\/\/zamuletas.lt\/en\/wp-json\/wp\/v2\/types\/product"}],"replies":[{"embeddable":true,"href":"https:\/\/zamuletas.lt\/en\/wp-json\/wp\/v2\/comments?post=29717"}],"version-history":[{"count":4,"href":"https:\/\/zamuletas.lt\/en\/wp-json\/wp\/v2\/product\/29717\/revisions"}],"predecessor-version":[{"id":30742,"href":"https:\/\/zamuletas.lt\/en\/wp-json\/wp\/v2\/product\/29717\/revisions\/30742"}],"wp:featuredmedia":[{"embeddable":true,"href":"https:\/\/zamuletas.lt\/en\/wp-json\/wp\/v2\/media\/29719"}],"wp:attachment":[{"href":"https:\/\/zamuletas.lt\/en\/wp-json\/wp\/v2\/media?parent=29717"}],"wp:term":[{"taxonomy":"product_brand","embeddable":true,"href":"https:\/\/zamuletas.lt\/en\/wp-json\/wp\/v2\/product_brand?post=29717"},{"taxonomy":"product_cat","embeddable":true,"href":"https:\/\/zamuletas.lt\/en\/wp-json\/wp\/v2\/product_cat?post=29717"},{"taxonomy":"product_tag","embeddable":true,"href":"https:\/\/zamuletas.lt\/en\/wp-json\/wp\/v2\/product_tag?post=29717"}],"curies":[{"name":"wp","href":"https:\/\/api.w.org\/{rel}","templated":true}]}}