{"id":29721,"date":"2025-12-01T15:20:49","date_gmt":"2025-12-01T13:20:49","guid":{"rendered":"https:\/\/zamuletas.lt\/?post_type=product&#038;p=29721"},"modified":"2026-02-24T14:10:17","modified_gmt":"2026-02-24T12:10:17","slug":"2025-metu-simbolis-ugnine-gyvate","status":"publish","type":"product","link":"https:\/\/zamuletas.lt\/en\/produktas\/2025-metu-simbolis-ugnine-gyvate\/","title":{"rendered":"2025 met\u0173 simbolis \u201eUgnin\u0117 Gyvat\u0117\u201c"},"content":{"rendered":"<h4 data-path-to-node=\"13\"><b>Ugnin\u0117 galia: 2025 met\u0173 talismanas<\/b><\/h4>\n<p data-path-to-node=\"14\">2025 met\u0173 simbolis \u201eUgnin\u0117 Gyvat\u0117\u201c. \u0160is rank\u0173 darbo \u017ealvario suvenyras yra puiki dovana, \u017eyminti ciklo pasikeitim\u0105 ir 2025 met\u0173 energijos prad\u017ei\u0105. Gyvat\u0117 tradici\u0161kai siejama su <b>i\u0161mintimi, intuicija ir s\u0117kme<\/b>, o <b>u<\/b><b>gnies elementas<\/b> suteikia met\u0173 energijai aistros, ry\u017eto ir dinami\u0161kumo.<\/p>\n<h4 data-path-to-node=\"15\"><b>Dizainas ir tvarumas<\/b><\/h4>\n<ul data-path-to-node=\"16\">\n<li>\n<p data-path-to-node=\"16,0,0\"><b>3D forma:<\/b> d\u0117l nurodyt\u0173 matmen\u0173 (ilgis 32 mm, plotis 40 mm, auk\u0161tis 30 mm) suvenyras yra t\u016brinis ir solidus, puikiai atrodo i\u0161 vis\u0173 pusi\u0173.<\/p>\n<\/li>\n<li>\n<p data-path-to-node=\"16,1,0\"><b>Svoris:<\/b> <b>30 g svoris<\/b> u\u017etikrina, kad tai yra tvirtas, pastovus dekoratyvinis elementas, kuris nenusimes nuo stalo.<\/p>\n<\/li>\n<li>\n<p data-path-to-node=\"16,2,0\"><b>Med\u017eiaga:<\/b> pagamintas i\u0161 autenti\u0161ko <b>\u017ealvario<\/b>, kuris yra ilgaam\u017eis ir laikui b\u0117gant \u012fgis gra\u017ei\u0105, nat\u016brali\u0105 patin\u0105.<\/p>\n<\/li>\n<\/ul>\n","protected":false},"excerpt":{"rendered":"<p>Rank\u0173 darbo \u017ealvario suvenyras, \u012fk\u016bnijantis 2025 met\u0173 simbol\u012f \u2013 <b>Ugnin\u0119 Gyvat\u0119<\/b>. Tai galingas talismano naujiesiems metams, pritraukiantis <b>i\u0161mint\u012f, transformacij\u0105 ir ugnies energij\u0105<\/b>. Solidus, 3D gaminys, puikiai tinkantis stalui ar lentynai. 2025 met\u0173 simbolis \u201eUgnin\u0117 Gyvat\u0117\u201c<img loading=\"lazy\" decoding=\"async\" class=\"aligncenter wp-image-29601 size-full\" src=\"https:\/\/zamuletas.lt\/wp-content\/uploads\/2025\/12\/Pagaminta-Lietuvoje-2.png\" alt=\"\" width=\"600\" height=\"200\" srcset=\"https:\/\/zamuletas.lt\/wp-content\/uploads\/2025\/12\/Pagaminta-Lietuvoje-2.png 600w, https:\/\/zamuletas.lt\/wp-content\/uploads\/2025\/12\/Pagaminta-Lietuvoje-2-430x143.png 430w, https:\/\/zamuletas.lt\/wp-content\/uploads\/2025\/12\/Pagaminta-Lietuvoje-2-150x50.png 150w, https:\/\/zamuletas.lt\/wp-content\/uploads\/2025\/12\/Pagaminta-Lietuvoje-2-400x133.png 400w\" sizes=\"auto, (max-width: 600px) 100vw, 600px\" \/><\/p>\n","protected":false},"featured_media":29722,"comment_status":"open","ping_status":"closed","template":"","meta":[],"product_brand":[],"product_cat":[83],"product_tag":[],"class_list":{"0":"post-29721","1":"product","2":"type-product","3":"status-publish","4":"has-post-thumbnail","6":"product_cat-suvenyrai","8":"first","9":"instock","10":"taxable","11":"shipping-taxable","12":"purchasable","13":"product-type-simple"},"_links":{"self":[{"href":"https:\/\/zamuletas.lt\/en\/wp-json\/wp\/v2\/product\/29721","targetHints":{"allow":["GET"]}}],"collection":[{"href":"https:\/\/zamuletas.lt\/en\/wp-json\/wp\/v2\/product"}],"about":[{"href":"https:\/\/zamuletas.lt\/en\/wp-json\/wp\/v2\/types\/product"}],"replies":[{"embeddable":true,"href":"https:\/\/zamuletas.lt\/en\/wp-json\/wp\/v2\/comments?post=29721"}],"version-history":[{"count":5,"href":"https:\/\/zamuletas.lt\/en\/wp-json\/wp\/v2\/product\/29721\/revisions"}],"predecessor-version":[{"id":30741,"href":"https:\/\/zamuletas.lt\/en\/wp-json\/wp\/v2\/product\/29721\/revisions\/30741"}],"wp:featuredmedia":[{"embeddable":true,"href":"https:\/\/zamuletas.lt\/en\/wp-json\/wp\/v2\/media\/29722"}],"wp:attachment":[{"href":"https:\/\/zamuletas.lt\/en\/wp-json\/wp\/v2\/media?parent=29721"}],"wp:term":[{"taxonomy":"product_brand","embeddable":true,"href":"https:\/\/zamuletas.lt\/en\/wp-json\/wp\/v2\/product_brand?post=29721"},{"taxonomy":"product_cat","embeddable":true,"href":"https:\/\/zamuletas.lt\/en\/wp-json\/wp\/v2\/product_cat?post=29721"},{"taxonomy":"product_tag","embeddable":true,"href":"https:\/\/zamuletas.lt\/en\/wp-json\/wp\/v2\/product_tag?post=29721"}],"curies":[{"name":"wp","href":"https:\/\/api.w.org\/{rel}","templated":true}]}}