{"id":29725,"date":"2025-12-01T15:24:56","date_gmt":"2025-12-01T13:24:56","guid":{"rendered":"https:\/\/zamuletas.lt\/?post_type=product&#038;p=29725"},"modified":"2026-03-10T11:12:27","modified_gmt":"2026-03-10T09:12:27","slug":"zalvario-dirzo-sagtis-karaliene-lasisa","status":"publish","type":"product","link":"https:\/\/zamuletas.lt\/en\/produktas\/zalvario-dirzo-sagtis-karaliene-lasisa\/","title":{"rendered":"\u017dalvarin\u0117 dir\u017eo sagtis \u201eKarali\u0161ka La\u0161i\u0161a\u201c"},"content":{"rendered":"<h4 data-path-to-node=\"13\"><b>Karalien\u0117 La\u0161i\u0161a: i\u0161minties ir gausos simbolis<\/b><\/h4>\n<p data-path-to-node=\"14\">\u017dalvarin\u0117 dir\u017eo sagtis \u201eKarali\u0161ka La\u0161i\u0161a\u201c. \u0160i \u017ealvarin\u0117, rank\u0173 darbo sagtis \u2013 tai funkcionalus aksesuaras, turintis gili\u0105 mitologin\u0119 prasm\u0119. La\u0161i\u0161a yra vienas stipriausi\u0173 simboli\u0173, siejam\u0173 su <b>gausa, \u017einojimu ir geb\u0117jimu nugal\u0117ti kli\u016btis<\/b> (plaukiant prie\u0161 srov\u0119). \u201eKaralien\u0117s\u201c titulas pabr\u0117\u017eia diding\u0105 gali\u0105 ir i\u0161minties pilnatv\u0119.<\/p>\n<h4 data-path-to-node=\"15\"><b>Konstrukcija ir patvarumas<\/b><\/h4>\n<ul data-path-to-node=\"16\">\n<li>\n<p data-path-to-node=\"16,0,0\"><b>Masyvumas:<\/b> sagtis pagaminta i\u0161 tvirto \u017ealvario, sveria net <b>40 g<\/b> ir yra <b>3 mm storio<\/b>. Tai u\u017etikrina ilgaam\u017ei\u0161kum\u0105 ir patikimum\u0105.<\/p>\n<\/li>\n<li>\n<p data-path-to-node=\"16,1,0\"><b>Matmenys:<\/b> 48 mm ilgio ir 40 mm plo\u010dio \u2013 idealus dydis daugumai standartini\u0173 dir\u017e\u0173.<\/p>\n<\/li>\n<li>\n<p data-path-to-node=\"16,2,0\"><b>Med\u017eiaga:<\/b> \u017ealvaris laikui b\u0117gant \u012fgauna autenti\u0161k\u0105, tamsesn\u0119 patin\u0105.<\/p>\n<\/li>\n<\/ul>\n<p data-path-to-node=\"17\">Tai puikus suvenyras ar asmeninis aksesuaras, kuris nuolat primins apie gaus\u0105 ir \u012fgytas \u017einias.<\/p>\n","protected":false},"excerpt":{"rendered":"<p>\u0160i masyvi, rank\u0173 darbo dir\u017eo sagtis puo\u0161ta <b>Karalien\u0117s La\u0161i\u0161os<\/b> simboliu. La\u0161i\u0161a simbolizuoja <b>i\u0161mint\u012f, gaus\u0105 ir ilgaam\u017ei\u0161kum\u0105<\/b>. Sagtis yra labai solidi (<b>40 g svorio<\/b>, 3 mm storio) ir taps unikaliu J\u016bs\u0173 aprangos akcentu. \u017dalvarin\u0117 dir\u017eo sagtis \u201eKarali\u0161ka La\u0161i\u0161a\u201c<\/p>\n<p><img loading=\"lazy\" decoding=\"async\" class=\"aligncenter wp-image-29601 size-full\" src=\"https:\/\/zamuletas.lt\/wp-content\/uploads\/2025\/12\/Pagaminta-Lietuvoje-2.png\" alt=\"\" width=\"600\" height=\"200\" srcset=\"https:\/\/zamuletas.lt\/wp-content\/uploads\/2025\/12\/Pagaminta-Lietuvoje-2.png 600w, https:\/\/zamuletas.lt\/wp-content\/uploads\/2025\/12\/Pagaminta-Lietuvoje-2-430x143.png 430w, https:\/\/zamuletas.lt\/wp-content\/uploads\/2025\/12\/Pagaminta-Lietuvoje-2-150x50.png 150w, https:\/\/zamuletas.lt\/wp-content\/uploads\/2025\/12\/Pagaminta-Lietuvoje-2-400x133.png 400w\" sizes=\"auto, (max-width: 600px) 100vw, 600px\" \/><\/p>\n","protected":false},"featured_media":29727,"comment_status":"open","ping_status":"closed","template":"","meta":[],"product_brand":[],"product_cat":[83],"product_tag":[],"class_list":{"0":"post-29725","1":"product","2":"type-product","3":"status-publish","4":"has-post-thumbnail","6":"product_cat-suvenyrai","8":"first","9":"instock","10":"taxable","11":"shipping-taxable","12":"purchasable","13":"product-type-simple"},"_links":{"self":[{"href":"https:\/\/zamuletas.lt\/en\/wp-json\/wp\/v2\/product\/29725","targetHints":{"allow":["GET"]}}],"collection":[{"href":"https:\/\/zamuletas.lt\/en\/wp-json\/wp\/v2\/product"}],"about":[{"href":"https:\/\/zamuletas.lt\/en\/wp-json\/wp\/v2\/types\/product"}],"replies":[{"embeddable":true,"href":"https:\/\/zamuletas.lt\/en\/wp-json\/wp\/v2\/comments?post=29725"}],"version-history":[{"count":4,"href":"https:\/\/zamuletas.lt\/en\/wp-json\/wp\/v2\/product\/29725\/revisions"}],"predecessor-version":[{"id":30739,"href":"https:\/\/zamuletas.lt\/en\/wp-json\/wp\/v2\/product\/29725\/revisions\/30739"}],"wp:featuredmedia":[{"embeddable":true,"href":"https:\/\/zamuletas.lt\/en\/wp-json\/wp\/v2\/media\/29727"}],"wp:attachment":[{"href":"https:\/\/zamuletas.lt\/en\/wp-json\/wp\/v2\/media?parent=29725"}],"wp:term":[{"taxonomy":"product_brand","embeddable":true,"href":"https:\/\/zamuletas.lt\/en\/wp-json\/wp\/v2\/product_brand?post=29725"},{"taxonomy":"product_cat","embeddable":true,"href":"https:\/\/zamuletas.lt\/en\/wp-json\/wp\/v2\/product_cat?post=29725"},{"taxonomy":"product_tag","embeddable":true,"href":"https:\/\/zamuletas.lt\/en\/wp-json\/wp\/v2\/product_tag?post=29725"}],"curies":[{"name":"wp","href":"https:\/\/api.w.org\/{rel}","templated":true}]}}