{"id":29827,"date":"2025-12-02T11:53:41","date_gmt":"2025-12-02T09:53:41","guid":{"rendered":"https:\/\/zamuletas.lt\/?post_type=product&#038;p=29827"},"modified":"2026-02-24T14:09:15","modified_gmt":"2026-02-24T12:09:15","slug":"zalvario-zenkliukas-tauriojo-elnio-galva","status":"publish","type":"product","link":"https:\/\/zamuletas.lt\/en\/produktas\/zalvario-zenkliukas-tauriojo-elnio-galva\/","title":{"rendered":"\u017dalvarinis \u017eenkliukas: Tauriojo elnio galva"},"content":{"rendered":"<h4 data-path-to-node=\"13\"><b>Gamtos galia: eleganti\u0161kas Elnio \u017eenkliukas<\/b><\/h4>\n<p data-path-to-node=\"14\">\u017dalvarinis \u017eenkliukas: Tauriojo elnio galva. \u0160is \u017ealvarinis \u017eenkliukas yra rank\u0173 darbo juvelyrikos pavyzdys, puikiai tinkantis atlapui, kepurei, kuprinei ar krep\u0161iui papuo\u0161ti. Elnias nuo seno buvo gerbiamas kaip <b>mi\u0161ko valdovas<\/b>, simbolizuojantis kilnum\u0105, ilgaam\u017ei\u0161kum\u0105 ir j\u0117g\u0105. Baubian\u010dio elnio poza pabr\u0117\u017eia laukin\u0119, prabundan\u010di\u0105 gamtos gali\u0105.<\/p>\n<h4 data-path-to-node=\"15\"><b>Detal\u0117s ir patogumas<\/b><\/h4>\n<ul data-path-to-node=\"16\">\n<li>\n<p data-path-to-node=\"16,0,0\"><b>Subtilumas:<\/b> d\u0117l savo <b>33 mm auk\u0161\u010dio<\/b> ir <b>4\u20135 g svorio<\/b> \u017eenkliukas yra subtilus ir lengvas, neapsunkina audinio.<\/p>\n<\/li>\n<li>\n<p data-path-to-node=\"16,1,0\"><b>U\u017esegimas:<\/b> <strong>t<\/strong><b>virtai prisukamas<\/b> garantuoja, kad \u017eenkliukas patikimai laikysis vietoje ir jo nepamesite. Tinka prie storos med\u017eiagos.<\/p>\n<\/li>\n<li>\n<p data-path-to-node=\"16,2,0\"><b>Med\u017eiaga:<\/b> pagamintas i\u0161 autenti\u0161ko <b>\u017ealvario<\/b>, kuris su laiku \u012fgaus dar daugiau charakterio.<\/p>\n<\/li>\n<\/ul>\n<p data-path-to-node=\"17\">Tai puiki dovana gamtos myl\u0117tojams ir med\u017eiokl\u0117s entuziastams.<\/p>\n","protected":false},"excerpt":{"rendered":"<p>Rank\u0173 darbo \u017ealvarinis \u017eenkliukas su <strong>b<\/strong><b>aubian\u010dio Tauriojo elnio galva<\/b>. Elnias simbolizuoja <b>kilnum\u0105, gali\u0105 ir ry\u0161\u012f su gamta, o jo baubimas aistr\u0105<\/b>. Kompakti\u0161kas (<b>33 mm auk\u0161tis<\/b>) ir itin lengvas (<b>4\u20135 g svoris<\/b>). Turi patikim\u0105, tvirtai u\u017esukam\u0105 u\u017esegim\u0105. \u017dalvarinis \u017eenkliukas: Tauriojo elnio galva.<\/p>\n<p><img loading=\"lazy\" decoding=\"async\" class=\"aligncenter wp-image-29601 size-full\" src=\"https:\/\/zamuletas.lt\/wp-content\/uploads\/2025\/12\/Pagaminta-Lietuvoje-2.png\" alt=\"\" width=\"600\" height=\"200\" srcset=\"https:\/\/zamuletas.lt\/wp-content\/uploads\/2025\/12\/Pagaminta-Lietuvoje-2.png 600w, https:\/\/zamuletas.lt\/wp-content\/uploads\/2025\/12\/Pagaminta-Lietuvoje-2-430x143.png 430w, https:\/\/zamuletas.lt\/wp-content\/uploads\/2025\/12\/Pagaminta-Lietuvoje-2-150x50.png 150w, https:\/\/zamuletas.lt\/wp-content\/uploads\/2025\/12\/Pagaminta-Lietuvoje-2-400x133.png 400w\" sizes=\"auto, (max-width: 600px) 100vw, 600px\" \/><\/p>\n","protected":false},"featured_media":29829,"comment_status":"open","ping_status":"closed","template":"","meta":[],"product_brand":[],"product_cat":[81],"product_tag":[],"class_list":{"0":"post-29827","1":"product","2":"type-product","3":"status-publish","4":"has-post-thumbnail","6":"product_cat-zenkliukai","8":"first","9":"instock","10":"taxable","11":"shipping-taxable","12":"purchasable","13":"product-type-simple"},"_links":{"self":[{"href":"https:\/\/zamuletas.lt\/en\/wp-json\/wp\/v2\/product\/29827","targetHints":{"allow":["GET"]}}],"collection":[{"href":"https:\/\/zamuletas.lt\/en\/wp-json\/wp\/v2\/product"}],"about":[{"href":"https:\/\/zamuletas.lt\/en\/wp-json\/wp\/v2\/types\/product"}],"replies":[{"embeddable":true,"href":"https:\/\/zamuletas.lt\/en\/wp-json\/wp\/v2\/comments?post=29827"}],"version-history":[{"count":6,"href":"https:\/\/zamuletas.lt\/en\/wp-json\/wp\/v2\/product\/29827\/revisions"}],"predecessor-version":[{"id":30738,"href":"https:\/\/zamuletas.lt\/en\/wp-json\/wp\/v2\/product\/29827\/revisions\/30738"}],"wp:featuredmedia":[{"embeddable":true,"href":"https:\/\/zamuletas.lt\/en\/wp-json\/wp\/v2\/media\/29829"}],"wp:attachment":[{"href":"https:\/\/zamuletas.lt\/en\/wp-json\/wp\/v2\/media?parent=29827"}],"wp:term":[{"taxonomy":"product_brand","embeddable":true,"href":"https:\/\/zamuletas.lt\/en\/wp-json\/wp\/v2\/product_brand?post=29827"},{"taxonomy":"product_cat","embeddable":true,"href":"https:\/\/zamuletas.lt\/en\/wp-json\/wp\/v2\/product_cat?post=29827"},{"taxonomy":"product_tag","embeddable":true,"href":"https:\/\/zamuletas.lt\/en\/wp-json\/wp\/v2\/product_tag?post=29827"}],"curies":[{"name":"wp","href":"https:\/\/api.w.org\/{rel}","templated":true}]}}