{"id":29831,"date":"2025-12-02T11:56:24","date_gmt":"2025-12-02T09:56:24","guid":{"rendered":"https:\/\/zamuletas.lt\/?post_type=product&#038;p=29831"},"modified":"2026-02-24T14:07:26","modified_gmt":"2026-02-24T12:07:26","slug":"zalvario-zenkliukas-lietuvos-taurusis-elnias","status":"publish","type":"product","link":"https:\/\/zamuletas.lt\/en\/produktas\/zalvario-zenkliukas-lietuvos-taurusis-elnias\/","title":{"rendered":"\u017dalvarinis \u017eenkliukas: Lietuvos Taurusis elnias"},"content":{"rendered":"<h4 data-path-to-node=\"13\"><b>Didingas simbolis: Elnias visame gra\u017eume<\/b><\/h4>\n<p data-path-to-node=\"14\">\u017dalvarinis \u017eenkliukas: Lietuvos Taurusis elnias. \u0160is \u017ealvarinis \u017eenkliukas yra puikus rank\u0173 darbo aksesuaras, skirtas pabr\u0117\u017eti meil\u0119 gamtai ir didingam Tauriojo elnio \u012fvaizd\u017eiui. Elnias, ypa\u010d su \u012fsp\u016bdingais ragais, simbolizuoja <b>vyri\u0161k\u0105 gali\u0105, auk\u0161tum\u0105 ir ry\u017et\u0105<\/b>. \u201eVisas gra\u017eumas\u201c pabr\u0117\u017eia gaminio menin\u0119 vert\u0119 ir detalum\u0105.<\/p>\n<h4 data-path-to-node=\"15\"><b>Detal\u0117s ir saugumas<\/b><\/h4>\n<ul data-path-to-node=\"16\">\n<li>\n<p data-path-to-node=\"16,0,0\"><b>I\u0161rai\u0161kingumas:<\/b> d\u0117l <b>40 mm auk\u0161\u010dio<\/b> ir <b>25 mm plo\u010dio<\/b> \u017eenkliukas yra pakankamai masyvus, kad atkreipt\u0173 d\u0117mes\u012f, bet sveria tik <b>7 g<\/b>, tod\u0117l tinka daugumai audini\u0173.<\/p>\n<\/li>\n<li>\n<p data-path-to-node=\"16,1,0\"><b>Patikimas u\u017esegimas:<\/b> <b>tvirtai u\u017esukamas u\u017esegimas<\/b> yra saugiausias \u017eenkliuko tvirtinimo b\u016bdas, apsaugantis nuo pametimo net aktyviai judant.<\/p>\n<\/li>\n<li>\n<p data-path-to-node=\"16,2,0\"><b>Med\u017eiaga:<\/b> pagamintas i\u0161 autenti\u0161ko <b>\u017ealvario<\/b>.<\/p>\n<\/li>\n<\/ul>\n<p data-path-to-node=\"17\">Tai ideali dovana med\u017eiotojams, gamtos fotografams ar tiesiog visiems, vertinantiems Lietuvos gamtos didyb\u0119.<\/p>\n","protected":false},"excerpt":{"rendered":"<p>Rank\u0173 darbo \u017ealvarinis \u017eenkliukas, \u012fam\u017einantis <b>Lietuvos Tauriojo elnio<\/b> didingum\u0105. Elnias \u2013 <b>gamtos galios, kilnumo ir atgimimo<\/b> simbolis. D\u0117l <b>40 mm auk\u0161\u010dio<\/b> yra matomas ir solidus, o <b>tvirtai u\u017esukamas u\u017esegimas<\/b> garantuoja saugum\u0105. \u017dalvarinis \u017eenkliukas: Lietuvos Taurusis elnias.<\/p>\n<p><img loading=\"lazy\" decoding=\"async\" class=\"aligncenter wp-image-29601 size-full\" src=\"https:\/\/zamuletas.lt\/wp-content\/uploads\/2025\/12\/Pagaminta-Lietuvoje-2.png\" alt=\"\" width=\"600\" height=\"200\" srcset=\"https:\/\/zamuletas.lt\/wp-content\/uploads\/2025\/12\/Pagaminta-Lietuvoje-2.png 600w, https:\/\/zamuletas.lt\/wp-content\/uploads\/2025\/12\/Pagaminta-Lietuvoje-2-430x143.png 430w, https:\/\/zamuletas.lt\/wp-content\/uploads\/2025\/12\/Pagaminta-Lietuvoje-2-150x50.png 150w, https:\/\/zamuletas.lt\/wp-content\/uploads\/2025\/12\/Pagaminta-Lietuvoje-2-400x133.png 400w\" sizes=\"auto, (max-width: 600px) 100vw, 600px\" \/><\/p>\n","protected":false},"featured_media":29834,"comment_status":"open","ping_status":"closed","template":"","meta":[],"product_brand":[],"product_cat":[81],"product_tag":[],"class_list":{"0":"post-29831","1":"product","2":"type-product","3":"status-publish","4":"has-post-thumbnail","6":"product_cat-zenkliukai","8":"first","9":"instock","10":"taxable","11":"shipping-taxable","12":"purchasable","13":"product-type-simple"},"_links":{"self":[{"href":"https:\/\/zamuletas.lt\/en\/wp-json\/wp\/v2\/product\/29831","targetHints":{"allow":["GET"]}}],"collection":[{"href":"https:\/\/zamuletas.lt\/en\/wp-json\/wp\/v2\/product"}],"about":[{"href":"https:\/\/zamuletas.lt\/en\/wp-json\/wp\/v2\/types\/product"}],"replies":[{"embeddable":true,"href":"https:\/\/zamuletas.lt\/en\/wp-json\/wp\/v2\/comments?post=29831"}],"version-history":[{"count":4,"href":"https:\/\/zamuletas.lt\/en\/wp-json\/wp\/v2\/product\/29831\/revisions"}],"predecessor-version":[{"id":30737,"href":"https:\/\/zamuletas.lt\/en\/wp-json\/wp\/v2\/product\/29831\/revisions\/30737"}],"wp:featuredmedia":[{"embeddable":true,"href":"https:\/\/zamuletas.lt\/en\/wp-json\/wp\/v2\/media\/29834"}],"wp:attachment":[{"href":"https:\/\/zamuletas.lt\/en\/wp-json\/wp\/v2\/media?parent=29831"}],"wp:term":[{"taxonomy":"product_brand","embeddable":true,"href":"https:\/\/zamuletas.lt\/en\/wp-json\/wp\/v2\/product_brand?post=29831"},{"taxonomy":"product_cat","embeddable":true,"href":"https:\/\/zamuletas.lt\/en\/wp-json\/wp\/v2\/product_cat?post=29831"},{"taxonomy":"product_tag","embeddable":true,"href":"https:\/\/zamuletas.lt\/en\/wp-json\/wp\/v2\/product_tag?post=29831"}],"curies":[{"name":"wp","href":"https:\/\/api.w.org\/{rel}","templated":true}]}}