{"id":29836,"date":"2025-12-02T11:59:18","date_gmt":"2025-12-02T09:59:18","guid":{"rendered":"https:\/\/zamuletas.lt\/?post_type=product&#038;p=29836"},"modified":"2026-02-24T14:07:06","modified_gmt":"2026-02-24T12:07:06","slug":"zalvario-zenkliukas-serno-galva","status":"publish","type":"product","link":"https:\/\/zamuletas.lt\/en\/produktas\/zalvario-zenkliukas-serno-galva\/","title":{"rendered":"\u017dalvarinis \u017eenkliukas: \u0160erno galva"},"content":{"rendered":"<h4 data-path-to-node=\"13\"><b>Mi\u0161k\u0173 j\u0117ga: \u0160erno galvos amuletas<\/b><\/h4>\n<p data-path-to-node=\"14\">\u017dalvarinis \u017eenkliukas: \u0160erno galva. \u0160is \u017ealvarinis \u017eenkliukas yra puikus rank\u0173 darbo aksesuaras, atspindintis knyslio gali\u0105 ir i\u0161tverm\u0119. \u0160ernas senosiose kult\u016brose buvo vertinamas kaip <b>kario, kovoje nugal\u0117tojo simbolis<\/b>, ne\u0161antis ne\u0161iotojui dr\u0105s\u0105 ir s\u0117km\u0119. Kompakti\u0161ka forma puikiai tinka atlapui ar kaklarai\u0161\u010dio smeigtuko funkcijai.<\/p>\n<h4 data-path-to-node=\"15\"><b>Detal\u0117s ir saugumas<\/b><\/h4>\n<ul data-path-to-node=\"16\">\n<li>\n<p data-path-to-node=\"16,0,0\"><b>Subtilumas:<\/b> \u017eenkliukas yra ma\u017eas, vos <b>15 mm auk\u0161\u010dio<\/b>, tod\u0117l subtiliai puo\u0161ia drabu\u017e\u012f. Svoris (<b>4,5\u20135,0 g<\/b>) yra idealus kasdieniam ne\u0161iojimui.<\/p>\n<\/li>\n<li>\n<p data-path-to-node=\"16,1,0\"><b>Patikimas u\u017esegimas:<\/b> <b>tvirtai u\u017esukamas u\u017esegimas<\/b> u\u017etikrina maksimal\u0173 saugum\u0105 \u2013 \u017eenkliukas nepasimes net aktyviai judant ar med\u017eiojant.<\/p>\n<\/li>\n<li>\n<p data-path-to-node=\"16,2,0\"><b>Med\u017eiaga:<\/b> pagamintas i\u0161 autenti\u0161ko <b>\u017ealvario<\/b>.<\/p>\n<\/li>\n<\/ul>\n<p data-path-to-node=\"17\">Tai ideali dovana med\u017eiotojams, kariams ar visiems, vertinantiems j\u0117gos ir bebaimi\u0161kumo simbolik\u0105.<\/p>\n","protected":false},"excerpt":{"rendered":"<p>Rank\u0173 darbo \u017ealvarinis \u017eenkliukas, \u012fam\u017einantis <b>Lietuvos mi\u0161k\u0173 knyslio \u0160erno<\/b> galv\u0105. \u0160ernas simbolizuoja <b>j\u0117g\u0105, bebaimi\u0161kum\u0105 ir kovotojo dvasi\u0105<\/b>. \u017denkliukas yra kompakti\u0161kas (<b>15 mm auk\u0161tis<\/b>) ir tvirtai u\u017esegamas u\u017esukamu mechanizmu. \u017dalvarinis \u017eenkliukas: \u0160erno galva.<\/p>\n<p><img loading=\"lazy\" decoding=\"async\" class=\"aligncenter wp-image-29601 size-full\" src=\"https:\/\/zamuletas.lt\/wp-content\/uploads\/2025\/12\/Pagaminta-Lietuvoje-2.png\" alt=\"\" width=\"600\" height=\"200\" srcset=\"https:\/\/zamuletas.lt\/wp-content\/uploads\/2025\/12\/Pagaminta-Lietuvoje-2.png 600w, https:\/\/zamuletas.lt\/wp-content\/uploads\/2025\/12\/Pagaminta-Lietuvoje-2-430x143.png 430w, https:\/\/zamuletas.lt\/wp-content\/uploads\/2025\/12\/Pagaminta-Lietuvoje-2-150x50.png 150w, https:\/\/zamuletas.lt\/wp-content\/uploads\/2025\/12\/Pagaminta-Lietuvoje-2-400x133.png 400w\" sizes=\"auto, (max-width: 600px) 100vw, 600px\" \/><\/p>\n","protected":false},"featured_media":29838,"comment_status":"open","ping_status":"closed","template":"","meta":[],"product_brand":[],"product_cat":[81],"product_tag":[],"class_list":{"0":"post-29836","1":"product","2":"type-product","3":"status-publish","4":"has-post-thumbnail","6":"product_cat-zenkliukai","8":"first","9":"instock","10":"taxable","11":"shipping-taxable","12":"purchasable","13":"product-type-simple"},"_links":{"self":[{"href":"https:\/\/zamuletas.lt\/en\/wp-json\/wp\/v2\/product\/29836","targetHints":{"allow":["GET"]}}],"collection":[{"href":"https:\/\/zamuletas.lt\/en\/wp-json\/wp\/v2\/product"}],"about":[{"href":"https:\/\/zamuletas.lt\/en\/wp-json\/wp\/v2\/types\/product"}],"replies":[{"embeddable":true,"href":"https:\/\/zamuletas.lt\/en\/wp-json\/wp\/v2\/comments?post=29836"}],"version-history":[{"count":4,"href":"https:\/\/zamuletas.lt\/en\/wp-json\/wp\/v2\/product\/29836\/revisions"}],"predecessor-version":[{"id":30736,"href":"https:\/\/zamuletas.lt\/en\/wp-json\/wp\/v2\/product\/29836\/revisions\/30736"}],"wp:featuredmedia":[{"embeddable":true,"href":"https:\/\/zamuletas.lt\/en\/wp-json\/wp\/v2\/media\/29838"}],"wp:attachment":[{"href":"https:\/\/zamuletas.lt\/en\/wp-json\/wp\/v2\/media?parent=29836"}],"wp:term":[{"taxonomy":"product_brand","embeddable":true,"href":"https:\/\/zamuletas.lt\/en\/wp-json\/wp\/v2\/product_brand?post=29836"},{"taxonomy":"product_cat","embeddable":true,"href":"https:\/\/zamuletas.lt\/en\/wp-json\/wp\/v2\/product_cat?post=29836"},{"taxonomy":"product_tag","embeddable":true,"href":"https:\/\/zamuletas.lt\/en\/wp-json\/wp\/v2\/product_tag?post=29836"}],"curies":[{"name":"wp","href":"https:\/\/api.w.org\/{rel}","templated":true}]}}