{"id":29840,"date":"2025-12-02T12:02:02","date_gmt":"2025-12-02T10:02:02","guid":{"rendered":"https:\/\/zamuletas.lt\/?post_type=product&#038;p=29840"},"modified":"2026-02-24T14:06:43","modified_gmt":"2026-02-24T12:06:43","slug":"zalvario-zenkliukas-lietuvos-misku-knyslys","status":"publish","type":"product","link":"https:\/\/zamuletas.lt\/en\/produktas\/zalvario-zenkliukas-lietuvos-misku-knyslys\/","title":{"rendered":"\u017dalvarinis \u017eenkliukas: Lietuvos mi\u0161k\u0173 knyslys \u0160ernas"},"content":{"rendered":"<h4 data-path-to-node=\"13\"><b>Kario siela: visas knyslio \u0160erno atvaizdas<\/b><\/h4>\n<p data-path-to-node=\"14\">\u017dalvarinis \u017eenkliukas: Lietuvos mi\u0161k\u0173 knyslys \u0160ernas. \u0160is \u017ealvarinis \u017eenkliukas \u2013 tai ne tik puo\u0161mena, bet ir talismano simbolis. Pailgas, detaliai i\u0161lietas <b>Lietuvos mi\u0161k\u0173 knyslys \u0160ernas<\/b> yra puikus dr\u0105sos, i\u0161tverm\u0117s ir s\u0117km\u0117s simbolis, ypa\u010d tinkantis med\u017eiotojams ir nuotyki\u0173 ie\u0161kotojams.<\/p>\n<h4 data-path-to-node=\"15\"><b>Detal\u0117s ir saugumas<\/b><\/h4>\n<ul data-path-to-node=\"16\">\n<li>\n<p data-path-to-node=\"16,0,0\"><b>I\u0161rai\u0161kingumas:<\/b> d\u0117l <b>32 mm plo\u010dio<\/b> \u017eenkliukas yra puikus akcentas ant \u0161varko atlapo ar kepur\u0117s. Svoris (<b>5\u20136 g<\/b>) idealus kasdieniam ne\u0161iojimui.<\/p>\n<\/li>\n<li>\n<p data-path-to-node=\"16,1,0\"><b>Patikimas u\u017esegimas:<\/b> <strong>t<\/strong><b>virtai u\u017esukamas u\u017esegimas<\/b> u\u017etikrina, kad \u017eenkliukas i\u0161liks vietoje net ir esant aktyviai veiklai.<\/p>\n<\/li>\n<li>\n<p data-path-to-node=\"16,2,0\"><b>Med\u017eiaga:<\/b> pagamintas i\u0161 autenti\u0161ko <b>\u017ealvario<\/b>.<\/p>\n<\/li>\n<\/ul>\n","protected":false},"excerpt":{"rendered":"<p>Rank\u0173 darbo \u017ealvarinis \u017eenkliukas, vaizduojantis vis\u0105 <b>Lietuvos mi\u0161k\u0173 knysl\u012f \u0160ern\u0105<\/b>. \u0160ernas simbolizuoja <b>j\u0117g\u0105, atkaklum\u0105 ir kovotojo dvasi\u0105<\/b>. \u017denkliukas yra pailgos formos (<b>32 mm plo\u010dio<\/b>) ir turi patikim\u0105, tvirtai <b>u\u017esukam\u0105 u\u017esegim\u0105<\/b>. \u017dalvarinis \u017eenkliukas: Lietuvos mi\u0161k\u0173 knyslys \u0160ernas.<\/p>\n<p><img loading=\"lazy\" decoding=\"async\" class=\"aligncenter wp-image-29601 size-full\" src=\"https:\/\/zamuletas.lt\/wp-content\/uploads\/2025\/12\/Pagaminta-Lietuvoje-2.png\" alt=\"\" width=\"600\" height=\"200\" srcset=\"https:\/\/zamuletas.lt\/wp-content\/uploads\/2025\/12\/Pagaminta-Lietuvoje-2.png 600w, https:\/\/zamuletas.lt\/wp-content\/uploads\/2025\/12\/Pagaminta-Lietuvoje-2-430x143.png 430w, https:\/\/zamuletas.lt\/wp-content\/uploads\/2025\/12\/Pagaminta-Lietuvoje-2-150x50.png 150w, https:\/\/zamuletas.lt\/wp-content\/uploads\/2025\/12\/Pagaminta-Lietuvoje-2-400x133.png 400w\" sizes=\"auto, (max-width: 600px) 100vw, 600px\" \/><\/p>\n","protected":false},"featured_media":29842,"comment_status":"open","ping_status":"closed","template":"","meta":[],"product_brand":[],"product_cat":[81],"product_tag":[],"class_list":{"0":"post-29840","1":"product","2":"type-product","3":"status-publish","4":"has-post-thumbnail","6":"product_cat-zenkliukai","8":"first","9":"instock","10":"taxable","11":"shipping-taxable","12":"purchasable","13":"product-type-simple"},"_links":{"self":[{"href":"https:\/\/zamuletas.lt\/en\/wp-json\/wp\/v2\/product\/29840","targetHints":{"allow":["GET"]}}],"collection":[{"href":"https:\/\/zamuletas.lt\/en\/wp-json\/wp\/v2\/product"}],"about":[{"href":"https:\/\/zamuletas.lt\/en\/wp-json\/wp\/v2\/types\/product"}],"replies":[{"embeddable":true,"href":"https:\/\/zamuletas.lt\/en\/wp-json\/wp\/v2\/comments?post=29840"}],"version-history":[{"count":5,"href":"https:\/\/zamuletas.lt\/en\/wp-json\/wp\/v2\/product\/29840\/revisions"}],"predecessor-version":[{"id":30735,"href":"https:\/\/zamuletas.lt\/en\/wp-json\/wp\/v2\/product\/29840\/revisions\/30735"}],"wp:featuredmedia":[{"embeddable":true,"href":"https:\/\/zamuletas.lt\/en\/wp-json\/wp\/v2\/media\/29842"}],"wp:attachment":[{"href":"https:\/\/zamuletas.lt\/en\/wp-json\/wp\/v2\/media?parent=29840"}],"wp:term":[{"taxonomy":"product_brand","embeddable":true,"href":"https:\/\/zamuletas.lt\/en\/wp-json\/wp\/v2\/product_brand?post=29840"},{"taxonomy":"product_cat","embeddable":true,"href":"https:\/\/zamuletas.lt\/en\/wp-json\/wp\/v2\/product_cat?post=29840"},{"taxonomy":"product_tag","embeddable":true,"href":"https:\/\/zamuletas.lt\/en\/wp-json\/wp\/v2\/product_tag?post=29840"}],"curies":[{"name":"wp","href":"https:\/\/api.w.org\/{rel}","templated":true}]}}