{"id":29844,"date":"2025-12-02T12:04:29","date_gmt":"2025-12-02T10:04:29","guid":{"rendered":"https:\/\/zamuletas.lt\/?post_type=product&#038;p=29844"},"modified":"2026-02-24T14:06:21","modified_gmt":"2026-02-24T12:06:21","slug":"zalvario-zenkliukas-misku-princese-slanka","status":"publish","type":"product","link":"https:\/\/zamuletas.lt\/en\/produktas\/zalvario-zenkliukas-misku-princese-slanka\/","title":{"rendered":"\u017dalvarinis \u017eenkliukas: Mi\u0161k\u0173 princes\u0117 Slanka"},"content":{"rendered":"<h4 data-path-to-node=\"13\"><b>Mi\u0161ko elegancija: Slanka \u2013 dr\u0117gn\u0173j\u0173 mi\u0161k\u0173 princes\u0117<\/b><\/h4>\n<p data-path-to-node=\"14\">\u017dalvarinis \u017eenkliukas: Mi\u0161k\u0173 princes\u0117 Slanka. \u0160is rank\u0173 darbo \u017ealvarinis \u017eenkliukas yra subtilus ir eleganti\u0161kas aksesuaras, skirtas gamtos ir pauk\u0161\u010di\u0173 myl\u0117tojams. <b>Slanka<\/b> (Tilvikini\u0173 \u0161eimos pauk\u0161tis) \u2013 tai paslaptingas ir grak\u0161tus Lietuvos mi\u0161k\u0173 gyventojas. Jos \u012fvaizdis atspindi gamtos gro\u017e\u012f, ramyb\u0119 ir elegancij\u0105.<\/p>\n<h4 data-path-to-node=\"15\"><b>Detal\u0117s ir patogumas<\/b><\/h4>\n<ul data-path-to-node=\"16\">\n<li>\n<p data-path-to-node=\"16,0,0\"><b>Subtilumas:<\/b> d\u0117l <b>18 mm auk\u0161\u010dio<\/b> ir <b>3 g svorio<\/b> \u017eenkliukas puikiai tinka ne\u0161ioti ant \u0161varko atlapo, kepur\u0117s ar krep\u0161io, jo neapsunkindamas.<\/p>\n<\/li>\n<li>\n<p data-path-to-node=\"16,1,0\"><b>U\u017esegimas:<\/b> <strong>t<\/strong><b>virtai prisispaud\u017eiamas u\u017esegimas<\/b> u\u017etikrina patikim\u0105 tvirtinim\u0105.<\/p>\n<\/li>\n<li>\n<p data-path-to-node=\"16,2,0\"><b>Med\u017eiaga:<\/b> pagamintas i\u0161 autenti\u0161ko <b>\u017ealvario<\/b>.<\/p>\n<\/li>\n<\/ul>\n","protected":false},"excerpt":{"rendered":"<p>Rank\u0173 darbo \u017ealvarinis \u017eenkliukas, \u012fam\u017einantis grak\u0161\u010di\u0105j\u0105 <b>Slank\u0105<\/b> \u2013 dr\u0117gn\u0173j\u0173 mi\u0161k\u0173 \u201eprinces\u0119\u201c. \u0160is subtilus <b>18 mm auk\u0161\u010dio<\/b> \u017eenkliukas yra itin lengvas (<b>3 g<\/b>) ir puikiai tinka pabr\u0117\u017eti meil\u0119 Lietuvos gamtai bei subtiliai elegancijai. U\u017esegimas tvirtai prisispaud\u017eiamas. \u017dalvarinis \u017eenkliukas: Mi\u0161k\u0173 princes\u0117 Slanka.<img loading=\"lazy\" decoding=\"async\" class=\"aligncenter wp-image-29601 size-full\" src=\"https:\/\/zamuletas.lt\/wp-content\/uploads\/2025\/12\/Pagaminta-Lietuvoje-2.png\" alt=\"\" width=\"600\" height=\"200\" srcset=\"https:\/\/zamuletas.lt\/wp-content\/uploads\/2025\/12\/Pagaminta-Lietuvoje-2.png 600w, https:\/\/zamuletas.lt\/wp-content\/uploads\/2025\/12\/Pagaminta-Lietuvoje-2-430x143.png 430w, https:\/\/zamuletas.lt\/wp-content\/uploads\/2025\/12\/Pagaminta-Lietuvoje-2-150x50.png 150w, https:\/\/zamuletas.lt\/wp-content\/uploads\/2025\/12\/Pagaminta-Lietuvoje-2-400x133.png 400w\" sizes=\"auto, (max-width: 600px) 100vw, 600px\" \/><\/p>\n","protected":false},"featured_media":29846,"comment_status":"open","ping_status":"closed","template":"","meta":[],"product_brand":[],"product_cat":[81],"product_tag":[],"class_list":{"0":"post-29844","1":"product","2":"type-product","3":"status-publish","4":"has-post-thumbnail","6":"product_cat-zenkliukai","8":"first","9":"instock","10":"taxable","11":"shipping-taxable","12":"purchasable","13":"product-type-simple"},"_links":{"self":[{"href":"https:\/\/zamuletas.lt\/en\/wp-json\/wp\/v2\/product\/29844","targetHints":{"allow":["GET"]}}],"collection":[{"href":"https:\/\/zamuletas.lt\/en\/wp-json\/wp\/v2\/product"}],"about":[{"href":"https:\/\/zamuletas.lt\/en\/wp-json\/wp\/v2\/types\/product"}],"replies":[{"embeddable":true,"href":"https:\/\/zamuletas.lt\/en\/wp-json\/wp\/v2\/comments?post=29844"}],"version-history":[{"count":5,"href":"https:\/\/zamuletas.lt\/en\/wp-json\/wp\/v2\/product\/29844\/revisions"}],"predecessor-version":[{"id":30734,"href":"https:\/\/zamuletas.lt\/en\/wp-json\/wp\/v2\/product\/29844\/revisions\/30734"}],"wp:featuredmedia":[{"embeddable":true,"href":"https:\/\/zamuletas.lt\/en\/wp-json\/wp\/v2\/media\/29846"}],"wp:attachment":[{"href":"https:\/\/zamuletas.lt\/en\/wp-json\/wp\/v2\/media?parent=29844"}],"wp:term":[{"taxonomy":"product_brand","embeddable":true,"href":"https:\/\/zamuletas.lt\/en\/wp-json\/wp\/v2\/product_brand?post=29844"},{"taxonomy":"product_cat","embeddable":true,"href":"https:\/\/zamuletas.lt\/en\/wp-json\/wp\/v2\/product_cat?post=29844"},{"taxonomy":"product_tag","embeddable":true,"href":"https:\/\/zamuletas.lt\/en\/wp-json\/wp\/v2\/product_tag?post=29844"}],"curies":[{"name":"wp","href":"https:\/\/api.w.org\/{rel}","templated":true}]}}